{"id":50972,"date":"2026-02-25T11:51:59","date_gmt":"2026-02-25T08:51:59","guid":{"rendered":"https:\/\/soracamed.com\/vydavatelske-udaje\/"},"modified":"2026-03-15T17:48:44","modified_gmt":"2026-03-15T14:48:44","slug":"vydavatelske-udaje","status":"publish","type":"page","link":"https:\/\/soracamed.com\/cs\/vydavatelske-udaje\/","title":{"rendered":"Vydavatelsk\u00e9 \u00fadaje"},"content":{"rendered":"\n<p>Informace podle \u00a7 5 z\u00e1kona TMG (N\u011bmecko), \u00a7 55 RStV a po\u017eadavk\u016f EU na transparentnost.<\/p>\n\n<h2 class=\"wp-block-heading\"><strong>1. Provozovatel webov\u00fdch str\u00e1nek<\/strong><\/h2>\n\n<p>Soraca Med<\/p>\n\n<h2 class=\"wp-block-heading\"><strong>2. Obchodn\u00ed jm\u00e9no<\/strong><\/h2>\n\n<p>Soraca Med<br\/>P\u016fsob\u00ed v oblasti zprost\u0159edkov\u00e1n\u00ed zdravotn\u00ed turistiky a poskytov\u00e1n\u00ed slu\u017eeb estetick\u00e9 medic\u00edny.<\/p>\n\n<h2 class=\"wp-block-heading\"><strong>3. S\u00eddlo spole\u010dnosti \/ Obchodn\u00ed adresa<\/strong><\/h2>\n\n<p><a href=\"https:\/\/share.google\/oWNzjP4RDkPc7LRkJ\" rel=\"nofollow noopener\" target=\"_blank\">Ku\u015fkava\u011f\u0131, ul. 542, \u010d. 4\/B, 07070 Konyaalt\u0131 \/ Antalya, Turecko  <\/a><\/p>\n\n<h2 class=\"wp-block-heading\"><strong>4. Kontaktn\u00ed \u00fadaje<\/strong><\/h2>\n\n<p>E-mail: <a href=\"mailto:info@soracamed.com\">info@soracamed.com<\/a><br\/>Telefon: <a href=\"tel:+905070701026\">+90 507 070 10 26<\/a><br\/>Webov\u00e9 str\u00e1nky: <a href=\"https:\/\/soracamed.com\/cs\/\">https:\/\/soracamed.com<\/a><\/p>\n\n<h2 class=\"wp-block-heading\"><strong>5. Pr\u00e1vn\u00ed z\u00e1stupce \/ jednatel<\/strong><\/h2>\n\n<p>Murat Peker \u2013 kontaktn\u00ed osoba<\/p>\n\n<p>Mail:<a href=\"mailto:murat@soracamed.com\">murat@soracamed.com<\/a><br\/>Soraca Med<\/p>\n\n<h2 class=\"wp-block-heading\"><strong>6. Odpov\u011bdnost za obsah podle \u00a7 55 RStV<\/strong><\/h2>\n\n<p><a href=\"https:\/\/share.google\/oWNzjP4RDkPc7LRkJ\" rel=\"nofollow noopener\" target=\"_blank\">Soraca Med Ku\u015fkava\u011f\u0131, ul. 542, \u010d. 4\/B, 07070 Konyaalt\u0131 \/ Antalya, Turecko  <\/a><\/p>\n\n<h2 class=\"wp-block-heading\"><strong>7. Editor webov\u00fdch str\u00e1nek \/ Spr\u00e1vce obsahu<\/strong><\/h2>\n\n<p>Hasan Ali \u00d6zt\u00fcrk<br\/>E-mail: <a href=\"mailto:alihasan0616@gmail.com\">alihasan0616@gmail.com<\/a><\/p>\n\n<p>Odpov\u011bdn\u00fd za zve\u0159ej\u0148ov\u00e1n\u00ed, aktualizaci a spr\u00e1vu obsahu webov\u00fdch str\u00e1nek v souladu s p\u0159edpisy EU o transparentnosti.<\/p>\n\n<h2 class=\"wp-block-heading\"><strong>8. Regula\u010dn\u00ed \u00fa\u0159ad<\/strong><\/h2>\n\n<p>Ministerstvo zdravotnictv\u00ed Tureck\u00e9 republiky<br\/>Ve\u0161ker\u00e9 zdravotn\u00ed slu\u017eby jsou poskytov\u00e1ny v souladu s tureck\u00fdmi pr\u00e1vn\u00edmi p\u0159edpisy v oblasti zdravotnictv\u00ed a pod dohledem p\u0159\u00edslu\u0161n\u00fdch tureck\u00fdch zdravotnick\u00fdch org\u00e1n\u016f.<\/p>\n\n<h2 class=\"wp-block-heading\"><strong>9. Profesn\u00ed \u00fadaje<\/strong><\/h2>\n\n<p>Spole\u010dnost Soraca Med poskytuje slu\u017eby v oblasti zprost\u0159edkov\u00e1n\u00ed zdravotn\u00edho cestovn\u00edho ruchu a spolupracuje s opr\u00e1vn\u011bn\u00fdmi l\u00e9ka\u0159i a akreditovan\u00fdmi zdravotnick\u00fdmi za\u0159\u00edzen\u00edmi v Turecku.<\/p>\n\n<p>V\u0161echny l\u00e9ka\u0159sk\u00e9 z\u00e1kroky prov\u00e1d\u011bj\u00ed certifikovan\u00ed a z\u00e1konem opr\u00e1vn\u011bn\u00ed zdravotni\u010dt\u00ed pracovn\u00edci v souladu s platn\u00fdmi tureck\u00fdmi zdravotnick\u00fdmi z\u00e1kony a profesn\u00edmi p\u0159edpisy.<\/p>\n\n<p>V Tureck\u00e9 republice se ud\u011bluj\u00ed profesn\u00ed tituly.<\/p>\n\n<h2 class=\"wp-block-heading\"><strong>10. Rozsah slu\u017eeb<\/strong><\/h2>\n\n<p>Tato webov\u00e1 str\u00e1nka poskytuje informace o mo\u017enostech estetick\u00fdch a l\u00e9ka\u0159sk\u00fdch z\u00e1krok\u016f dostupn\u00fdch v Turecku.<br\/>Individu\u00e1ln\u00ed l\u00e9\u010debn\u00e9 pl\u00e1ny, ceny a l\u00e9ka\u0159sk\u00e1 rozhodnut\u00ed se stanovuj\u00ed a\u017e po osobn\u00edm l\u00e9ka\u0159sk\u00e9m vy\u0161et\u0159en\u00ed a konzultaci.<\/p>\n\n<h2 class=\"wp-block-heading\"><strong>11. Prohl\u00e1\u0161en\u00ed o vylou\u010den\u00ed odpov\u011bdnosti \u2013 L\u00e9ka\u0159sk\u00e9 informace<\/strong><\/h2>\n\n<p>Obsah zve\u0159ejn\u011bn\u00fd na t\u011bchto webov\u00fdch str\u00e1nk\u00e1ch slou\u017e\u00ed pouze pro obecn\u00e9 informa\u010dn\u00ed \u00fa\u010dely a nep\u0159edstavuje l\u00e9ka\u0159skou radu, diagn\u00f3zu ani doporu\u010den\u00ed ohledn\u011b l\u00e9\u010dby.<\/p>\n\n<p>N\u00e1v\u0161t\u011bvn\u00edci by se p\u0159i p\u0159ij\u00edm\u00e1n\u00ed rozhodnut\u00ed t\u00fdkaj\u00edc\u00edch se zdrav\u00ed nem\u011bli spol\u00e9hat v\u00fdhradn\u011b na informace uveden\u00e9 na t\u011bchto webov\u00fdch str\u00e1nk\u00e1ch. Je nezbytn\u00e1 p\u0159\u00edm\u00e1 konzultace s kvalifikovan\u00fdm zdravotnick\u00fdm pracovn\u00edkem. <\/p>\n\n<h2 class=\"wp-block-heading\"><strong>12. Odpov\u011bdnost za obsah<\/strong><\/h2>\n\n<p>Jako poskytovatel slu\u017eeb neseme podle obecn\u011b platn\u00fdch pr\u00e1vn\u00edch p\u0159edpis\u016f odpov\u011bdnost za vlastn\u00ed obsah na t\u011bchto str\u00e1nk\u00e1ch.<br\/>Nejsme v\u0161ak povinni sledovat p\u0159en\u00e1\u0161en\u00e9 nebo ulo\u017een\u00e9 informace t\u0159et\u00edch stran ani vy\u0161et\u0159ovat okolnosti, kter\u00e9 nazna\u010duj\u00ed protipr\u00e1vn\u00ed \u010dinnost.<\/p>\n\n<p>N\u00e1roky na n\u00e1hradu \u0161kody, a\u0165 u\u017e hmotn\u00e9 \u010di nehmotn\u00e9, zp\u016fsoben\u00e9 pou\u017eit\u00edm nebo nepou\u017eit\u00edm poskytnut\u00fdch informac\u00ed, jsou vylou\u010deny, leda\u017ee by bylo prok\u00e1z\u00e1no \u00famysln\u00e9 jedn\u00e1n\u00ed nebo hrub\u00e1 nedbalost.<\/p>\n\n<h2 class=\"wp-block-heading\"><strong>13. Odpov\u011bdnost za extern\u00ed odkazy<\/strong><\/h2>\n\n<p>Na\u0161e webov\u00e9 str\u00e1nky mohou obsahovat odkazy na extern\u00ed webov\u00e9 str\u00e1nky t\u0159et\u00edch stran, nad jejich\u017e obsahem nem\u00e1me \u017e\u00e1dnou kontrolu.<\/p>\n\n<p>Proto nem\u016f\u017eeme za takov\u00fd extern\u00ed obsah n\u00e9st \u017e\u00e1dnou odpov\u011bdnost. Za obsah odkazovan\u00fdch webov\u00fdch str\u00e1nek je v\u017edy odpov\u011bdn\u00fd p\u0159\u00edslu\u0161n\u00fd poskytovatel nebo provozovatel t\u011bchto str\u00e1nek. <\/p>\n\n<h2 class=\"wp-block-heading\"><strong>14. Du\u0161evn\u00ed vlastnictv\u00ed \/ Autorsk\u00e1 pr\u00e1va<\/strong><\/h2>\n\n<p>Ve\u0161ker\u00e9 texty, obr\u00e1zky, grafika, loga, designov\u00e9 prvky a dal\u0161\u00ed obsah zve\u0159ejn\u011bn\u00fd na t\u011bchto webov\u00fdch str\u00e1nk\u00e1ch jsou chr\u00e1n\u011bny mezin\u00e1rodn\u00edmi autorsk\u00fdmi pr\u00e1vy.<\/p>\n\n<p>Jak\u00e9koli rozmno\u017eov\u00e1n\u00ed, \u00fapravy, \u0161\u00ed\u0159en\u00ed nebo pou\u017eit\u00ed nad r\u00e1mec autorsk\u00e9ho pr\u00e1va vy\u017eaduje p\u0159edchoz\u00ed p\u00edsemn\u00fd souhlas spole\u010dnosti Soraca Med.<\/p>\n\n<h2 class=\"wp-block-heading\"><strong>15. \u0158e\u0161en\u00ed spor\u016f online (ODR)<\/strong><\/h2>\n\n<p>Evropsk\u00e1 komise provozuje platformu pro \u0159e\u0161en\u00ed spor\u016f online (ODR):<br\/><a href=\"https:\/\/ec.europa.eu\/consumers\/odr\/\" rel=\"nofollow noopener\" target=\"_blank\">https:\/\/ec.europa.eu\/consumers\/odr\/<\/a><\/p>\n\n<p>Nejsme povinni ani ochotni \u00fa\u010dastnit se \u0159\u00edzen\u00ed o \u0159e\u0161en\u00ed spor\u016f p\u0159ed spot\u0159ebitelskou rozhod\u010d\u00ed komis\u00ed.<\/p>\n\n<h2 class=\"wp-block-heading\"><strong>16. Rozhodn\u00e9 pr\u00e1vo<\/strong><\/h2>\n\n<p>Tato webov\u00e1 str\u00e1nka a jej\u00ed slu\u017eby se \u0159\u00edd\u00ed pr\u00e1vn\u00edmi p\u0159edpisy Tureck\u00e9 republiky.<\/p>\n","protected":false},"excerpt":{"rendered":"<p>Informace podle \u00a7 5 z\u00e1kona TMG (N\u011bmecko), \u00a7 55 RStV a po\u017eadavk\u016f EU na transparentnost. 1. Provozovatel webov\u00fdch str\u00e1nek Soraca Med 2. Obchodn\u00ed jm\u00e9no Soraca MedP\u016fsob\u00ed v oblasti zprost\u0159edkov\u00e1n\u00ed zdravotn\u00ed turistiky a poskytov\u00e1n\u00ed slu\u017eeb estetick\u00e9 medic\u00edny. 3. S\u00eddlo spole\u010dnosti \/ Obchodn\u00ed adresa Ku\u015fkava\u011f\u0131, ul. 542, \u010d. 4\/B, 07070 Konyaalt\u0131 \/ Antalya, Turecko 4. Kontaktn\u00ed \u00fadaje [&hellip;]<\/p>\n","protected":false},"author":8,"featured_media":0,"parent":0,"menu_order":0,"comment_status":"closed","ping_status":"closed","template":"","meta":{"_acf_changed":false,"site-sidebar-layout":"default","site-content-layout":"","ast-site-content-layout":"default","site-content-style":"default","site-sidebar-style":"default","ast-global-header-display":"","ast-banner-title-visibility":"","ast-main-header-display":"","ast-hfb-above-header-display":"","ast-hfb-below-header-display":"","ast-hfb-mobile-header-display":"","site-post-title":"","ast-breadcrumbs-content":"","ast-featured-img":"","footer-sml-layout":"","ast-disable-related-posts":"","theme-transparent-header-meta":"","adv-header-id-meta":"","stick-header-meta":"","header-above-stick-meta":"","header-main-stick-meta":"","header-below-stick-meta":"","astra-migrate-meta-layouts":"default","ast-page-background-enabled":"default","ast-page-background-meta":{"desktop":{"background-color":"","background-image":"","background-repeat":"repeat","background-position":"center center","background-size":"auto","background-attachment":"scroll","background-type":"","background-media":"","overlay-type":"","overlay-color":"","overlay-opacity":"","overlay-gradient":""},"tablet":{"background-color":"","background-image":"","background-repeat":"repeat","background-position":"center center","background-size":"auto","background-attachment":"scroll","background-type":"","background-media":"","overlay-type":"","overlay-color":"","overlay-opacity":"","overlay-gradient":""},"mobile":{"background-color":"","background-image":"","background-repeat":"repeat","background-position":"center center","background-size":"auto","background-attachment":"scroll","background-type":"","background-media":"","overlay-type":"","overlay-color":"","overlay-opacity":"","overlay-gradient":""}},"ast-content-background-meta":{"desktop":{"background-color":"var(--ast-global-color-5)","background-image":"","background-repeat":"repeat","background-position":"center center","background-size":"auto","background-attachment":"scroll","background-type":"","background-media":"","overlay-type":"","overlay-color":"","overlay-opacity":"","overlay-gradient":""},"tablet":{"background-color":"var(--ast-global-color-5)","background-image":"","background-repeat":"repeat","background-position":"center center","background-size":"auto","background-attachment":"scroll","background-type":"","background-media":"","overlay-type":"","overlay-color":"","overlay-opacity":"","overlay-gradient":""},"mobile":{"background-color":"var(--ast-global-color-5)","background-image":"","background-repeat":"repeat","background-position":"center center","background-size":"auto","background-attachment":"scroll","background-type":"","background-media":"","overlay-type":"","overlay-color":"","overlay-opacity":"","overlay-gradient":""}},"footnotes":""},"class_list":["post-50972","page","type-page","status-publish","hentry"],"acf":[],"_links":{"self":[{"href":"https:\/\/soracamed.com\/cs\/wp-json\/wp\/v2\/pages\/50972","targetHints":{"allow":["GET"]}}],"collection":[{"href":"https:\/\/soracamed.com\/cs\/wp-json\/wp\/v2\/pages"}],"about":[{"href":"https:\/\/soracamed.com\/cs\/wp-json\/wp\/v2\/types\/page"}],"author":[{"embeddable":true,"href":"https:\/\/soracamed.com\/cs\/wp-json\/wp\/v2\/users\/8"}],"replies":[{"embeddable":true,"href":"https:\/\/soracamed.com\/cs\/wp-json\/wp\/v2\/comments?post=50972"}],"version-history":[{"count":0,"href":"https:\/\/soracamed.com\/cs\/wp-json\/wp\/v2\/pages\/50972\/revisions"}],"wp:attachment":[{"href":"https:\/\/soracamed.com\/cs\/wp-json\/wp\/v2\/media?parent=50972"}],"curies":[{"name":"wp","href":"https:\/\/api.w.org\/{rel}","templated":true}]}}