{"id":52446,"date":"2026-02-25T11:51:59","date_gmt":"2026-02-25T08:51:59","guid":{"rendered":"https:\/\/soracamed.com\/impressum\/"},"modified":"2026-03-23T17:54:59","modified_gmt":"2026-03-23T14:54:59","slug":"impressum","status":"publish","type":"page","link":"https:\/\/soracamed.com\/da\/impressum\/","title":{"rendered":"Impressum"},"content":{"rendered":"\n<p>Oplysninger i henhold til \u00a7 5 i den tyske telemedielov (TMG), \u00a7 55 i den tyske radio- og tv-lov (RStV) samt EU\u2019s krav om gennemsigtighed.<\/p>\n\n<h2 class=\"wp-block-heading\"><strong>1. Webstedsoperat\u00f8r<\/strong><\/h2>\n\n<p>Soraca Med<\/p>\n\n<h2 class=\"wp-block-heading\"><strong>2. Registreret firmanavn<\/strong><\/h2>\n\n<p>Soraca Med<br\/>Virksomhed inden for koordinering af medicinsk turisme og \u00e6stetiske medicinske ydelser.<\/p>\n\n<h2 class=\"wp-block-heading\"><strong>3. Hovedkontor \/ forretningsadresse<\/strong><\/h2>\n\n<p><a href=\"https:\/\/share.google\/oWNzjP4RDkPc7LRkJ\" rel=\"nofollow noopener\" target=\"_blank\">Ku\u015fkava\u011f\u0131, 542. Sk. No:4\/B 07070 Konyaalt\u0131 \/ Antalya Tyrkiet  <\/a><\/p>\n\n<h2 class=\"wp-block-heading\"><strong>4. Kontaktoplysninger<\/strong><\/h2>\n\n<p>E-mail: <a href=\"mailto:info@soracamed.com\">info@soracamed.com<\/a><br\/>Telefon: <a href=\"tel:+905070701026\">+90 507 070 10 26<\/a><br\/>Hjemmeside: <a href=\"https:\/\/soracamed.com\/da\/\">https:\/\/soracamed.com<\/a><\/p>\n\n<h2 class=\"wp-block-heading\"><strong>5. Juridisk repr\u00e6sentant \/ Administrerende direkt\u00f8r<\/strong><\/h2>\n\n<p>Murat Peker \u2013 Kontaktperson<\/p>\n\n<p>E-mail:<a href=\"mailto:murat@soracamed.com\">murat@soracamed.com<\/a><br\/>Soraca Med<\/p>\n\n<h2 class=\"wp-block-heading\"><strong>6. Ansvarlig for indholdet i henhold til \u00a7 55 i RStV<\/strong><\/h2>\n\n<p><a href=\"https:\/\/share.google\/oWNzjP4RDkPc7LRkJ\" rel=\"nofollow noopener\" target=\"_blank\">Soraca Med Ku\u015fkava\u011f\u0131, 542. Sk. No:4\/B 07070 Konyaalt\u0131 \/ Antalya Tyrkiet  <\/a><\/p>\n\n<h2 class=\"wp-block-heading\"><strong>7. Webredakt\u00f8r \/ Indholdsadministrator<\/strong><\/h2>\n\n<p>Hasan Ali \u00d6zt\u00fcrk<br\/>E-mail: <a href=\"mailto:alihasan0616@gmail.com\">alihasan0616@gmail.com<\/a><\/p>\n\n<p>Ansvarlig for at offentligg\u00f8re, opdatere og administrere indholdet p\u00e5 hjemmesiden i overensstemmelse med EU&#8217;s regler om gennemsigtighed.<\/p>\n\n<h2 class=\"wp-block-heading\"><strong>8. Tilsynsmyndighed<\/strong><\/h2>\n\n<p>Sundhedsministeriet i Republikken Tyrkiet<br\/>Alle sundhedsydelser leveres i overensstemmelse med den tyrkiske sundhedslovgivning og under tilsyn af de kompetente tyrkiske sundhedsmyndigheder.<\/p>\n\n<h2 class=\"wp-block-heading\"><strong>9. Faglige oplysninger<\/strong><\/h2>\n\n<p>Soraca Med fungerer som en koordinerende tjeneste inden for medicinsk turisme og samarbejder med autoriserede l\u00e6ger og godkendte sundhedsinstitutioner i Tyrkiet.<\/p>\n\n<p>Alle medicinske indgreb udf\u00f8res af certificerede og lovligt autoriserede sundhedspersoner i overensstemmelse med g\u00e6ldende tyrkisk lovgivning p\u00e5 sundhedsomr\u00e5det og faglige retningslinjer.<\/p>\n\n<p>Erhvervstitler tildeles i Republikken Tyrkiet.<\/p>\n\n<h2 class=\"wp-block-heading\"><strong>10. Tjenesteydelsernes omfang<\/strong><\/h2>\n\n<p>Hjemmesiden indeholder oplysninger om de \u00e6stetiske og medicinske behandlingsmuligheder, der findes i Tyrkiet.<br\/>Individuelle behandlingsplaner, priser og medicinske beslutninger fastl\u00e6gges f\u00f8rst efter en personlig medicinsk vurdering og konsultation.<\/p>\n\n<h2 class=\"wp-block-heading\"><strong>11. Ansvarsfraskrivelse \u2013 Medicinske oplysninger<\/strong><\/h2>\n\n<p>Indholdet p\u00e5 denne hjemmeside er udelukkende beregnet til generel information og udg\u00f8r ikke l\u00e6gelig r\u00e5dgivning, diagnose eller anbefalinger til behandling.<\/p>\n\n<p>Bes\u00f8gende b\u00f8r ikke udelukkende basere deres medicinske beslutninger p\u00e5 oplysninger fra hjemmesiden. Det er n\u00f8dvendigt at konsultere en kvalificeret sundhedsperson. <\/p>\n\n<h2 class=\"wp-block-heading\"><strong>12. Ansvar for indhold<\/strong><\/h2>\n\n<p>Som tjenesteudbyder er vi i henhold til g\u00e6ldende lovgivning ansvarlige for vores eget indhold p\u00e5 disse sider.<br\/>Vi er dog ikke forpligtet til at overv\u00e5ge oplysninger fra tredjeparter, der overf\u00f8res eller lagres, eller til at unders\u00f8ge forhold, der tyder p\u00e5 ulovlig aktivitet.<\/p>\n\n<p>Erstatningskrav vedr\u00f8rende materielle eller immaterielle skader, der skyldes brugen eller manglende brug af de leverede oplysninger, er udelukket, medmindre der foreligger bevis for fors\u00e6t eller grov uagtsomhed.<\/p>\n\n<h2 class=\"wp-block-heading\"><strong>13. Ansvar for eksterne links<\/strong><\/h2>\n\n<p>Vores hjemmeside kan indeholde links til eksterne tredjepartswebsteder, hvis indhold vi ikke har nogen kontrol over.<\/p>\n\n<p>Vi kan derfor ikke p\u00e5tage os noget ansvar for s\u00e5dant eksternt indhold. Det er altid den p\u00e5g\u00e6ldende udbyder eller operat\u00f8r af de linkede hjemmesider, der er ansvarlig for indholdet herp\u00e5. <\/p>\n\n<h2 class=\"wp-block-heading\"><strong>14. Intellektuel ejendomsret \/ Ophavsret<\/strong><\/h2>\n\n<p>Alle tekster, billeder, grafik, logoer, designelementer og andet indhold, der offentligg\u00f8res p\u00e5 dette websted, er beskyttet af internationale ophavsretslove.<\/p>\n\n<p>Enhver formering, redigering, distribution eller anvendelse, der g\u00e5r ud over ophavsrettens rammer, kr\u00e6ver forudg\u00e5ende skriftlig tilladelse fra Soraca Med.<\/p>\n\n<h2 class=\"wp-block-heading\"><strong>15. Online tvistbil\u00e6ggelse (ODR)<\/strong><\/h2>\n\n<p>Europa-Kommissionen stiller en platform til r\u00e5dighed for online tvistbil\u00e6ggelse (ODR):<br\/><a href=\"https:\/\/ec.europa.eu\/consumers\/odr\/\" rel=\"nofollow noopener\" target=\"_blank\">https:\/\/ec.europa.eu\/consumers\/odr\/<\/a><\/p>\n\n<p>Vi er hverken forpligtet til eller villige til at deltage i tvistbil\u00e6ggelsesprocedurer ved en forbrugervoldgiftsret.<\/p>\n\n<h2 class=\"wp-block-heading\"><strong>16. G\u00e6ldende lovgivning<\/strong><\/h2>\n\n<p>Denne hjemmeside og dens tjenester er underlagt lovgivningen i Republikken Tyrkiet.<\/p>\n","protected":false},"excerpt":{"rendered":"<p>Oplysninger i henhold til \u00a7 5 i den tyske telemedielov (TMG), \u00a7 55 i den tyske radio- og tv-lov (RStV) samt EU\u2019s krav om gennemsigtighed. 1. Webstedsoperat\u00f8r Soraca Med 2. Registreret firmanavn Soraca MedVirksomhed inden for koordinering af medicinsk turisme og \u00e6stetiske medicinske ydelser. 3. Hovedkontor \/ forretningsadresse Ku\u015fkava\u011f\u0131, 542. Sk. No:4\/B 07070 Konyaalt\u0131 \/ [&hellip;]<\/p>\n","protected":false},"author":8,"featured_media":0,"parent":0,"menu_order":0,"comment_status":"closed","ping_status":"closed","template":"","meta":{"_acf_changed":false,"site-sidebar-layout":"default","site-content-layout":"","ast-site-content-layout":"default","site-content-style":"default","site-sidebar-style":"default","ast-global-header-display":"","ast-banner-title-visibility":"","ast-main-header-display":"","ast-hfb-above-header-display":"","ast-hfb-below-header-display":"","ast-hfb-mobile-header-display":"","site-post-title":"","ast-breadcrumbs-content":"","ast-featured-img":"","footer-sml-layout":"","ast-disable-related-posts":"","theme-transparent-header-meta":"","adv-header-id-meta":"","stick-header-meta":"","header-above-stick-meta":"","header-main-stick-meta":"","header-below-stick-meta":"","astra-migrate-meta-layouts":"default","ast-page-background-enabled":"default","ast-page-background-meta":{"desktop":{"background-color":"","background-image":"","background-repeat":"repeat","background-position":"center center","background-size":"auto","background-attachment":"scroll","background-type":"","background-media":"","overlay-type":"","overlay-color":"","overlay-opacity":"","overlay-gradient":""},"tablet":{"background-color":"","background-image":"","background-repeat":"repeat","background-position":"center center","background-size":"auto","background-attachment":"scroll","background-type":"","background-media":"","overlay-type":"","overlay-color":"","overlay-opacity":"","overlay-gradient":""},"mobile":{"background-color":"","background-image":"","background-repeat":"repeat","background-position":"center center","background-size":"auto","background-attachment":"scroll","background-type":"","background-media":"","overlay-type":"","overlay-color":"","overlay-opacity":"","overlay-gradient":""}},"ast-content-background-meta":{"desktop":{"background-color":"var(--ast-global-color-5)","background-image":"","background-repeat":"repeat","background-position":"center center","background-size":"auto","background-attachment":"scroll","background-type":"","background-media":"","overlay-type":"","overlay-color":"","overlay-opacity":"","overlay-gradient":""},"tablet":{"background-color":"var(--ast-global-color-5)","background-image":"","background-repeat":"repeat","background-position":"center center","background-size":"auto","background-attachment":"scroll","background-type":"","background-media":"","overlay-type":"","overlay-color":"","overlay-opacity":"","overlay-gradient":""},"mobile":{"background-color":"var(--ast-global-color-5)","background-image":"","background-repeat":"repeat","background-position":"center center","background-size":"auto","background-attachment":"scroll","background-type":"","background-media":"","overlay-type":"","overlay-color":"","overlay-opacity":"","overlay-gradient":""}},"footnotes":""},"class_list":["post-52446","page","type-page","status-publish","hentry"],"acf":[],"_links":{"self":[{"href":"https:\/\/soracamed.com\/da\/wp-json\/wp\/v2\/pages\/52446","targetHints":{"allow":["GET"]}}],"collection":[{"href":"https:\/\/soracamed.com\/da\/wp-json\/wp\/v2\/pages"}],"about":[{"href":"https:\/\/soracamed.com\/da\/wp-json\/wp\/v2\/types\/page"}],"author":[{"embeddable":true,"href":"https:\/\/soracamed.com\/da\/wp-json\/wp\/v2\/users\/8"}],"replies":[{"embeddable":true,"href":"https:\/\/soracamed.com\/da\/wp-json\/wp\/v2\/comments?post=52446"}],"version-history":[{"count":1,"href":"https:\/\/soracamed.com\/da\/wp-json\/wp\/v2\/pages\/52446\/revisions"}],"predecessor-version":[{"id":52460,"href":"https:\/\/soracamed.com\/da\/wp-json\/wp\/v2\/pages\/52446\/revisions\/52460"}],"wp:attachment":[{"href":"https:\/\/soracamed.com\/da\/wp-json\/wp\/v2\/media?parent=52446"}],"curies":[{"name":"wp","href":"https:\/\/api.w.org\/{rel}","templated":true}]}}