{"id":43998,"date":"2023-08-25T23:56:39","date_gmt":"2023-08-25T20:56:39","guid":{"rendered":"https:\/\/soracamed.com\/politica-de-privacidad\/"},"modified":"2026-03-23T16:24:41","modified_gmt":"2026-03-23T13:24:41","slug":"politica-de-privacidad","status":"publish","type":"page","link":"https:\/\/soracamed.com\/es\/politica-de-privacidad\/","title":{"rendered":"Pol\u00edtica de privacidad"},"content":{"rendered":"\n<p><strong>Fecha de entrada en vigor:<\/strong> 25 de febrero de 2026<\/p>\n\n<h2 class=\"wp-block-heading\"><strong>1. Informaci\u00f3n sobre el responsable del tratamiento<\/strong><\/h2>\n\n<p>De conformidad con la Ley turca de protecci\u00f3n de datos personales n.\u00ba 6698 (\u00abKVKK\u00bb) y el Reglamento General de Protecci\u00f3n de Datos (\u00abRGPD\u00bb), sus datos personales son tratados por:<\/p>\n\n<p><strong>Nombre de la empresa:<\/strong> Soraca Med<br\/><strong>Domicilio social: <\/strong> Ku\u015fkava\u011f\u0131, 542. Sk. No:4\/B, 07070 Konyaalt\u0131 \/ Antalya, Turqu\u00eda  <br\/><strong>Correo electr\u00f3nico:<\/strong> info@soracamed.com<br\/><strong>Tel\u00e9fono:<\/strong> +90 507 070 10 26<br\/><strong>Responsable del tratamiento de datos:<\/strong> Soraca Med Management<\/p>\n\n<p>Soraca Med act\u00faa como \u00abresponsable del tratamiento\u00bb en el sentido del art\u00edculo 4, apartado 7, del RGPD y del art\u00edculo 3 de la KVKK.<\/p>\n\n<h2 class=\"wp-block-heading\"><strong>2. Fundamento jur\u00eddico para el tratamiento de datos personales<\/strong><\/h2>\n\n<p>Sus datos personales se tratan de conformidad con:<\/p>\n\n<ul class=\"wp-block-list\">\n<li><strong>Art\u00edculo 6 del RGPD<\/strong><\/li>\n\n\n\n<li><strong>Art\u00edculo 9 del RGPD (Categor\u00edas especiales de datos)<\/strong><\/li>\n\n\n\n<li><strong>Art\u00edculos 5 y 6 de la KVKK<\/strong><\/li>\n<\/ul>\n\n<p><strong>Las bases jur\u00eddicas incluyen:<\/strong><\/p>\n\n<ul class=\"wp-block-list\">\n<li>Consentimiento expreso<\/li>\n\n\n\n<li>Cumplimiento de un contrato o medidas precontractuales<\/li>\n\n\n\n<li>Cumplimiento de las obligaciones legales<\/li>\n\n\n\n<li>Intereses leg\u00edtimos de la cl\u00ednica<\/li>\n\n\n\n<li>Protecci\u00f3n de los intereses vitales<\/li>\n\n\n\n<li>Tratamiento de datos de salud con fines de diagn\u00f3stico y tratamiento m\u00e9dicos (art\u00edculo 9, apartado 2, letra h), del RGPD y disposiciones de la KVKK relativas a los datos de salud)<\/li>\n<\/ul>\n\n<h2 class=\"wp-block-heading\"><strong>3. Categor\u00edas de datos personales recopilados<\/strong><\/h2>\n\n<p><strong>3.1 Datos de identidad<\/strong><\/p>\n\n<ul class=\"wp-block-list\">\n<li>Nombre y apellidos<\/li>\n\n\n\n<li>Datos del pasaporte (si son necesarios para los servicios de turismo de salud)<\/li>\n<\/ul>\n\n<p><strong>3.2 Datos de contacto<\/strong><\/p>\n\n<ul class=\"wp-block-list\">\n<li>N\u00famero de tel\u00e9fono<\/li>\n\n\n\n<li>Direcci\u00f3n de correo electr\u00f3nico<\/li>\n\n\n\n<li>Datos de contacto de WhatsApp<\/li>\n<\/ul>\n\n<p><strong>3.3 Datos sobre la salud (datos de categor\u00edas especiales)<\/strong><\/p>\n\n<ul class=\"wp-block-list\">\n<li>Historial m\u00e9dico<\/li>\n\n\n\n<li>Informaci\u00f3n sobre el tratamiento<\/li>\n\n\n\n<li>Historiales de diagn\u00f3stico<\/li>\n\n\n\n<li>Fotograf\u00edas del antes y el despu\u00e9s (con consentimiento expreso)<\/li>\n<\/ul>\n\n<p><strong>3.4 Datos t\u00e9cnicos<\/strong><\/p>\n\n<ul class=\"wp-block-list\">\n<li>Direcci\u00f3n IP<\/li>\n\n\n\n<li>Tipo de navegador<\/li>\n\n\n\n<li>Informaci\u00f3n del dispositivo<\/li>\n\n\n\n<li>Fecha de la cookie<\/li>\n<\/ul>\n\n<p><strong>3.5 Datos de marketing<\/strong><\/p>\n\n<ul class=\"wp-block-list\">\n<li>Env\u00edos a trav\u00e9s del formulario de contacto<\/li>\n\n\n\n<li>Datos sobre la interacci\u00f3n con la publicidad<\/li>\n\n\n\n<li>An\u00e1lisis de campa\u00f1as<\/li>\n<\/ul>\n\n<p>Los datos sanitarios se tratan como una categor\u00eda especial de datos personales y est\u00e1n sujetos a una protecci\u00f3n reforzada.<\/p>\n\n<h2 class=\"wp-block-heading\"><strong>4. M\u00e9todos de recopilaci\u00f3n de datos<\/strong><\/h2>\n\n<p>Sus datos personales pueden recopilarse a trav\u00e9s de:<\/p>\n\n<ul class=\"wp-block-list\">\n<li>Formularios de contacto de sitios web<\/li>\n\n\n\n<li>Comunicaci\u00f3n por WhatsApp<\/li>\n\n\n\n<li>Correspondencia por correo electr\u00f3nico<\/li>\n\n\n\n<li>Llamadas telef\u00f3nicas<\/li>\n\n\n\n<li>Consultas en l\u00ednea<\/li>\n\n\n\n<li>Plataformas de redes sociales<\/li>\n\n\n\n<li>Cookies y tecnolog\u00edas de seguimiento (a trav\u00e9s del sistema de gesti\u00f3n del consentimiento de Cookiyes)<\/li>\n<\/ul>\n\n<h2 class=\"wp-block-heading\"><strong>5. Finalidad del tratamiento de datos personales<\/strong><\/h2>\n\n<p>Los datos personales se tratan con los siguientes fines:<\/p>\n\n<ul class=\"wp-block-list\">\n<li>Ofrecer consultas m\u00e9dicas<\/li>\n\n\n\n<li>Planificaci\u00f3n y evaluaci\u00f3n del tratamiento<\/li>\n\n\n\n<li>Programaci\u00f3n de citas<\/li>\n\n\n\n<li>Servicios de coordinaci\u00f3n de turismo de salud<\/li>\n\n\n\n<li>Cumplimiento normativo y legal<\/li>\n\n\n\n<li>Mejorar la funcionalidad del sitio web y la experiencia del usuario<\/li>\n\n\n\n<li>Actividades de marketing y publicidad (solo con consentimiento expreso)<\/li>\n\n\n\n<li>Seguimiento del paciente tras el tratamiento<\/li>\n<\/ul>\n\n<h2 class=\"wp-block-heading\"><strong>6. Tratamiento de datos de car\u00e1cter sanitario (datos de categor\u00edas especiales)<\/strong><\/h2>\n\n<p>Los datos relacionados con la salud son:<\/p>\n\n<ul class=\"wp-block-list\">\n<li>Tratados \u00fanicamente con consentimiento expreso o de conformidad con la normativa m\u00e9dica aplicable<\/li>\n\n\n\n<li>Destinado exclusivamente al diagn\u00f3stico m\u00e9dico, el tratamiento y los servicios sanitarios<\/li>\n\n\n\n<li>Tratado con arreglo a las obligaciones de confidencialidad profesional<\/li>\n\n\n\n<li>Almacenados mediante medidas de seguridad t\u00e9cnicas y organizativas reforzadas<\/li>\n<\/ul>\n\n<h2 class=\"wp-block-heading\"><strong>7. Intercambio de datos y transferencias internacionales<\/strong><\/h2>\n\n<p><strong>7.1 Proveedores de servicios externos<\/strong><\/p>\n\n<p>Sus datos pueden compartirse con:<\/p>\n\n<ul class=\"wp-block-list\">\n<li>Proveedores de infraestructura inform\u00e1tica<\/li>\n\n\n\n<li>Proveedores de alojamiento web<\/li>\n\n\n\n<li>Sistemas CRM<\/li>\n\n\n\n<li>Plataformas publicitarias (como Meta y Google)<\/li>\n\n\n\n<li>Proveedores de servicios de an\u00e1lisis<\/li>\n\n\n\n<li>Las autoridades judiciales o reguladoras, cuando as\u00ed lo exija la ley<\/li>\n<\/ul>\n\n<p>Todos los proveedores externos est\u00e1n obligados por contrato a garantizar el cumplimiento de la normativa en materia de protecci\u00f3n de datos.<\/p>\n\n<p><strong>7.2 Transferencias internacionales de datos<\/strong><\/p>\n\n<p>Cuando los datos personales se transfieren fuera del Espacio Econ\u00f3mico Europeo (EEE), se aplican las garant\u00edas adecuadas, entre las que se incluyen:<\/p>\n\n<ul class=\"wp-block-list\">\n<li>Cl\u00e1usulas contractuales tipo (CCT)<\/li>\n\n\n\n<li>Decisiones de adecuaci\u00f3n dictadas por la Comisi\u00f3n Europea<\/li>\n\n\n\n<li>Medidas de seguridad t\u00e9cnicas y contractuales adicionales<\/li>\n<\/ul>\n\n<h2 class=\"wp-block-heading\"><strong>8. Plazo de conservaci\u00f3n de los datos<\/strong><\/h2>\n\n<p>Los datos personales se conservan:<\/p>\n\n<ul class=\"wp-block-list\">\n<li>De conformidad con las obligaciones legales de conservaci\u00f3n de datos aplicables<\/li>\n\n\n\n<li>En lo que respecta a los plazos de conservaci\u00f3n de los historiales m\u00e9dicos exigidos por la normativa sanitaria turca<\/li>\n\n\n\n<li>Hasta la retirada de la autorizaci\u00f3n de comercializaci\u00f3n (si procede)<\/li>\n\n\n\n<li>Hasta que se haya cumplido la finalidad del tratamiento<\/li>\n<\/ul>\n\n<p>Al finalizar el periodo de conservaci\u00f3n, los datos se eliminan de forma segura, se anonimizan o se destruyen.<\/p>\n\n<h2 class=\"wp-block-heading\"><strong>9. Medidas de seguridad de los datos<\/strong><\/h2>\n\n<p>Soraca Med aplica las medidas t\u00e9cnicas y organizativas adecuadas, entre las que se incluyen:<\/p>\n\n<ul class=\"wp-block-list\">\n<li>Cifrado SSL<\/li>\n\n\n\n<li>Infraestructura de alojamiento segura<\/li>\n\n\n\n<li>Acceso restringido a los datos personales<\/li>\n\n\n\n<li>Controles internos de autorizaci\u00f3n<\/li>\n\n\n\n<li>Protocolos de protecci\u00f3n de datos sanitarios<\/li>\n\n\n\n<li>Supervisi\u00f3n peri\u00f3dica del sistema<\/li>\n<\/ul>\n\n<h2 class=\"wp-block-heading\"><strong>10. Derechos de los interesados<\/strong><\/h2>\n\n<p><strong>En virtud del RGPD (art\u00edculos 15 a 22), tiene derecho a:<\/strong><\/p>\n\n<ul class=\"wp-block-list\">\n<li>Accede a tus datos personales<\/li>\n\n\n\n<li>Solicitar la correcci\u00f3n de datos inexactos<\/li>\n\n\n\n<li>Solicitud de supresi\u00f3n (\u00abderecho al olvido\u00bb)<\/li>\n\n\n\n<li>Limitar el tratamiento<\/li>\n\n\n\n<li>Solicitar la portabilidad de los datos<\/li>\n\n\n\n<li>Oponerse al tratamiento<\/li>\n\n\n\n<li>Retirar el consentimiento en cualquier momento<\/li>\n<\/ul>\n\n<p><strong>En virtud de la KVKK, tiene derecho a:<\/strong><\/p>\n\n<ul class=\"wp-block-list\">\n<li>Averigua si se tratan tus datos<\/li>\n\n\n\n<li>Solicitar informaci\u00f3n sobre el tratamiento<\/li>\n\n\n\n<li>Solicitar correcci\u00f3n o eliminaci\u00f3n<\/li>\n\n\n\n<li>Oponerse al tratamiento il\u00edcito<\/li>\n<\/ul>\n\n<p>Para ejercer sus derechos, puede ponerse en contacto con:<br\/>\ud83d\udce7 info@soracamed.com<\/p>\n\n<h2 class=\"wp-block-heading\"><strong>11. Toma de decisiones automatizada y elaboraci\u00f3n de perfiles<\/strong><\/h2>\n\n<p>Soraca Med no lleva a cabo procesos de toma de decisiones automatizados que tengan efectos jur\u00eddicos para las personas. La elaboraci\u00f3n de perfiles con fines de marketing solo podr\u00e1 realizarse con el consentimiento expl\u00edcito del interesado. <\/p>\n\n<h2 class=\"wp-block-heading\"><strong>12. Cookies y tecnolog\u00edas de seguimiento<\/strong><\/h2>\n\n<p>Nuestro sitio web utiliza cookies y tecnolog\u00edas de seguimiento gestionadas a trav\u00e9s de la <strong>plataforma de gesti\u00f3n del consentimiento de cookies<\/strong>.<\/p>\n\n<p>Las cookies se clasifican en:<\/p>\n\n<ul class=\"wp-block-list\">\n<li>Cookies estrictamente necesarias<\/li>\n\n\n\n<li>Cookies funcionales<\/li>\n\n\n\n<li>Cookies de an\u00e1lisis<\/li>\n\n\n\n<li>Cookies de marketing<\/li>\n<\/ul>\n\n<p>Puede gestionar o retirar su consentimiento sobre el uso de cookies en cualquier momento a trav\u00e9s del banner de cookies.<\/p>\n\n<p>Para obtener informaci\u00f3n detallada, consulte nuestra <strong>Pol\u00edtica de cookies<\/strong>, disponible en un documento aparte.<\/p>\n\n<h2 class=\"wp-block-heading\"><strong>13. Reclamaciones y autoridad de control<\/strong><\/h2>\n\n<p>Si considera que se han vulnerado sus derechos en materia de protecci\u00f3n de datos, puede ponerse en contacto con:<\/p>\n\n<p><strong>Autoridad Turca de Protecci\u00f3n de Datos (KVKK)<\/strong><br\/>www.kvkk.gov.tr<\/p>\n\n<p>Si reside en la Uni\u00f3n Europea, tambi\u00e9n puede ponerse en contacto con la autoridad de protecci\u00f3n de datos de su pa\u00eds.<\/p>\n\n<h2 class=\"wp-block-heading\"><strong>14. Modificaciones de la presente Pol\u00edtica de privacidad<\/strong><\/h2>\n\n<p>Soraca Med se reserva el derecho a actualizar esta Pol\u00edtica de privacidad en cualquier momento para cumplir con los requisitos legales.<\/p>\n\n<p>La versi\u00f3n actualizada se publicar\u00e1 en esta p\u00e1gina con una fecha de entrada en vigor revisada.<\/p>\n","protected":false},"excerpt":{"rendered":"<p>Fecha de entrada en vigor: 25 de febrero de 2026 1. Informaci\u00f3n sobre el responsable del tratamiento De conformidad con la Ley turca de protecci\u00f3n de datos personales n.\u00ba 6698 (\u00abKVKK\u00bb) y el Reglamento General de Protecci\u00f3n de Datos (\u00abRGPD\u00bb), sus datos personales son tratados por: Nombre de la empresa: Soraca MedDomicilio social: Ku\u015fkava\u011f\u0131, 542. [&hellip;]<\/p>\n","protected":false},"author":8,"featured_media":0,"parent":0,"menu_order":0,"comment_status":"closed","ping_status":"closed","template":"","meta":{"_acf_changed":false,"site-sidebar-layout":"default","site-content-layout":"","ast-site-content-layout":"default","site-content-style":"default","site-sidebar-style":"default","ast-global-header-display":"","ast-banner-title-visibility":"","ast-main-header-display":"","ast-hfb-above-header-display":"","ast-hfb-below-header-display":"","ast-hfb-mobile-header-display":"","site-post-title":"","ast-breadcrumbs-content":"","ast-featured-img":"","footer-sml-layout":"","ast-disable-related-posts":"","theme-transparent-header-meta":"","adv-header-id-meta":"","stick-header-meta":"","header-above-stick-meta":"","header-main-stick-meta":"","header-below-stick-meta":"","astra-migrate-meta-layouts":"default","ast-page-background-enabled":"default","ast-page-background-meta":{"desktop":{"background-color":"","background-image":"","background-repeat":"repeat","background-position":"center center","background-size":"auto","background-attachment":"scroll","background-type":"","background-media":"","overlay-type":"","overlay-color":"","overlay-opacity":"","overlay-gradient":""},"tablet":{"background-color":"","background-image":"","background-repeat":"repeat","background-position":"center center","background-size":"auto","background-attachment":"scroll","background-type":"","background-media":"","overlay-type":"","overlay-color":"","overlay-opacity":"","overlay-gradient":""},"mobile":{"background-color":"","background-image":"","background-repeat":"repeat","background-position":"center center","background-size":"auto","background-attachment":"scroll","background-type":"","background-media":"","overlay-type":"","overlay-color":"","overlay-opacity":"","overlay-gradient":""}},"ast-content-background-meta":{"desktop":{"background-color":"var(--ast-global-color-5)","background-image":"","background-repeat":"repeat","background-position":"center center","background-size":"auto","background-attachment":"scroll","background-type":"","background-media":"","overlay-type":"","overlay-color":"","overlay-opacity":"","overlay-gradient":""},"tablet":{"background-color":"var(--ast-global-color-5)","background-image":"","background-repeat":"repeat","background-position":"center center","background-size":"auto","background-attachment":"scroll","background-type":"","background-media":"","overlay-type":"","overlay-color":"","overlay-opacity":"","overlay-gradient":""},"mobile":{"background-color":"var(--ast-global-color-5)","background-image":"","background-repeat":"repeat","background-position":"center center","background-size":"auto","background-attachment":"scroll","background-type":"","background-media":"","overlay-type":"","overlay-color":"","overlay-opacity":"","overlay-gradient":""}},"footnotes":""},"class_list":["post-43998","page","type-page","status-publish","hentry"],"acf":[],"_links":{"self":[{"href":"https:\/\/soracamed.com\/es\/wp-json\/wp\/v2\/pages\/43998","targetHints":{"allow":["GET"]}}],"collection":[{"href":"https:\/\/soracamed.com\/es\/wp-json\/wp\/v2\/pages"}],"about":[{"href":"https:\/\/soracamed.com\/es\/wp-json\/wp\/v2\/types\/page"}],"author":[{"embeddable":true,"href":"https:\/\/soracamed.com\/es\/wp-json\/wp\/v2\/users\/8"}],"replies":[{"embeddable":true,"href":"https:\/\/soracamed.com\/es\/wp-json\/wp\/v2\/comments?post=43998"}],"version-history":[{"count":2,"href":"https:\/\/soracamed.com\/es\/wp-json\/wp\/v2\/pages\/43998\/revisions"}],"predecessor-version":[{"id":52340,"href":"https:\/\/soracamed.com\/es\/wp-json\/wp\/v2\/pages\/43998\/revisions\/52340"}],"wp:attachment":[{"href":"https:\/\/soracamed.com\/es\/wp-json\/wp\/v2\/media?parent=43998"}],"curies":[{"name":"wp","href":"https:\/\/api.w.org\/{rel}","templated":true}]}}