{"id":51093,"date":"2026-02-25T11:51:59","date_gmt":"2026-02-25T08:51:59","guid":{"rendered":"https:\/\/soracamed.com\/aviso-legal\/"},"modified":"2026-03-16T00:51:40","modified_gmt":"2026-03-15T21:51:40","slug":"aviso-legal","status":"publish","type":"page","link":"https:\/\/soracamed.com\/es\/aviso-legal\/","title":{"rendered":"Aviso legal"},"content":{"rendered":"\n<p>Informaci\u00f3n conforme al art\u00edculo 5 de la Ley alemana de servicios de telecomunicaci\u00f3n (TMG), al art\u00edculo 55 del Tratado estatal sobre radiodifusi\u00f3n (RStV) y a los requisitos de transparencia de la UE.<\/p>\n\n<h2 class=\"wp-block-heading\"><strong>1. Administrador del sitio web<\/strong><\/h2>\n\n<p>Soraca Med<\/p>\n\n<h2 class=\"wp-block-heading\"><strong>2. Denominaci\u00f3n social<\/strong><\/h2>\n\n<p>Soraca Med<br\/>Se dedica a la coordinaci\u00f3n de turismo m\u00e9dico y a la prestaci\u00f3n de servicios de medicina est\u00e9tica.<\/p>\n\n<h2 class=\"wp-block-heading\"><strong>3. Domicilio social \/ Direcci\u00f3n comercial<\/strong><\/h2>\n\n<p><a href=\"https:\/\/share.google\/oWNzjP4RDkPc7LRkJ\" rel=\"nofollow noopener\" target=\"_blank\">Ku\u015fkava\u011f\u0131, 542. Sk. No:4\/B 07070 Konyaalt\u0131 \/ Antalya T\u00fcrkiye  <\/a><\/p>\n\n<h2 class=\"wp-block-heading\"><strong>4. Datos de contacto<\/strong><\/h2>\n\n<p>Correo electr\u00f3nico: <a href=\"mailto:info@soracamed.com\">info@soracamed.com<\/a><br\/>Tel\u00e9fono: <a href=\"tel:+905070701026\">+90 507 070 10 26<\/a><br\/>Sitio web: <a href=\"https:\/\/soracamed.com\/es\/\">https:\/\/soracamed.com<\/a><\/p>\n\n<h2 class=\"wp-block-heading\"><strong>5. Representante legal \/ Director general<\/strong><\/h2>\n\n<p>Murat Peker \u2013 Persona de contacto<\/p>\n\n<p>Correo electr\u00f3nico:<a href=\"mailto:murat@soracamed.com\">murat@soracamed.com<\/a><br\/>Soraca Med<\/p>\n\n<h2 class=\"wp-block-heading\"><strong>6. Responsable del contenido seg\u00fan el art\u00edculo 55 del RStV<\/strong><\/h2>\n\n<p><a href=\"https:\/\/share.google\/oWNzjP4RDkPc7LRkJ\" rel=\"nofollow noopener\" target=\"_blank\">Soraca Med Ku\u015fkava\u011f\u0131, 542. Sk. No:4\/B 07070 Konyaalt\u0131 \/ Antalya T\u00fcrkiye  <\/a><\/p>\n\n<h2 class=\"wp-block-heading\"><strong>7. Editor de sitios web \/ Gestor de contenidos<\/strong><\/h2>\n\n<p>Hasan Ali \u00d6zt\u00fcrk<br\/>Correo electr\u00f3nico: <a href=\"mailto:alihasan0616@gmail.com\">alihasan0616@gmail.com<\/a><\/p>\n\n<p>Responsable de publicar, actualizar y gestionar el contenido del sitio web de conformidad con la normativa de transparencia de la UE.<\/p>\n\n<h2 class=\"wp-block-heading\"><strong>8. Autoridad reguladora<\/strong><\/h2>\n\n<p>Ministerio de Sanidad de la Rep\u00fablica de Turqu\u00eda<br\/>Todos los servicios sanitarios se prestan de conformidad con la legislaci\u00f3n sanitaria turca y bajo la supervisi\u00f3n de las autoridades sanitarias turcas competentes.<\/p>\n\n<h2 class=\"wp-block-heading\"><strong>9. Informaci\u00f3n profesional<\/strong><\/h2>\n\n<p>Soraca Med ofrece servicios de coordinaci\u00f3n de turismo m\u00e9dico y colabora con m\u00e9dicos colegiados e instituciones sanitarias acreditadas en Turqu\u00eda.<\/p>\n\n<p>Todos los procedimientos m\u00e9dicos son realizados por profesionales sanitarios titulados y legalmente autorizados, de conformidad con la legislaci\u00f3n m\u00e9dica y la normativa profesional vigentes en Turqu\u00eda.<\/p>\n\n<p>Los t\u00edtulos profesionales se otorgan en la Rep\u00fablica de Turqu\u00eda.<\/p>\n\n<h2 class=\"wp-block-heading\"><strong>10. Alcance de los servicios<\/strong><\/h2>\n\n<p>El sitio web ofrece informaci\u00f3n sobre las opciones de tratamientos m\u00e9dicos y est\u00e9ticos disponibles en Turqu\u00eda.<br\/>Los planes de tratamiento individuales, los precios y las decisiones m\u00e9dicas se determinan \u00fanicamente tras una evaluaci\u00f3n m\u00e9dica personal y una consulta.<\/p>\n\n<h2 class=\"wp-block-heading\"><strong>11. Descargo de responsabilidad: informaci\u00f3n m\u00e9dica<\/strong><\/h2>\n\n<p>El contenido publicado en este sitio web tiene \u00fanicamente fines informativos generales y no constituye un consejo m\u00e9dico, un diagn\u00f3stico ni una recomendaci\u00f3n de tratamiento.<\/p>\n\n<p>Los visitantes no deben basarse \u00fanicamente en la informaci\u00f3n del sitio web a la hora de tomar decisiones m\u00e9dicas. Es necesario consultar directamente a un profesional sanitario cualificado. <\/p>\n\n<h2 class=\"wp-block-heading\"><strong>12. Responsabilidad por los contenidos<\/strong><\/h2>\n\n<p>Como proveedores de servicios, somos responsables de nuestros propios contenidos en estas p\u00e1ginas con arreglo a la legislaci\u00f3n general.<br\/>No obstante, no estamos obligados a supervisar la informaci\u00f3n de terceros que se transmita o almacene, ni a investigar circunstancias que indiquen una actividad ilegal.<\/p>\n\n<p>Quedan excluidas las reclamaciones por responsabilidad civil derivadas de da\u00f1os materiales o inmateriales causados por el uso o el no uso de la informaci\u00f3n facilitada, salvo que se demuestre que ha habido dolo o negligencia grave.<\/p>\n\n<h2 class=\"wp-block-heading\"><strong>13. Responsabilidad por los enlaces externos<\/strong><\/h2>\n\n<p>Nuestro sitio web puede contener enlaces a sitios web externos de terceros sobre cuyo contenido no tenemos control alguno.<\/p>\n\n<p>Por lo tanto, no podemos asumir ninguna responsabilidad por dichos contenidos externos. El responsable de los contenidos de los sitios web enlazados es siempre el proveedor u operador correspondiente. <\/p>\n\n<h2 class=\"wp-block-heading\"><strong>14. Propiedad intelectual \/ Derechos de autor<\/strong><\/h2>\n\n<p>Todos los textos, im\u00e1genes, gr\u00e1ficos, logotipos, elementos de dise\u00f1o y dem\u00e1s contenidos publicados en este sitio web est\u00e1n protegidos por las leyes internacionales de derechos de autor.<\/p>\n\n<p>Cualquier reproducci\u00f3n, modificaci\u00f3n, distribuci\u00f3n o uso que exceda los l\u00edmites de la ley de derechos de autor requiere el consentimiento previo por escrito de Soraca Med.<\/p>\n\n<h2 class=\"wp-block-heading\"><strong>15. Resoluci\u00f3n de litigios en l\u00ednea (ODR)<\/strong><\/h2>\n\n<p>La Comisi\u00f3n Europea ofrece una plataforma para la resoluci\u00f3n de litigios en l\u00ednea (ODR):<br\/><a href=\"https:\/\/ec.europa.eu\/consumers\/odr\/\" rel=\"nofollow noopener\" target=\"_blank\">https:\/\/ec.europa.eu\/consumers\/odr\/<\/a><\/p>\n\n<p>No estamos obligados ni dispuestos a participar en procedimientos de resoluci\u00f3n de litigios ante una junta de arbitraje de consumo.<\/p>\n\n<h2 class=\"wp-block-heading\"><strong>16. Legislaci\u00f3n aplicable<\/strong><\/h2>\n\n<p>Este sitio web y sus servicios se rigen por las leyes de la Rep\u00fablica de Turqu\u00eda.<\/p>\n","protected":false},"excerpt":{"rendered":"<p>Informaci\u00f3n conforme al art\u00edculo 5 de la Ley alemana de servicios de telecomunicaci\u00f3n (TMG), al art\u00edculo 55 del Tratado estatal sobre radiodifusi\u00f3n (RStV) y a los requisitos de transparencia de la UE. 1. Administrador del sitio web Soraca Med 2. Denominaci\u00f3n social Soraca MedSe dedica a la coordinaci\u00f3n de turismo m\u00e9dico y a la prestaci\u00f3n [&hellip;]<\/p>\n","protected":false},"author":8,"featured_media":0,"parent":0,"menu_order":0,"comment_status":"closed","ping_status":"closed","template":"","meta":{"_acf_changed":false,"site-sidebar-layout":"default","site-content-layout":"","ast-site-content-layout":"default","site-content-style":"default","site-sidebar-style":"default","ast-global-header-display":"","ast-banner-title-visibility":"","ast-main-header-display":"","ast-hfb-above-header-display":"","ast-hfb-below-header-display":"","ast-hfb-mobile-header-display":"","site-post-title":"","ast-breadcrumbs-content":"","ast-featured-img":"","footer-sml-layout":"","ast-disable-related-posts":"","theme-transparent-header-meta":"","adv-header-id-meta":"","stick-header-meta":"","header-above-stick-meta":"","header-main-stick-meta":"","header-below-stick-meta":"","astra-migrate-meta-layouts":"default","ast-page-background-enabled":"default","ast-page-background-meta":{"desktop":{"background-color":"","background-image":"","background-repeat":"repeat","background-position":"center center","background-size":"auto","background-attachment":"scroll","background-type":"","background-media":"","overlay-type":"","overlay-color":"","overlay-opacity":"","overlay-gradient":""},"tablet":{"background-color":"","background-image":"","background-repeat":"repeat","background-position":"center center","background-size":"auto","background-attachment":"scroll","background-type":"","background-media":"","overlay-type":"","overlay-color":"","overlay-opacity":"","overlay-gradient":""},"mobile":{"background-color":"","background-image":"","background-repeat":"repeat","background-position":"center center","background-size":"auto","background-attachment":"scroll","background-type":"","background-media":"","overlay-type":"","overlay-color":"","overlay-opacity":"","overlay-gradient":""}},"ast-content-background-meta":{"desktop":{"background-color":"var(--ast-global-color-5)","background-image":"","background-repeat":"repeat","background-position":"center center","background-size":"auto","background-attachment":"scroll","background-type":"","background-media":"","overlay-type":"","overlay-color":"","overlay-opacity":"","overlay-gradient":""},"tablet":{"background-color":"var(--ast-global-color-5)","background-image":"","background-repeat":"repeat","background-position":"center center","background-size":"auto","background-attachment":"scroll","background-type":"","background-media":"","overlay-type":"","overlay-color":"","overlay-opacity":"","overlay-gradient":""},"mobile":{"background-color":"var(--ast-global-color-5)","background-image":"","background-repeat":"repeat","background-position":"center center","background-size":"auto","background-attachment":"scroll","background-type":"","background-media":"","overlay-type":"","overlay-color":"","overlay-opacity":"","overlay-gradient":""}},"footnotes":""},"class_list":["post-51093","page","type-page","status-publish","hentry"],"acf":[],"_links":{"self":[{"href":"https:\/\/soracamed.com\/es\/wp-json\/wp\/v2\/pages\/51093","targetHints":{"allow":["GET"]}}],"collection":[{"href":"https:\/\/soracamed.com\/es\/wp-json\/wp\/v2\/pages"}],"about":[{"href":"https:\/\/soracamed.com\/es\/wp-json\/wp\/v2\/types\/page"}],"author":[{"embeddable":true,"href":"https:\/\/soracamed.com\/es\/wp-json\/wp\/v2\/users\/8"}],"replies":[{"embeddable":true,"href":"https:\/\/soracamed.com\/es\/wp-json\/wp\/v2\/comments?post=51093"}],"version-history":[{"count":0,"href":"https:\/\/soracamed.com\/es\/wp-json\/wp\/v2\/pages\/51093\/revisions"}],"wp:attachment":[{"href":"https:\/\/soracamed.com\/es\/wp-json\/wp\/v2\/media?parent=51093"}],"curies":[{"name":"wp","href":"https:\/\/api.w.org\/{rel}","templated":true}]}}