{"id":52610,"date":"2026-03-17T15:57:23","date_gmt":"2026-03-17T12:57:23","guid":{"rendered":"https:\/\/soracamed.com\/seguro-de-complicaciones\/"},"modified":"2026-03-24T21:57:41","modified_gmt":"2026-03-24T18:57:41","slug":"seguro-de-complicaciones","status":"publish","type":"page","link":"https:\/\/soracamed.com\/es\/seguro-de-complicaciones\/","title":{"rendered":"Seguro de complicaciones"},"content":{"rendered":"\n<p>Cuando se viaja al extranjero para recibir tratamiento m\u00e9dico, la seguridad y la tranquilidad son algunas de las principales preocupaciones de los pacientes. En <strong>Soraca Med<\/strong>, damos prioridad a la seguridad del paciente en cada etapa del proceso de tratamiento. Adem\u00e1s de contar con m\u00e9dicos experimentados e instalaciones m\u00e9dicas modernas, tambi\u00e9n ofrecemos informaci\u00f3n clara sobre el <strong>seguro de complicaciones<\/strong>, dise\u00f1ado para proteger a los pacientes en el improbable caso de que se produzca una complicaci\u00f3n m\u00e9dica inesperada tras una intervenci\u00f3n.  <\/p>\n\n<p>Aunque las complicaciones tras tratamientos m\u00e9dicos o est\u00e9ticos son poco frecuentes, pueden producirse ocasionalmente en cualquier intervenci\u00f3n quir\u00fargica. El seguro de complicaciones ayuda a garantizar que los pacientes est\u00e9n protegidos econ\u00f3micamente en caso de que sea necesaria atenci\u00f3n m\u00e9dica adicional, hospitalizaci\u00f3n o tratamientos posteriores como consecuencia de una intervenci\u00f3n. Esta protecci\u00f3n adicional permite a los pacientes centrarse en su recuperaci\u00f3n con tranquilidad.  <\/p>\n\n<p>En esta p\u00e1gina encontrar\u00e1 informaci\u00f3n detallada sobre <strong>qu\u00e9 es el seguro de complicaciones, qu\u00e9 cubre, c\u00f3mo funciona y por qu\u00e9 se recomienda a los pacientes internacionales que viajan a Turqu\u00eda para recibir tratamiento en Soraca Med.<\/strong><\/p>\n\n<h2 class=\"wp-block-heading\"><strong>\u00bfQu\u00e9 es el seguro de complicaciones?<\/strong><\/h2>\n\n<p>El seguro de complicaciones es un tipo de cobertura m\u00e9dica dise\u00f1ado para pacientes que viajan al extranjero para recibir tratamiento. Ofrece cobertura econ\u00f3mica en el caso poco probable de que se produzca una complicaci\u00f3n m\u00e9dica tras una intervenci\u00f3n quir\u00fargica o un procedimiento m\u00e9dico. <\/p>\n\n<p>Aunque los procedimientos m\u00e9dicos modernos suelen ser seguros, toda intervenci\u00f3n quir\u00fargica conlleva un peque\u00f1o riesgo de complicaciones. En tales situaciones, el seguro de complicaciones ayuda a cubrir los gastos m\u00e9dicos adicionales que puedan surgir, como tratamientos posteriores, hospitalizaci\u00f3n o intervenciones adicionales necesarias para resolver la complicaci\u00f3n. <\/p>\n\n<p>Para los pacientes internacionales que viajan a Turqu\u00eda, este seguro ofrece una garant\u00eda adicional de seguridad y tranquilidad. Garantiza que, si surgiera alg\u00fan problema m\u00e9dico imprevisto tras el tratamiento, el paciente pueda recibir la atenci\u00f3n m\u00e9dica necesaria sin tener que hacer frente a cargas econ\u00f3micas inesperadas. <\/p>\n\n<p>En <strong>Soraca Med<\/strong>, la seguridad del paciente y la transparencia son siempre nuestras prioridades. Por eso informamos a nuestros pacientes sobre el seguro de complicaciones y c\u00f3mo este puede ofrecerles una protecci\u00f3n adicional durante su proceso m\u00e9dico. <\/p>\n\n<h2 class=\"wp-block-heading\"><strong>\u00bfQu\u00e9 cubre el seguro de complicaciones?<\/strong><\/h2>\n\n<p>El seguro de complicaciones est\u00e1 dise\u00f1ado para proteger a los pacientes en caso de que se produzca una complicaci\u00f3n m\u00e9dica inesperada tras una intervenci\u00f3n quir\u00fargica o un procedimiento m\u00e9dico. Aunque las complicaciones son poco frecuentes, esta cobertura garantiza que los pacientes puedan recibir la atenci\u00f3n m\u00e9dica necesaria sin tener que hacer frente a una carga econ\u00f3mica adicional. <\/p>\n\n<p>Dependiendo de la p\u00f3liza de seguro, el seguro de complicaciones puede cubrir varios tipos de gastos m\u00e9dicos relacionados con el tratamiento de una complicaci\u00f3n.<\/p>\n\n<p>Por lo general, la cobertura puede incluir:<\/p>\n\n<ul class=\"wp-block-list\">\n<li><strong>Tratamiento m\u00e9dico adicional<\/strong> necesario para controlar una complicaci\u00f3n<\/li>\n\n\n\n<li><strong>Gastos de hospitalizaci\u00f3n<\/strong> en caso de que el paciente tenga que permanecer en el hospital m\u00e1s tiempo del previsto<\/li>\n\n\n\n<li><strong>Honorarios de m\u00e9dicos y cirujanos<\/strong> relacionados con el tratamiento de la complicaci\u00f3n<\/li>\n\n\n\n<li><strong>Pruebas m\u00e9dicas y procedimientos diagn\u00f3sticos<\/strong> necesarios para evaluar la complicaci\u00f3n<\/li>\n\n\n\n<li><strong>Medicamentos y cuidados posteriores al tratamiento<\/strong> necesarios para la recuperaci\u00f3n<\/li>\n<\/ul>\n\n<p>Esta cobertura ayuda a garantizar que los pacientes reciban la atenci\u00f3n m\u00e9dica adecuada en el improbable caso de que sea necesario un tratamiento adicional tras la intervenci\u00f3n.<\/p>\n\n<p>En <strong>Soraca Med<\/strong>, nuestro objetivo es ofrecer a los pacientes una experiencia de tratamiento segura y transparente. Informar a los pacientes sobre el seguro de complicaciones les ayuda a sentirse seguros y protegidos a lo largo de su proceso m\u00e9dico en Turqu\u00eda. <\/p>\n\n<h2 class=\"wp-block-heading\"><strong>\u00bfQu\u00e9 es lo que no cubre el seguro de complicaciones?<\/strong><\/h2>\n\n<p>Aunque el seguro de complicaciones ofrece una protecci\u00f3n importante frente a problemas m\u00e9dicos imprevistos, es importante que los pacientes comprendan que no todas las situaciones est\u00e1n cubiertas. Las p\u00f3lizas de seguro est\u00e1n dise\u00f1adas espec\u00edficamente para cubrir <strong>complicaciones m\u00e9dicas<\/strong>, no intervenciones electivas o est\u00e9ticas solicitadas por el paciente. <\/p>\n\n<p>En la mayor\u00eda de los casos, el seguro de complicaciones <strong>no cubre<\/strong> las siguientes situaciones:<\/p>\n\n<ul class=\"wp-block-list\">\n<li><strong>Insatisfacci\u00f3n con los resultados est\u00e9ticos<\/strong> si el resultado difiere de las expectativas del paciente, aunque sea un \u00e9xito desde el punto de vista m\u00e9dico<\/li>\n\n\n\n<li><strong>Intervenciones de revisi\u00f3n solicitadas con fines est\u00e9ticos<\/strong> y no para tratar una complicaci\u00f3n m\u00e9dica<\/li>\n\n\n\n<li><strong>Tratamientos adicionales solicitados por el paciente<\/strong> que no est\u00e1n relacionados con una complicaci\u00f3n<\/li>\n\n\n\n<li><strong>Intervenciones realizadas fuera de lo previsto en la p\u00f3liza de seguro<\/strong><\/li>\n\n\n\n<li><strong>Problemas de salud no relacionados con la intervenci\u00f3n m\u00e9dica inicial<\/strong><\/li>\n<\/ul>\n\n<p>Comprender estas limitaciones ayuda a garantizar la transparencia y evita malentendidos sobre lo que cubre la p\u00f3liza de seguro.<\/p>\n\n<p>En <strong>Soraca Med<\/strong>, nuestro objetivo es siempre ofrecer informaci\u00f3n clara y sincera para que los pacientes puedan tomar decisiones informadas antes de iniciar su tratamiento m\u00e9dico en Turqu\u00eda.<\/p>\n\n<h2 class=\"wp-block-heading\"><strong>\u00bfQui\u00e9n necesita un seguro de complicaciones?<\/strong><\/h2>\n\n<p>El seguro de complicaciones est\u00e1 especialmente recomendado para <strong>pacientes internacionales que viajan al extranjero para recibir tratamiento m\u00e9dico<\/strong>. Al recibir tratamiento en otro pa\u00eds, contar con una protecci\u00f3n adicional puede proporcionar tranquilidad y seguridad econ\u00f3mica en el improbable caso de que se produzca una complicaci\u00f3n m\u00e9dica. <\/p>\n\n<p>Este tipo de seguro puede resultar especialmente beneficioso para los pacientes que se someten a intervenciones como:<\/p>\n\n<ul class=\"wp-block-list\">\n<li><strong>Cirug\u00eda pl\u00e1stica y est\u00e9tica<\/strong><\/li>\n\n\n\n<li><strong>Tratamientos con implantes dentales y restauraciones completas de la boca<\/strong><\/li>\n\n\n\n<li><strong>Intervenciones de remodelaci\u00f3n corporal<\/strong>, como la liposucci\u00f3n o la abdominoplastia<\/li>\n\n\n\n<li><strong>Cirug\u00edas faciales<\/strong>, como la cirug\u00eda de p\u00e1rpados, el lifting facial o la rinoplastia<\/li>\n\n\n\n<li><strong>Otros tratamientos quir\u00fargicos que requieren recuperaci\u00f3n y cuidados de seguimiento<\/strong><\/li>\n<\/ul>\n\n<p>Para los pacientes que viajan desde otro pa\u00eds, el seguro de complicaciones ofrece una mayor tranquilidad. Garantiza que, si se produce una complicaci\u00f3n m\u00e9dica tras el tratamiento, se pueda proporcionar la atenci\u00f3n m\u00e9dica necesaria sin preocupaciones econ\u00f3micas inesperadas. <\/p>\n\n<p>En <strong>Soraca Med<\/strong>, recibimos a pacientes de todo el mundo y nos esforzamos por hacer que su experiencia de tratamiento en Turqu\u00eda sea lo m\u00e1s segura, transparente y c\u00f3moda posible. Proporcionar informaci\u00f3n sobre el seguro de complicaciones forma parte de nuestro compromiso con una atenci\u00f3n m\u00e9dica responsable y centrada en el paciente. <\/p>\n\n<h2 class=\"wp-block-heading\"><strong>\u00bfCu\u00e1nto tiempo tiene validez el seguro de complicaciones?<\/strong><\/h2>\n\n<p>El periodo de validez del seguro de complicaciones puede variar en funci\u00f3n de la compa\u00f1\u00eda aseguradora y del tipo de intervenci\u00f3n m\u00e9dica realizada. En la mayor\u00eda de los casos, el seguro de complicaciones entra en vigor el d\u00eda de la intervenci\u00f3n y sigue siendo v\u00e1lido durante un periodo determinado tras el tratamiento. <\/p>\n\n<p>Por lo general, el seguro de complicaciones puede cubrir las complicaciones m\u00e9dicas que se produzcan dentro de <strong>un periodo postoperatorio definido<\/strong>, que puede oscilar entre varias semanas y varios meses despu\u00e9s de la intervenci\u00f3n. La duraci\u00f3n exacta y las condiciones de la cobertura vienen determinadas siempre por la p\u00f3liza de seguro. <\/p>\n\n<p>Este periodo de cobertura est\u00e1 pensado para proteger a los pacientes durante la fase m\u00e1s cr\u00edtica de la recuperaci\u00f3n, cuando el riesgo de complicaciones posoperatorias suele ser mayor.<\/p>\n\n<p>En <strong>Soraca Med<\/strong>, siempre recomendamos a los pacientes que revisen detenidamente los detalles de la p\u00f3liza de seguro antes de someterse a la intervenci\u00f3n, para que comprendan claramente la duraci\u00f3n de la cobertura y las condiciones incluidas en la p\u00f3liza.<\/p>\n\n<h2 class=\"wp-block-heading\"><strong>\u00bfQu\u00e9 ocurre si surge alguna complicaci\u00f3n?<\/strong><\/h2>\n\n<p>Aunque las complicaciones son poco frecuentes, es importante que los pacientes conozcan los pasos que deben seguir si surge alg\u00fan problema m\u00e9dico inesperado tras la intervenci\u00f3n. Actuar con rapidez y ponerse en contacto con el equipo m\u00e9dico garantiza que la situaci\u00f3n se eval\u00fae y se gestione adecuadamente. <\/p>\n\n<p>Si surge alguna complicaci\u00f3n, el proceso suele seguir estos pasos:<\/p>\n\n<ol start=\"1\" class=\"wp-block-list\">\n<li><strong>P\u00f3ngase en contacto con la cl\u00ednica<\/strong><br\/>Los pacientes deben informar al equipo de Soraca Med tan pronto como noten cualquier s\u00edntoma inusual o tengan alguna inquietud tras la intervenci\u00f3n.<\/li>\n\n\n\n<li><strong>Evaluaci\u00f3n m\u00e9dica<\/strong><br\/>Nuestro equipo m\u00e9dico evaluar\u00e1 la situaci\u00f3n y determinar\u00e1 si se trata de algo normal dentro del proceso de recuperaci\u00f3n o de una complicaci\u00f3n m\u00e9dica que requiera tratamiento adicional.<\/li>\n\n\n\n<li><strong>Notificaci\u00f3n al seguro<\/strong><br\/>Si se considera que la situaci\u00f3n constituye una complicaci\u00f3n cubierta por la p\u00f3liza de seguro, se podr\u00e1 presentar la informaci\u00f3n y la documentaci\u00f3n necesarias a la compa\u00f1\u00eda aseguradora.<\/li>\n\n\n\n<li><strong>Tratamiento y seguimiento<\/strong><br\/>Si se requiere atenci\u00f3n m\u00e9dica adicional, el paciente recibir\u00e1 el tratamiento adecuado seg\u00fan la evaluaci\u00f3n m\u00e9dica y la cobertura de la p\u00f3liza de seguro.<\/li>\n<\/ol>\n\n<p>En <strong>Soraca Med<\/strong>, la seguridad del paciente y el seguimiento tras el tratamiento siguen siendo nuestra prioridad incluso una vez finalizado este. Nuestro equipo sigue acompa\u00f1ando a los pacientes durante toda su recuperaci\u00f3n para garantizar el mejor resultado posible. <\/p>\n\n<h2 class=\"wp-block-heading\"><strong>Por qu\u00e9 Soraca Med recomienda un seguro de complicaciones<\/strong><\/h2>\n\n<p>En <strong>Soraca Med<\/strong>, la seguridad del paciente, la transparencia y la confianza son el eje central de todo lo que hacemos. Aunque los procedimientos m\u00e9dicos modernos son realizados por especialistas con amplia experiencia y siguiendo estrictos est\u00e1ndares de seguridad, todo tratamiento quir\u00fargico conlleva un peque\u00f1o riesgo de complicaciones. Por este motivo, recomendamos un seguro de complicaciones como medida de protecci\u00f3n adicional para nuestros pacientes internacionales.  <\/p>\n\n<p>El seguro de complicaciones contribuye a que el proceso de tratamiento sea m\u00e1s seguro, ya que garantiza que los pacientes est\u00e9n protegidos frente a gastos m\u00e9dicos imprevistos relacionados con complicaciones postoperatorias. Esta protecci\u00f3n adicional permite a los pacientes centrarse en su recuperaci\u00f3n y disfrutar de tranquilidad durante su estancia en Turqu\u00eda. <\/p>\n\n<p>Al informar a nuestros pacientes sobre el seguro de complicaciones, nuestro objetivo es ofrecer una <strong>experiencia m\u00e9dica clara, responsable y centrada en el paciente<\/strong>. Nuestro objetivo no es solo lograr excelentes resultados m\u00e9dicos, sino tambi\u00e9n garantizar que los pacientes se sientan apoyados y seguros durante todo el proceso, desde la consulta hasta la recuperaci\u00f3n. <\/p>\n\n<p>En Soraca Med, creemos que <strong>la transparencia en la informaci\u00f3n y un s\u00f3lido apoyo al paciente son elementos esenciales de una atenci\u00f3n m\u00e9dica de alta calidad.<\/strong><\/p>\n\n<h2 class=\"wp-block-heading\"><strong>Nuestro compromiso con la seguridad del paciente<\/strong><\/h2>\n\n<p>En <strong>Soraca Med<\/strong>, la seguridad del paciente es nuestra m\u00e1xima prioridad. Desde la consulta inicial hasta el seguimiento posterior al tratamiento, nos esforzamos por ofrecer una experiencia m\u00e9dica segura, transparente y profesional a cada paciente. <\/p>\n\n<p>Nuestros tratamientos los llevan a cabo profesionales m\u00e9dicos con amplia experiencia, utilizando t\u00e9cnicas modernas y siguiendo est\u00e1ndares m\u00e9dicos reconocidos internacionalmente. Antes de cualquier intervenci\u00f3n, los pacientes reciben una consulta detallada en la que se les explica minuciosamente el plan de tratamiento, el proceso de recuperaci\u00f3n y los posibles riesgos. <\/p>\n\n<p>Adem\u00e1s de la atenci\u00f3n m\u00e9dica profesional, ofrecemos un apoyo integral durante todo el proceso de tratamiento. Nuestro equipo ayuda a los pacientes con la planificaci\u00f3n del tratamiento, la coordinaci\u00f3n y el asesoramiento sobre los cuidados posteriores, con el fin de garantizar una experiencia agradable y sin complicaciones en Turqu\u00eda. <\/p>\n\n<p>Gracias a la combinaci\u00f3n de <strong>especialistas con amplia experiencia, instalaciones m\u00e9dicas modernas y una comunicaci\u00f3n clara<\/strong>, Soraca Med tiene como objetivo crear un entorno de tratamiento en el que los pacientes se sientan seguros, bien informados y bien atendidos en cada etapa de su proceso m\u00e9dico.<\/p>\n\n<h2 class=\"wp-block-heading\"><strong>Preguntas frecuentes<\/strong><\/h2>\n<div id=\"rank-math-faq\" class=\"rank-math-block\">\n<div class=\"rank-math-list \">\n<div id=\"faq-question-1773752179632\" class=\"rank-math-list-item\">\n<h3 class=\"rank-math-question \"><strong>\u00bfEs obligatorio contratar un seguro de complicaciones para las intervenciones m\u00e9dicas en Turqu\u00eda?<\/strong><\/h3>\n<div class=\"rank-math-answer \">\n\n<p>Es posible que se requiera un seguro de complicaciones, dependiendo del tratamiento, del proveedor m\u00e9dico o de la plataforma a trav\u00e9s de la cual se haya concertado la intervenci\u00f3n. En muchos casos, se recomienda como medida de seguridad adicional para proteger a los pacientes de gastos m\u00e9dicos imprevistos relacionados con complicaciones postoperatorias. <\/p>\n\n<\/div>\n<\/div>\n<div id=\"faq-question-1773752204965\" class=\"rank-math-list-item\">\n<h3 class=\"rank-math-question \"><strong>\u00bfCu\u00e1nto cuesta un seguro de complicaciones?<\/strong><\/h3>\n<div class=\"rank-math-answer \">\n\n<p>El coste del seguro de complicaciones var\u00eda en funci\u00f3n del tipo de intervenci\u00f3n y de la compa\u00f1\u00eda aseguradora. En general, el precio es relativamente bajo en comparaci\u00f3n con el coste total del tratamiento y est\u00e1 pensado para ofrecer protecci\u00f3n econ\u00f3mica en el caso poco probable de que se produzca una complicaci\u00f3n m\u00e9dica. <\/p>\n\n<\/div>\n<\/div>\n<div id=\"faq-question-1773752211540\" class=\"rank-math-list-item\">\n<h3 class=\"rank-math-question \"><strong>\u00bfCubre el seguro de complicaciones la cirug\u00eda de revisi\u00f3n?<\/strong><\/h3>\n<div class=\"rank-math-answer \">\n\n<p>El seguro de complicaciones suele cubrir tratamientos adicionales solo cuando son m\u00e9dicamente necesarios debido a una complicaci\u00f3n relacionada con la intervenci\u00f3n original. Las revisiones est\u00e9ticas solicitadas con fines de mejora est\u00e9tica o por preferencias personales no suelen estar incluidas en la cobertura. <\/p>\n\n<\/div>\n<\/div>\n<div id=\"faq-question-1773752217136\" class=\"rank-math-list-item\">\n<h3 class=\"rank-math-question \"><strong>\u00bfCu\u00e1nto tiempo dura el seguro de complicaciones?<\/strong><\/h3>\n<div class=\"rank-math-answer \">\n\n<p>El periodo de cobertura depende de la p\u00f3liza concreta. La mayor\u00eda de las p\u00f3lizas de seguro de complicaciones cubren un periodo postoperatorio determinado durante el cual es m\u00e1s probable que se produzcan complicaciones. La duraci\u00f3n exacta y las condiciones se especifican en el contrato de seguro.  <\/p>\n\n<\/div>\n<\/div>\n<div id=\"faq-question-1773752223541\" class=\"rank-math-list-item\">\n<h3 class=\"rank-math-question \"><strong>\u00bfQu\u00e9 debo hacer si sufro alguna complicaci\u00f3n despu\u00e9s de la intervenci\u00f3n?<\/strong><\/h3>\n<div class=\"rank-math-answer \">\n\n<p>Si nota alg\u00fan s\u00edntoma inusual o tiene alguna duda tras la intervenci\u00f3n, debe ponerse en contacto con el equipo de Soraca Med lo antes posible. Nuestro personal m\u00e9dico evaluar\u00e1 la situaci\u00f3n y le indicar\u00e1 los pasos que debe seguir para recibir la atenci\u00f3n m\u00e9dica necesaria y, si es preciso, para notificarlo a su seguro. <\/p>\n\n<\/div>\n<\/div>\n<\/div>\n<\/div>","protected":false},"excerpt":{"rendered":"<p>Cuando se viaja al extranjero para recibir tratamiento m\u00e9dico, la seguridad y la tranquilidad son algunas de las principales preocupaciones de los pacientes. En Soraca Med, damos prioridad a la seguridad del paciente en cada etapa del proceso de tratamiento. Adem\u00e1s de contar con m\u00e9dicos experimentados e instalaciones m\u00e9dicas modernas, tambi\u00e9n ofrecemos informaci\u00f3n clara sobre [&hellip;]<\/p>\n","protected":false},"author":8,"featured_media":0,"parent":0,"menu_order":0,"comment_status":"closed","ping_status":"closed","template":"","meta":{"_acf_changed":false,"site-sidebar-layout":"default","site-content-layout":"","ast-site-content-layout":"default","site-content-style":"default","site-sidebar-style":"default","ast-global-header-display":"","ast-banner-title-visibility":"","ast-main-header-display":"","ast-hfb-above-header-display":"","ast-hfb-below-header-display":"","ast-hfb-mobile-header-display":"","site-post-title":"","ast-breadcrumbs-content":"","ast-featured-img":"","footer-sml-layout":"","ast-disable-related-posts":"","theme-transparent-header-meta":"","adv-header-id-meta":"","stick-header-meta":"","header-above-stick-meta":"","header-main-stick-meta":"","header-below-stick-meta":"","astra-migrate-meta-layouts":"default","ast-page-background-enabled":"default","ast-page-background-meta":{"desktop":{"background-color":"","background-image":"","background-repeat":"repeat","background-position":"center center","background-size":"auto","background-attachment":"scroll","background-type":"","background-media":"","overlay-type":"","overlay-color":"","overlay-opacity":"","overlay-gradient":""},"tablet":{"background-color":"","background-image":"","background-repeat":"repeat","background-position":"center center","background-size":"auto","background-attachment":"scroll","background-type":"","background-media":"","overlay-type":"","overlay-color":"","overlay-opacity":"","overlay-gradient":""},"mobile":{"background-color":"","background-image":"","background-repeat":"repeat","background-position":"center center","background-size":"auto","background-attachment":"scroll","background-type":"","background-media":"","overlay-type":"","overlay-color":"","overlay-opacity":"","overlay-gradient":""}},"ast-content-background-meta":{"desktop":{"background-color":"var(--ast-global-color-5)","background-image":"","background-repeat":"repeat","background-position":"center center","background-size":"auto","background-attachment":"scroll","background-type":"","background-media":"","overlay-type":"","overlay-color":"","overlay-opacity":"","overlay-gradient":""},"tablet":{"background-color":"var(--ast-global-color-5)","background-image":"","background-repeat":"repeat","background-position":"center center","background-size":"auto","background-attachment":"scroll","background-type":"","background-media":"","overlay-type":"","overlay-color":"","overlay-opacity":"","overlay-gradient":""},"mobile":{"background-color":"var(--ast-global-color-5)","background-image":"","background-repeat":"repeat","background-position":"center center","background-size":"auto","background-attachment":"scroll","background-type":"","background-media":"","overlay-type":"","overlay-color":"","overlay-opacity":"","overlay-gradient":""}},"footnotes":""},"class_list":["post-52610","page","type-page","status-publish","hentry"],"acf":[],"_links":{"self":[{"href":"https:\/\/soracamed.com\/es\/wp-json\/wp\/v2\/pages\/52610","targetHints":{"allow":["GET"]}}],"collection":[{"href":"https:\/\/soracamed.com\/es\/wp-json\/wp\/v2\/pages"}],"about":[{"href":"https:\/\/soracamed.com\/es\/wp-json\/wp\/v2\/types\/page"}],"author":[{"embeddable":true,"href":"https:\/\/soracamed.com\/es\/wp-json\/wp\/v2\/users\/8"}],"replies":[{"embeddable":true,"href":"https:\/\/soracamed.com\/es\/wp-json\/wp\/v2\/comments?post=52610"}],"version-history":[{"count":2,"href":"https:\/\/soracamed.com\/es\/wp-json\/wp\/v2\/pages\/52610\/revisions"}],"predecessor-version":[{"id":52624,"href":"https:\/\/soracamed.com\/es\/wp-json\/wp\/v2\/pages\/52610\/revisions\/52624"}],"wp:attachment":[{"href":"https:\/\/soracamed.com\/es\/wp-json\/wp\/v2\/media?parent=52610"}],"curies":[{"name":"wp","href":"https:\/\/api.w.org\/{rel}","templated":true}]}}