{"id":54843,"date":"2026-03-17T15:57:23","date_gmt":"2026-03-17T12:57:23","guid":{"rendered":"https:\/\/soracamed.com\/vakuutus-komplikaatioiden-varalta\/"},"modified":"2026-05-14T19:27:18","modified_gmt":"2026-05-14T16:27:18","slug":"vakuutus-komplikaatioiden-varalta","status":"publish","type":"page","link":"https:\/\/soracamed.com\/fi\/vakuutus-komplikaatioiden-varalta\/","title":{"rendered":"Vakuutus komplikaatioiden varalta"},"content":{"rendered":"\n<p>Kun potilas matkustaa ulkomaille saamaan hoitoa, turvallisuus ja mielenrauha ovat h\u00e4nen t\u00e4rkeimpi\u00e4 huolenaiheitaan. <strong>Soraca Med<\/strong> potilaan turvallisuus on etusijalla hoidon jokaisessa vaiheessa. Sen lis\u00e4ksi, ett\u00e4 teemme yhteisty\u00f6t\u00e4 kokeneiden l\u00e4\u00e4k\u00e4reiden ja nykyaikaisten hoitolaitosten kanssa, tarjoamme my\u00f6s selke\u00e4\u00e4 tietoa <strong>komplikaatiovakuutuksesta<\/strong>, joka on tarkoitettu suojaamaan potilasta siin\u00e4 harvinaisessa tapauksessa, ett\u00e4 toimenpiteen j\u00e4lkeen ilmenisi odottamaton l\u00e4\u00e4ketieteellinen komplikaatio.  <\/p>\n\n<p>Vaikka komplikaatiot l\u00e4\u00e4ketieteellisten tai esteettisten hoitojen j\u00e4lkeen ovat harvinaisia, niit\u00e4 voi toisinaan esiinty\u00e4 mink\u00e4 tahansa kirurgisen toimenpiteen yhteydess\u00e4. Komplikaatiovakuutus auttaa varmistamaan, ett\u00e4 potilaat ovat taloudellisesti turvattuja, jos toimenpiteen seurauksena tarvitaan lis\u00e4hoitoa, sairaalahoitoa tai jatkok\u00e4sittely\u00e4. T\u00e4m\u00e4n ylim\u00e4\u00e4r\u00e4isen turvan ansiosta potilaat voivat keskitty\u00e4 toipumiseensa luottavaisin mielin.  <\/p>\n\n<p>T\u00e4lt\u00e4 sivulta l\u00f6yd\u00e4t yksityiskohtaista tietoa siit\u00e4, <strong>mik\u00e4 komplikaatiovakuutus on, mit\u00e4 se kattaa, miten se toimii ja miksi sit\u00e4 suositellaan ulkomaisille potilaille, jotka matkustavat Turkkiin hoitoon Soraca Medin kautta.<\/strong><\/p>\n\n<h2 class=\"wp-block-heading\"><strong>Mik\u00e4 on komplikaatiovakuutus?<\/strong><\/h2>\n\n<p>Komplikaatiovakuutus on erityinen sairausvakuutus, joka on tarkoitettu ulkomaille hoitoon matkustaville potilaille. Se tarjoaa taloudellisen turvan siin\u00e4 harvinaisessa tapauksessa, ett\u00e4 leikkauksen tai l\u00e4\u00e4ketieteellisen toimenpiteen j\u00e4lkeen ilmenee komplikaatioita. <\/p>\n\n<p>Vaikka nykyaikaiset l\u00e4\u00e4ketieteelliset toimenpiteet ovat yleens\u00e4 turvallisia, jokaiseen leikkaukseen liittyy pieni komplikaatioiden riski. T\u00e4llaisissa tilanteissa komplikaatiovakuutus auttaa kattamaan mahdollisesti syntyv\u00e4t ylim\u00e4\u00e4r\u00e4iset sairauskulut, kuten jatkok\u00e4sittelyn, sairaalahoidon tai komplikaation hoitamiseksi tarvittavat lis\u00e4toimenpiteet. <\/p>\n\n<p>Turkkiin matkustaville ulkomaisille potilaille t\u00e4m\u00e4 vakuutus tarjoaa lis\u00e4turvaa ja mielenrauhaa. Se takaa, ett\u00e4 jos hoidon j\u00e4lkeen ilmenee odottamaton terveysongelma, potilas voi saada tarvitsemaansa hoitoa joutumatta odottamattomiin taloudellisiin rasitteisiin. <\/p>\n\n<p><strong>Soraca Med<\/strong> potilasturvallisuus ja avoimuus ovat aina etusijalla. Siksi kerromme potilaillemme komplikaatiovakuutuksesta ja siit\u00e4, miten se voi tarjota lis\u00e4suojaa heid\u00e4n hoitopolkunsa aikana. <\/p>\n\n<h2 class=\"wp-block-heading\"><strong>Mit\u00e4 komplikaatiovakuutus kattaa?<\/strong><\/h2>\n\n<p>Komplikaatiovakuutus on tarkoitettu suojaamaan potilaita silt\u00e4 varalta, ett\u00e4 leikkauksen tai l\u00e4\u00e4ketieteellisen toimenpiteen j\u00e4lkeen ilmenee odottamaton komplikaatio. Vaikka komplikaatiot ovat harvinaisia, t\u00e4m\u00e4 vakuutus takaa, ett\u00e4 potilaat voivat saada tarvitsemaansa hoitoa ilman ylim\u00e4\u00e4r\u00e4ist\u00e4 taloudellista rasitetta. <\/p>\n\n<p>Vakuutussopimuksesta riippuen komplikaatiovakuutus voi kattaa useita erilaisia komplikaation hoitoon liittyvi\u00e4 sairauskuluja.<\/p>\n\n<p>Tyypillisesti vakuutusturva voi kattaa seuraavat asiat:<\/p>\n\n<ul class=\"wp-block-list\">\n<li><strong>Lis\u00e4hoito<\/strong>, jota tarvitaan komplikaation hoitamiseksi<\/li>\n\n\n\n<li><strong>Sairaalakustannukset<\/strong>, jos potilaan on j\u00e4\u00e4t\u00e4v\u00e4 sairaalaan suunniteltua pidemm\u00e4ksi ajaksi<\/li>\n\n\n\n<li><strong>L\u00e4\u00e4k\u00e4rin ja kirurgin palkkiot<\/strong>, jotka liittyv\u00e4t komplikaation hoitoon<\/li>\n\n\n\n<li><strong>Komplikaation arvioimiseksi tarvittavat l\u00e4\u00e4ketieteelliset tutkimukset ja diagnostiset toimenpiteet<\/strong><\/li>\n\n\n\n<li><strong>Toipumiseen tarvittavat l\u00e4\u00e4kkeet ja hoidon j\u00e4lkeinen hoito<\/strong><\/li>\n<\/ul>\n\n<p>T\u00e4m\u00e4 vakuutusturva auttaa varmistamaan, ett\u00e4 potilaat saavat asianmukaista hoitoa siin\u00e4 harvinaisessa tapauksessa, ett\u00e4 toimenpiteen j\u00e4lkeen tarvitaan lis\u00e4hoitoa.<\/p>\n\n<p><strong>Soraca Med<\/strong> tavoitteenamme on tarjota potilaille turvallinen ja avoin hoitokokemus. Potilaille annettavat tiedot komplikaatioista ja niiden kattavasta vakuutuksesta auttavat heit\u00e4 tuntemaan olonsa turvalliseksi ja suojelluksi koko Turkin-hoidon ajan. <\/p>\n\n<h2 class=\"wp-block-heading\"><strong>Mit\u00e4 komplikaatiovakuutus ei kata?<\/strong><\/h2>\n\n<p>Vaikka komplikaatiovakuutus tarjoaa t\u00e4rke\u00e4n turvan odottamattomien terveysongelmien varalta, potilaiden on t\u00e4rke\u00e4\u00e4 ymm\u00e4rt\u00e4\u00e4, ett\u00e4 vakuutus ei kata kaikkia tilanteita. Vakuutussopimukset on laadittu nimenomaan kattamaan <strong>l\u00e4\u00e4ketieteellisi\u00e4 komplikaatioita<\/strong>, eiv\u00e4tk\u00e4 ne kata potilaan pyyt\u00e4mi\u00e4 valinnaisia tai kosmeettisia muutoksia. <\/p>\n\n<p>Useimmissa tapauksissa komplikaatiovakuutus <strong>ei kata<\/strong> seuraavia tilanteita:<\/p>\n\n<ul class=\"wp-block-list\">\n<li><strong>Tyytym\u00e4tt\u00f6myys esteettiseen lopputulokseen<\/strong>, jos tulos poikkeaa potilaan odotuksista, mutta on l\u00e4\u00e4ketieteelliselt\u00e4 kannalta onnistunut<\/li>\n\n\n\n<li><strong>Korjausleikkaukset, joita pyydet\u00e4\u00e4n ulkon\u00e4\u00f6n parantamiseksi<\/strong> eik\u00e4 l\u00e4\u00e4ketieteellisen komplikaation hoitamiseksi<\/li>\n\n\n\n<li><strong>Potilaan pyyt\u00e4m\u00e4t lis\u00e4hoidot<\/strong>, jotka eiv\u00e4t liity komplikaatioon<\/li>\n\n\n\n<li><strong>Vakuutussopimuksen ehtojen ulkopuolella suoritetut toimenpiteet<\/strong><\/li>\n\n\n\n<li><strong>Alkuper\u00e4iseen l\u00e4\u00e4ketieteelliseen toimenpiteeseen liittym\u00e4tt\u00f6m\u00e4t terveysongelmat<\/strong><\/li>\n<\/ul>\n\n<p>N\u00e4iden rajoitusten ymm\u00e4rt\u00e4minen auttaa varmistamaan avoimuuden ja ehk\u00e4isem\u00e4\u00e4n v\u00e4\u00e4rink\u00e4sityksi\u00e4 siit\u00e4, mit\u00e4 vakuutus kattaa.<\/p>\n\n<p><strong>Soraca Med<\/strong> pyrimme aina tarjoamaan selke\u00e4\u00e4 ja rehellist\u00e4 tietoa, jotta potilaat voivat tehd\u00e4 tietoon perustuvia p\u00e4\u00e4t\u00f6ksi\u00e4 ennen hoitojakson aloittamista Turkissa.<\/p>\n\n<h2 class=\"wp-block-heading\"><strong>Kuka tarvitsee komplikaatiovakuutusta?<\/strong><\/h2>\n\n<p>Komplikaatiovakuutus on erityisen suositeltava <strong>ulkomaalaisille potilaille, jotka matkustavat ulkomaille saamaan hoitoa<\/strong>. Kun hakeudut hoitoon toisessa maassa, lis\u00e4suojan hankkiminen voi tuoda mielenrauhaa ja taloudellista turvaa silt\u00e4 varalta, ett\u00e4 hoidossa sattuisi ilmenem\u00e4\u00e4n komplikaatioita. <\/p>\n\n<p>T\u00e4llainen vakuutus voi olla erityisen hy\u00f6dyllinen potilaille, joille tehd\u00e4\u00e4n esimerkiksi seuraavia toimenpiteit\u00e4:<\/p>\n\n<ul class=\"wp-block-list\">\n<li><strong>Plastiikka- ja kauneuskirurgia<\/strong><\/li>\n\n\n\n<li><strong>Hammasimplanttihoidot ja koko suun kunnostukset<\/strong><\/li>\n\n\n\n<li><strong>Kehon muotoiluleikkaukset<\/strong>, kuten rasvaimu tai vatsan kiristysleikkaus<\/li>\n\n\n\n<li><strong>Kasvojen leikkaukset<\/strong>, kuten silm\u00e4luomileikkaus, kasvojenkohotus tai nen\u00e4nkorjaus<\/li>\n\n\n\n<li><strong>Muut kirurgiset hoidot, jotka edellytt\u00e4v\u00e4t toipumista ja j\u00e4lkihoitoa<\/strong><\/li>\n<\/ul>\n\n<p>Toisesta maasta saapuville potilaille komplikaatiovakuutus tarjoaa lis\u00e4turvaa. Se auttaa varmistamaan, ett\u00e4 jos hoidon j\u00e4lkeen ilmenee l\u00e4\u00e4ketieteellinen komplikaatio, tarvittava hoito voidaan antaa ilman odottamattomia taloudellisia huolia. <\/p>\n\n<p><strong>Soraca Mediss\u00e4<\/strong> otamme vastaan potilaita ymp\u00e4ri maailmaa ja pyrimme tekem\u00e4\u00e4n heid\u00e4n hoitokokemuksestaan Turkissa mahdollisimman turvallisen, avoimen ja mukavan. Tietojen antaminen komplikaatiovakuutuksesta on osa sitoutumistamme vastuulliseen ja potilasl\u00e4ht\u00f6iseen terveydenhuoltoon. <\/p>\n\n<h2 class=\"wp-block-heading\"><strong>Kuinka kauan komplikaatiovakuutus on voimassa?<\/strong><\/h2>\n\n<p>Komplikaatiovakuutuksen voimassaoloaika voi vaihdella vakuutusyhti\u00f6n ja suoritetun l\u00e4\u00e4ketieteellisen toimenpiteen tyypin mukaan. Useimmissa tapauksissa komplikaatiovakuutus astuu voimaan toimenpiteen p\u00e4iv\u00e4n\u00e4 ja on voimassa tietyn ajan hoidon j\u00e4lkeen. <\/p>\n\n<p>Yleens\u00e4 komplikaatiovakuutus kattaa leikkauksen j\u00e4lkeisen <strong>m\u00e4\u00e4ritellyn ajanjakson<\/strong> aikana ilmenev\u00e4t l\u00e4\u00e4ketieteelliset komplikaatiot, jotka voivat ilmet\u00e4 muutamasta viikosta useisiin kuukausiin toimenpiteen j\u00e4lkeen. Tarkka kesto ja korvausedellytykset m\u00e4\u00e4r\u00e4ytyv\u00e4t aina vakuutussopimuksen ehtojen mukaan. <\/p>\n\n<p>T\u00e4m\u00e4n hoitojakson tarkoituksena on suojata potilaita toipumisen kriittisimm\u00e4ss\u00e4 vaiheessa, jolloin leikkauksen j\u00e4lkeisten komplikaatioiden riski on yleens\u00e4 suurimmillaan.<\/p>\n\n<p><strong>Soraca Med<\/strong> suosittelemme potilaille aina, ett\u00e4 he tutustuvat huolellisesti vakuutussopimuksen yksityiskohtiin ennen toimenpidett\u00e4, jotta he ymm\u00e4rt\u00e4v\u00e4t selv\u00e4sti vakuutusturvan keston ja sopimukseen sis\u00e4ltyv\u00e4t ehdot.<\/p>\n\n<h2 class=\"wp-block-heading\"><strong>Mit\u00e4 tapahtuu, jos ilmenee komplikaatioita?<\/strong><\/h2>\n\n<p>Vaikka komplikaatiot ovat harvinaisia, potilaiden on t\u00e4rke\u00e4\u00e4 tiet\u00e4\u00e4, miten toimia, jos toimenpiteen j\u00e4lkeen ilmenee odottamaton terveysongelma. Nopea toiminta ja yhteydenotto hoitotiimiin varmistavat, ett\u00e4 tilanne voidaan arvioida ja hoitaa asianmukaisesti. <\/p>\n\n<p>Jos komplikaatio ilmenee, menettely etenee yleens\u00e4 seuraavasti:<\/p>\n\n<ol start=\"1\" class=\"wp-block-list\">\n<li><strong>Ota yhteytt\u00e4 klinikkaan<\/strong><br\/>Potilaiden tulee ilmoittaa asiasta Soraca Medin tiimille heti, kun he huomaavat toimenpiteen j\u00e4lkeen ep\u00e4tavallisia oireita tai huolestuttavia seikkoja.<\/li>\n\n\n\n<li><strong>L\u00e4\u00e4ketieteellinen arviointi<\/strong><br\/>L\u00e4\u00e4ketieteellinen tiimimme arvioi tilanteen ja selvitt\u00e4\u00e4, onko kyseess\u00e4 normaali osa toipumisprosessia vai l\u00e4\u00e4ketieteellinen komplikaatio, joka vaatii lis\u00e4hoitoa.<\/li>\n\n\n\n<li><strong>Vakuutusilmoitus<\/strong><br\/>Jos tilannetta pidet\u00e4\u00e4n vakuutussopimuksen kattamana komplikaationa, tarvittavat tiedot ja asiakirjat voidaan toimittaa vakuutusyhti\u00f6lle.<\/li>\n\n\n\n<li><strong>Hoito ja j\u00e4lkihoito<\/strong><br\/>Mik\u00e4li potilas tarvitsee lis\u00e4hoitoa, h\u00e4nelle annetaan asianmukaista hoitoa l\u00e4\u00e4ketieteellisen arvioinnin ja vakuutusturvan mukaisesti.<\/li>\n<\/ol>\n\n<p><strong>Soraca Mediss\u00e4<\/strong> potilasturvallisuus ja j\u00e4lkihoidon tuki ovat meille ensisijaisen t\u00e4rkeit\u00e4 my\u00f6s hoidon p\u00e4\u00e4tytty\u00e4. Tiimimme tukee potilaita toipumisen kaikissa vaiheissa varmistaakseen parhaan mahdollisen lopputuloksen. <\/p>\n\n<h2 class=\"wp-block-heading\"><strong>Miksi Soraca Med suosittelee komplikaatiovakuutusta<\/strong><\/h2>\n\n<p><strong>Soraca Med<\/strong> potilasturvallisuus, avoimuus ja luottamus ovat kaiken toimintamme ytimess\u00e4. Vaikka kokeneet asiantuntijat suorittavat nykyaikaiset l\u00e4\u00e4ketieteelliset toimenpiteet tiukkojen turvallisuusvaatimusten mukaisesti, jokaiseen kirurgiseen hoitoon liittyy pieni komplikaatioiden riski. T\u00e4st\u00e4 syyst\u00e4 suosittelemme kansainv\u00e4lisille potilaillemme komplikaatiovakuutusta lis\u00e4suojana.  <\/p>\n\n<p>Komplikaatiovakuutus auttaa luomaan turvallisemman hoitopolun varmistamalla, ett\u00e4 potilaat ovat suojattuja leikkauksen j\u00e4lkeisiin komplikaatioihin liittyvilt\u00e4 odottamattomilta sairauskuluilta. T\u00e4m\u00e4n lis\u00e4suojan ansiosta potilaat voivat keskitty\u00e4 toipumiseensa ja nauttia rauhallisin mielin oleskelustaan Turkissa. <\/p>\n\n<p>Kerroimme potilaillemme komplikaatiovakuutuksesta, jotta voimme tarjota <strong>selke\u00e4n, vastuullisen ja potilaskeskeisen hoitokokemuksen<\/strong>. Tavoitteenamme ei ole pelk\u00e4st\u00e4\u00e4n saavuttaa erinomaisia hoitotuloksia, vaan my\u00f6s varmistaa, ett\u00e4 potilaat tuntevat saavansa tukea ja voivat luottaa hoitoon koko prosessin ajan \u2013 konsultaatiosta toipumiseen asti. <\/p>\n\n<p>Me Soraca Mediss\u00e4 uskomme, ett\u00e4 <strong>avoin tiedotus ja vahva potilastuki ovat laadukkaan terveydenhuollon olennaisia osia.<\/strong><\/p>\n\n<h2 class=\"wp-block-heading\"><strong>Sitoutumisemme potilasturvallisuuteen<\/strong><\/h2>\n\n<p><strong>Soraca Med<\/strong> potilasturvallisuus on meille ensisijaisen t\u00e4rke\u00e4\u00e4. Ensimm\u00e4isest\u00e4 konsultaatiosta hoidon j\u00e4lkeiseen seurantaan asti keskitymme tarjoamaan jokaiselle potilaalle turvallisen, avoimen ja ammattitaitoisen hoitokokemuksen. <\/p>\n\n<p>Hoidot suorittavat kokeneet terveydenhuollon ammattilaiset nykyaikaisia menetelmi\u00e4 ja kansainv\u00e4lisesti tunnustettuja l\u00e4\u00e4ketieteellisi\u00e4 standardeja noudattaen. Ennen toimenpidett\u00e4 potilaalle j\u00e4rjestet\u00e4\u00e4n perusteellinen konsultaatio, jossa hoitosuunnitelma, toipumisprosessi ja mahdolliset riskit selitet\u00e4\u00e4n huolellisesti. <\/p>\n\n<p>Ammattitaitoisen l\u00e4\u00e4ketieteellisen hoidon lis\u00e4ksi tarjoamme kattavaa tukea koko hoitoprosessin ajan. Tiimimme auttaa potilaita hoidon suunnittelussa, koordinoinnissa ja j\u00e4lkihoidon ohjauksessa varmistaakseen, ett\u00e4 kokemus Turkissa sujuu sujuvasti ja mukavasti. <\/p>\n\n<p>Yhdist\u00e4m\u00e4ll\u00e4 <strong>kokeneet asiantuntijat, modernit hoitotilat ja selke\u00e4n viestinn\u00e4n<\/strong>, Soraca Med pyrkii luomaan hoitoymp\u00e4rist\u00f6n, jossa potilaat tuntevat olonsa turvalliseksi, saavat tarvitsemansa tiedot ja kokevat saavansa hyv\u00e4\u00e4 hoitoa hoitopolkunsa jokaisessa vaiheessa.<\/p>\n\n<h2 class=\"wp-block-heading\"><strong>Usein kysyttyj\u00e4 kysymyksi\u00e4<\/strong><\/h2>\n<div id=\"rank-math-faq\" class=\"rank-math-block\">\n<div class=\"rank-math-list \">\n<div id=\"faq-question-1773752179632\" class=\"rank-math-list-item\">\n<h3 class=\"rank-math-question \"><strong>Onko komplikaatiovakuutus pakollinen l\u00e4\u00e4ketieteellisiss\u00e4 toimenpiteiss\u00e4 Turkissa?<\/strong><\/h3>\n<div class=\"rank-math-answer \">\n\n<p>Komplikaatiovakuutus voi olla pakollinen hoidon, terveydenhuollon tarjoajan tai toimenpiteen j\u00e4rjest\u00e4miseen k\u00e4ytetyn alustan mukaan. Usein sit\u00e4 suositellaan lis\u00e4varotoimenpiteen\u00e4, joka suojaa potilaita leikkauksen j\u00e4lkeisiin komplikaatioihin liittyvilt\u00e4 odottamattomilta sairauskuluilta. <\/p>\n\n<\/div>\n<\/div>\n<div id=\"faq-question-1773752204965\" class=\"rank-math-list-item\">\n<h3 class=\"rank-math-question \"><strong>Paljonko komplikaatiovakuutus maksaa?<\/strong><\/h3>\n<div class=\"rank-math-answer \">\n\n<p>Komplikaatiovakuutuksen hinta vaihtelee toimenpiteen tyypin ja vakuutusyhti\u00f6n mukaan. Yleens\u00e4 hinta on suhteellisen pieni verrattuna hoidon kokonaiskustannuksiin, ja sen tarkoituksena on tarjota taloudellista turvaa siin\u00e4 harvinaisessa tapauksessa, ett\u00e4 hoidossa ilmenee komplikaatioita. <\/p>\n\n<\/div>\n<\/div>\n<div id=\"faq-question-1773752211540\" class=\"rank-math-list-item\">\n<h3 class=\"rank-math-question \"><strong>Kattaako komplikaatiovakuutus uusintaleikkauksen?<\/strong><\/h3>\n<div class=\"rank-math-answer \">\n\n<p>Komplikaatiovakuutus kattaa yleens\u00e4 lis\u00e4hoidot vain silloin, kun ne ovat l\u00e4\u00e4ketieteellisesti v\u00e4ltt\u00e4m\u00e4tt\u00f6mi\u00e4 alkuper\u00e4iseen toimenpiteeseen liittyv\u00e4n komplikaation vuoksi. Esteettisten parannusten tai henkil\u00f6kohtaisten mieltymysten vuoksi pyydetyt kosmeettiset korjausleikkaukset eiv\u00e4t yleens\u00e4 kuulu vakuutusturvan piiriin. <\/p>\n\n<\/div>\n<\/div>\n<div id=\"faq-question-1773752217136\" class=\"rank-math-list-item\">\n<h3 class=\"rank-math-question \"><strong>Kuinka kauan komplikaatiovakuutus on voimassa?<\/strong><\/h3>\n<div class=\"rank-math-answer \">\n\n<p>Vakuutusturvan kesto riippuu kunkin vakuutussopimuksen ehdoista. Useimmat komplikaatiovakuutukset kattavat tietyn leikkauksen j\u00e4lkeisen ajanjakson, jonka aikana komplikaatioiden esiintymisriski on suurin. Tarkka kesto ja ehdot on m\u00e4\u00e4ritelty vakuutussopimuksessa.  <\/p>\n\n<\/div>\n<\/div>\n<div id=\"faq-question-1773752223541\" class=\"rank-math-list-item\">\n<h3 class=\"rank-math-question \"><strong>Mit\u00e4 minun pit\u00e4isi tehd\u00e4, jos minulle ilmaantuu komplikaatio toimenpiteen j\u00e4lkeen?<\/strong><\/h3>\n<div class=\"rank-math-answer \">\n\n<p>Jos huomaat toimenpiteen j\u00e4lkeen ep\u00e4tavallisia oireita tai sinulla on huolenaiheita, ota mahdollisimman pian yhteytt\u00e4 Soraca Medin tiimiin. Hoitohenkil\u00f6kuntamme arvioi tilanteen ja opastaa sinua tarvittavissa toimenpiteiss\u00e4, kuten l\u00e4\u00e4ketieteellisen hoidon j\u00e4rjest\u00e4misess\u00e4 ja vakuutusilmoituksen tekemisess\u00e4, mik\u00e4li se on tarpeen. <\/p>\n\n<\/div>\n<\/div>\n<\/div>\n<\/div>","protected":false},"excerpt":{"rendered":"<p>Kun potilas matkustaa ulkomaille saamaan hoitoa, turvallisuus ja mielenrauha ovat h\u00e4nen t\u00e4rkeimpi\u00e4 huolenaiheitaan. Soraca Med potilaan turvallisuus on etusijalla hoidon jokaisessa vaiheessa. Sen lis\u00e4ksi, ett\u00e4 teemme yhteisty\u00f6t\u00e4 kokeneiden l\u00e4\u00e4k\u00e4reiden ja nykyaikaisten hoitolaitosten kanssa, tarjoamme my\u00f6s selke\u00e4\u00e4 tietoa komplikaatiovakuutuksesta, joka on tarkoitettu suojaamaan potilasta siin\u00e4 harvinaisessa tapauksessa, ett\u00e4 toimenpiteen j\u00e4lkeen ilmenisi odottamaton l\u00e4\u00e4ketieteellinen komplikaatio. Vaikka komplikaatiot [&hellip;]<\/p>\n","protected":false},"author":8,"featured_media":0,"parent":0,"menu_order":0,"comment_status":"closed","ping_status":"closed","template":"","meta":{"_acf_changed":false,"site-sidebar-layout":"default","site-content-layout":"","ast-site-content-layout":"default","site-content-style":"default","site-sidebar-style":"default","ast-global-header-display":"","ast-banner-title-visibility":"","ast-main-header-display":"","ast-hfb-above-header-display":"","ast-hfb-below-header-display":"","ast-hfb-mobile-header-display":"","site-post-title":"","ast-breadcrumbs-content":"","ast-featured-img":"","footer-sml-layout":"","ast-disable-related-posts":"","theme-transparent-header-meta":"","adv-header-id-meta":"","stick-header-meta":"","header-above-stick-meta":"","header-main-stick-meta":"","header-below-stick-meta":"","astra-migrate-meta-layouts":"default","ast-page-background-enabled":"default","ast-page-background-meta":{"desktop":{"background-color":"","background-image":"","background-repeat":"repeat","background-position":"center center","background-size":"auto","background-attachment":"scroll","background-type":"","background-media":"","overlay-type":"","overlay-color":"","overlay-opacity":"","overlay-gradient":""},"tablet":{"background-color":"","background-image":"","background-repeat":"repeat","background-position":"center center","background-size":"auto","background-attachment":"scroll","background-type":"","background-media":"","overlay-type":"","overlay-color":"","overlay-opacity":"","overlay-gradient":""},"mobile":{"background-color":"","background-image":"","background-repeat":"repeat","background-position":"center center","background-size":"auto","background-attachment":"scroll","background-type":"","background-media":"","overlay-type":"","overlay-color":"","overlay-opacity":"","overlay-gradient":""}},"ast-content-background-meta":{"desktop":{"background-color":"var(--ast-global-color-5)","background-image":"","background-repeat":"repeat","background-position":"center center","background-size":"auto","background-attachment":"scroll","background-type":"","background-media":"","overlay-type":"","overlay-color":"","overlay-opacity":"","overlay-gradient":""},"tablet":{"background-color":"var(--ast-global-color-5)","background-image":"","background-repeat":"repeat","background-position":"center center","background-size":"auto","background-attachment":"scroll","background-type":"","background-media":"","overlay-type":"","overlay-color":"","overlay-opacity":"","overlay-gradient":""},"mobile":{"background-color":"var(--ast-global-color-5)","background-image":"","background-repeat":"repeat","background-position":"center center","background-size":"auto","background-attachment":"scroll","background-type":"","background-media":"","overlay-type":"","overlay-color":"","overlay-opacity":"","overlay-gradient":""}},"footnotes":""},"class_list":["post-54843","page","type-page","status-publish","hentry"],"acf":[],"_links":{"self":[{"href":"https:\/\/soracamed.com\/fi\/wp-json\/wp\/v2\/pages\/54843","targetHints":{"allow":["GET"]}}],"collection":[{"href":"https:\/\/soracamed.com\/fi\/wp-json\/wp\/v2\/pages"}],"about":[{"href":"https:\/\/soracamed.com\/fi\/wp-json\/wp\/v2\/types\/page"}],"author":[{"embeddable":true,"href":"https:\/\/soracamed.com\/fi\/wp-json\/wp\/v2\/users\/8"}],"replies":[{"embeddable":true,"href":"https:\/\/soracamed.com\/fi\/wp-json\/wp\/v2\/comments?post=54843"}],"version-history":[{"count":2,"href":"https:\/\/soracamed.com\/fi\/wp-json\/wp\/v2\/pages\/54843\/revisions"}],"predecessor-version":[{"id":54857,"href":"https:\/\/soracamed.com\/fi\/wp-json\/wp\/v2\/pages\/54843\/revisions\/54857"}],"wp:attachment":[{"href":"https:\/\/soracamed.com\/fi\/wp-json\/wp\/v2\/media?parent=54843"}],"curies":[{"name":"wp","href":"https:\/\/api.w.org\/{rel}","templated":true}]}}