{"id":54871,"date":"2026-02-25T11:51:59","date_gmt":"2026-02-25T08:51:59","guid":{"rendered":"https:\/\/soracamed.com\/julkaisutiedot\/"},"modified":"2026-05-14T19:33:51","modified_gmt":"2026-05-14T16:33:51","slug":"julkaisutiedot","status":"publish","type":"page","link":"https:\/\/soracamed.com\/fi\/julkaisutiedot\/","title":{"rendered":"Julkaisutiedot"},"content":{"rendered":"\n<p>Tiedot Saksan TMG-lain 5 \u00a7:n, RStV-sopimuksen 55 \u00a7:n ja EU:n avoimuusvaatimusten mukaisesti.<\/p>\n\n<h2 class=\"wp-block-heading\"><strong>1. Verkkosivuston yll\u00e4pit\u00e4j\u00e4<\/strong><\/h2>\n\n<p>Soraca Med<\/p>\n\n<h2 class=\"wp-block-heading\"><strong>2. Yrityksen rekister\u00f6ity nimi<\/strong><\/h2>\n\n<p>Soraca Med<br\/>Toimii l\u00e4\u00e4keturismin koordinoinnin ja esteettisten l\u00e4\u00e4ketieteellisten palvelujen alalla.<\/p>\n\n<h2 class=\"wp-block-heading\"><strong>3. Kotipaikka \/ Yrityksen osoite<\/strong><\/h2>\n\n<p><a href=\"https:\/\/share.google\/oWNzjP4RDkPc7LRkJ\" rel=\"nofollow noopener\" target=\"_blank\">Ku\u015fkava\u011f\u0131, 542. Sk. No:4\/B 07070 Konyaalt\u0131 \/ Antalyassa, Turkki  <\/a><\/p>\n\n<h2 class=\"wp-block-heading\"><strong>4. Yhteystiedot<\/strong><\/h2>\n\n<p>S\u00e4hk\u00f6posti: <a href=\"mailto:info@soracamed.com\">info@soracamed.com<\/a><br\/>Puhelin: <a href=\"tel:+905070701026\">+90 507 070 10 26<\/a><br\/>Verkkosivusto: <a href=\"https:\/\/soracamed.com\/fi\/\">https:\/\/soracamed.com<\/a><\/p>\n\n<h2 class=\"wp-block-heading\"><strong>5. Lakimies \/ toimitusjohtaja<\/strong><\/h2>\n\n<p>Murat Peker \u2013 yhteyshenkil\u00f6<\/p>\n\n<p>S\u00e4hk\u00f6posti:<a href=\"mailto:murat@soracamed.com\">murat@soracamed.com<\/a><br\/>Soraca Med<\/p>\n\n<h2 class=\"wp-block-heading\"><strong>6. Sis\u00e4ll\u00f6st\u00e4 vastaava taho RStV:n 55 \u00a7:n mukaisesti<\/strong><\/h2>\n\n<p><a href=\"https:\/\/share.google\/oWNzjP4RDkPc7LRkJ\" rel=\"nofollow noopener\" target=\"_blank\">Soraca Med Ku\u015fkava\u011f\u0131, 542. Sk. No:4\/B 07070 Konyaalt\u0131 \/ Antalyassa, Turkki  <\/a><\/p>\n\n<h2 class=\"wp-block-heading\"><strong>7. Verkkosivujen toimittaja \/ sis\u00e4ll\u00f6nhallinta<\/strong><\/h2>\n\n<p>Hasan Ali \u00d6zt\u00fcrk<br\/>S\u00e4hk\u00f6posti: <a href=\"mailto:alihasan0616@gmail.com\">alihasan0616@gmail.com<\/a><\/p>\n\n<p>Vastaa verkkosivuston sis\u00e4ll\u00f6n julkaisemisesta, p\u00e4ivitt\u00e4misest\u00e4 ja hallinnoinnista EU:n avoimuuss\u00e4\u00e4nn\u00f6sten mukaisesti.<\/p>\n\n<h2 class=\"wp-block-heading\"><strong>8. S\u00e4\u00e4ntelyviranomainen<\/strong><\/h2>\n\n<p>Turkin tasavallan terveysministeri\u00f6<br\/>Kaikki terveydenhuoltopalvelut tarjotaan Turkin terveydenhuoltolains\u00e4\u00e4d\u00e4nn\u00f6n mukaisesti ja toimivaltaisten turkkilaisten terveysviranomaisten valvonnassa.<\/p>\n\n<h2 class=\"wp-block-heading\"><strong>9. Ammatilliset tiedot<\/strong><\/h2>\n\n<p>Soraca Med toimii l\u00e4\u00e4keturismipalvelujen koordinoijana ja tekee yhteisty\u00f6t\u00e4 Turkin toimiluvan saaneiden l\u00e4\u00e4k\u00e4reiden ja hyv\u00e4ksyttyjen terveydenhuoltolaitosten kanssa.<\/p>\n\n<p>Kaikki l\u00e4\u00e4ketieteelliset toimenpiteet suorittavat p\u00e4tev\u00e4t ja laillisesti valtuutetut terveydenhuollon ammattilaiset Turkin voimassa olevien l\u00e4\u00e4ketieteellisten lakien ja ammattis\u00e4\u00e4nt\u00f6jen mukaisesti.<\/p>\n\n<p>Ammattinimikkeet my\u00f6nnet\u00e4\u00e4n Turkin tasavallassa.<\/p>\n\n<h2 class=\"wp-block-heading\"><strong>10. Palvelujen laajuus<\/strong><\/h2>\n\n<p>Verkkosivustolla on tietoa Turkissa tarjolla olevista esteettisist\u00e4 ja l\u00e4\u00e4ketieteellisist\u00e4 hoitovaihtoehdoista.<br\/>Yksil\u00f6lliset hoitosuunnitelmat, hinnat ja l\u00e4\u00e4ketieteelliset p\u00e4\u00e4t\u00f6kset vahvistetaan vasta henkil\u00f6kohtaisen l\u00e4\u00e4k\u00e4rintarkastuksen ja konsultaation j\u00e4lkeen.<\/p>\n\n<h2 class=\"wp-block-heading\"><strong>11. Vastuuvapauslauseke \u2013 L\u00e4\u00e4ketieteelliset tiedot<\/strong><\/h2>\n\n<p>T\u00e4ll\u00e4 verkkosivustolla julkaistu sis\u00e4lt\u00f6 on tarkoitettu ainoastaan yleist\u00e4 tiedottamista varten, eik\u00e4 se korvaa l\u00e4\u00e4ketieteellist\u00e4 neuvontaa, diagnoosia tai hoitosuositusta.<\/p>\n\n<p>Vierailijoiden ei tule luottaa pelk\u00e4st\u00e4\u00e4n verkkosivuston tietoihin l\u00e4\u00e4ketieteellisi\u00e4 p\u00e4\u00e4t\u00f6ksi\u00e4 tehdess\u00e4\u00e4n. On v\u00e4ltt\u00e4m\u00e4t\u00f6nt\u00e4 k\u00e4\u00e4nty\u00e4 suoraan p\u00e4tev\u00e4n terveydenhuollon ammattilaisen puoleen. <\/p>\n\n<h2 class=\"wp-block-heading\"><strong>12. Vastuu sis\u00e4ll\u00f6st\u00e4<\/strong><\/h2>\n\n<p>Palveluntarjoajana olemme yleisen lains\u00e4\u00e4d\u00e4nn\u00f6n nojalla vastuussa n\u00e4iden sivujen omasta sis\u00e4ll\u00f6st\u00e4.<br\/>Emme kuitenkaan ole velvollisia valvomaan l\u00e4hetettyj\u00e4 tai tallennettuja kolmansien osapuolten tietoja tai tutkimaan seikkoja, jotka viittaavat laittomaan toimintaan.<\/p>\n\n<p>Vastuuvaatimukset, jotka koskevat annettujen tietojen k\u00e4yt\u00f6st\u00e4 tai k\u00e4ytt\u00e4m\u00e4tt\u00e4 j\u00e4tt\u00e4misest\u00e4 aiheutuneita aineellisia tai aineettomia vahinkoja, hyl\u00e4t\u00e4\u00e4n, ellei voida osoittaa tahallista tai t\u00f6rke\u00e4\u00e4 huolimattomuutta.<\/p>\n\n<h2 class=\"wp-block-heading\"><strong>13. Vastuu ulkoisista linkeist\u00e4<\/strong><\/h2>\n\n<p>Verkkosivustollamme voi olla linkkej\u00e4 ulkoisiin kolmansien osapuolten verkkosivustoihin, joiden sis\u00e4lt\u00f6\u00f6n emme voi vaikuttaa.<\/p>\n\n<p>Siksi emme voi ottaa vastuuta t\u00e4llaisesta ulkoisesta sis\u00e4ll\u00f6st\u00e4. Linkitettyjen verkkosivustojen sis\u00e4ll\u00f6st\u00e4 vastaa aina kyseinen palveluntarjoaja tai yll\u00e4pit\u00e4j\u00e4. <\/p>\n\n<h2 class=\"wp-block-heading\"><strong>14. Immateriaalioikeudet \/ Tekij\u00e4noikeudet<\/strong><\/h2>\n\n<p>Kaikki t\u00e4ll\u00e4 verkkosivustolla julkaistut tekstit, kuvat, grafiikat, logot, muotoiluelementit ja muu sis\u00e4lt\u00f6 ovat kansainv\u00e4listen tekij\u00e4noikeuslakien suojaamia.<\/p>\n\n<p>Tekij\u00e4noikeuslain sallimien rajojen ylitt\u00e4v\u00e4 j\u00e4ljent\u00e4minen, muokkaaminen, jakelu tai k\u00e4ytt\u00f6 edellytt\u00e4\u00e4 Soraca Medin etuk\u00e4teen antamaa kirjallista lupaa.<\/p>\n\n<h2 class=\"wp-block-heading\"><strong>15. Riitojen ratkaiseminen verkossa (ODR)<\/strong><\/h2>\n\n<p>Euroopan komissio tarjoaa verkkopohjaisen riidanratkaisualustan (ODR):<br\/><a href=\"https:\/\/ec.europa.eu\/consumers\/odr\/\" rel=\"nofollow noopener\" target=\"_blank\">https:\/\/ec.europa.eu\/consumers\/odr\/<\/a><\/p>\n\n<p>Meill\u00e4 ei ole velvollisuutta eik\u00e4 halua osallistua kuluttajariitojen sovittelulautakunnan k\u00e4sittelyihin.<\/p>\n\n<h2 class=\"wp-block-heading\"><strong>16. Sovellettava laki<\/strong><\/h2>\n\n<p>T\u00e4t\u00e4 verkkosivustoa ja sen palveluja s\u00e4\u00e4nnell\u00e4\u00e4n Turkki tasavallan lains\u00e4\u00e4d\u00e4nn\u00f6n mukaisesti.<\/p>\n","protected":false},"excerpt":{"rendered":"<p>Tiedot Saksan TMG-lain 5 \u00a7:n, RStV-sopimuksen 55 \u00a7:n ja EU:n avoimuusvaatimusten mukaisesti. 1. Verkkosivuston yll\u00e4pit\u00e4j\u00e4 Soraca Med 2. Yrityksen rekister\u00f6ity nimi Soraca MedToimii l\u00e4\u00e4keturismin koordinoinnin ja esteettisten l\u00e4\u00e4ketieteellisten palvelujen alalla. 3. Kotipaikka \/ Yrityksen osoite Ku\u015fkava\u011f\u0131, 542. Sk. No:4\/B 07070 Konyaalt\u0131 \/ Antalyassa, Turkki 4. Yhteystiedot S\u00e4hk\u00f6posti: info@soracamed.comPuhelin: +90 507 070 10 26Verkkosivusto: https:\/\/soracamed.com 5. [&hellip;]<\/p>\n","protected":false},"author":8,"featured_media":0,"parent":0,"menu_order":0,"comment_status":"closed","ping_status":"closed","template":"","meta":{"_acf_changed":false,"site-sidebar-layout":"default","site-content-layout":"","ast-site-content-layout":"default","site-content-style":"default","site-sidebar-style":"default","ast-global-header-display":"","ast-banner-title-visibility":"","ast-main-header-display":"","ast-hfb-above-header-display":"","ast-hfb-below-header-display":"","ast-hfb-mobile-header-display":"","site-post-title":"","ast-breadcrumbs-content":"","ast-featured-img":"","footer-sml-layout":"","ast-disable-related-posts":"","theme-transparent-header-meta":"","adv-header-id-meta":"","stick-header-meta":"","header-above-stick-meta":"","header-main-stick-meta":"","header-below-stick-meta":"","astra-migrate-meta-layouts":"default","ast-page-background-enabled":"default","ast-page-background-meta":{"desktop":{"background-color":"","background-image":"","background-repeat":"repeat","background-position":"center center","background-size":"auto","background-attachment":"scroll","background-type":"","background-media":"","overlay-type":"","overlay-color":"","overlay-opacity":"","overlay-gradient":""},"tablet":{"background-color":"","background-image":"","background-repeat":"repeat","background-position":"center center","background-size":"auto","background-attachment":"scroll","background-type":"","background-media":"","overlay-type":"","overlay-color":"","overlay-opacity":"","overlay-gradient":""},"mobile":{"background-color":"","background-image":"","background-repeat":"repeat","background-position":"center center","background-size":"auto","background-attachment":"scroll","background-type":"","background-media":"","overlay-type":"","overlay-color":"","overlay-opacity":"","overlay-gradient":""}},"ast-content-background-meta":{"desktop":{"background-color":"var(--ast-global-color-5)","background-image":"","background-repeat":"repeat","background-position":"center center","background-size":"auto","background-attachment":"scroll","background-type":"","background-media":"","overlay-type":"","overlay-color":"","overlay-opacity":"","overlay-gradient":""},"tablet":{"background-color":"var(--ast-global-color-5)","background-image":"","background-repeat":"repeat","background-position":"center center","background-size":"auto","background-attachment":"scroll","background-type":"","background-media":"","overlay-type":"","overlay-color":"","overlay-opacity":"","overlay-gradient":""},"mobile":{"background-color":"var(--ast-global-color-5)","background-image":"","background-repeat":"repeat","background-position":"center center","background-size":"auto","background-attachment":"scroll","background-type":"","background-media":"","overlay-type":"","overlay-color":"","overlay-opacity":"","overlay-gradient":""}},"footnotes":""},"class_list":["post-54871","page","type-page","status-publish","hentry"],"acf":[],"_links":{"self":[{"href":"https:\/\/soracamed.com\/fi\/wp-json\/wp\/v2\/pages\/54871","targetHints":{"allow":["GET"]}}],"collection":[{"href":"https:\/\/soracamed.com\/fi\/wp-json\/wp\/v2\/pages"}],"about":[{"href":"https:\/\/soracamed.com\/fi\/wp-json\/wp\/v2\/types\/page"}],"author":[{"embeddable":true,"href":"https:\/\/soracamed.com\/fi\/wp-json\/wp\/v2\/users\/8"}],"replies":[{"embeddable":true,"href":"https:\/\/soracamed.com\/fi\/wp-json\/wp\/v2\/comments?post=54871"}],"version-history":[{"count":1,"href":"https:\/\/soracamed.com\/fi\/wp-json\/wp\/v2\/pages\/54871\/revisions"}],"predecessor-version":[{"id":54884,"href":"https:\/\/soracamed.com\/fi\/wp-json\/wp\/v2\/pages\/54871\/revisions\/54884"}],"wp:attachment":[{"href":"https:\/\/soracamed.com\/fi\/wp-json\/wp\/v2\/media?parent=54871"}],"curies":[{"name":"wp","href":"https:\/\/api.w.org\/{rel}","templated":true}]}}