{"id":50986,"date":"2026-02-25T11:51:59","date_gmt":"2026-02-25T08:51:59","guid":{"rendered":"https:\/\/soracamed.com\/mentions-legales\/"},"modified":"2026-03-15T17:52:42","modified_gmt":"2026-03-15T14:52:42","slug":"mentions-legales","status":"publish","type":"page","link":"https:\/\/soracamed.com\/fr\/mentions-legales\/","title":{"rendered":"Mentions l\u00e9gales"},"content":{"rendered":"\n<p>Informations conform\u00e9ment \u00e0 l&rsquo;article 5 de la loi allemande sur les t\u00e9l\u00e9m\u00e9dias (TMG), \u00e0 l&rsquo;article 55 du Trait\u00e9-cadre sur la radiodiffusion (RStV) et aux exigences de transparence de l&rsquo;Union europ\u00e9enne.<\/p>\n\n<h2 class=\"wp-block-heading\"><strong>1. Exploitant du site web<\/strong><\/h2>\n\n<p>Soraca Med<\/p>\n\n<h2 class=\"wp-block-heading\"><strong>2. Raison sociale<\/strong><\/h2>\n\n<p>Soraca Med<br\/>Op\u00e8re dans le domaine de la coordination du tourisme m\u00e9dical et des services de m\u00e9decine esth\u00e9tique.<\/p>\n\n<h2 class=\"wp-block-heading\"><strong>3. Si\u00e8ge social \/ Adresse professionnelle<\/strong><\/h2>\n\n<p><a href=\"https:\/\/share.google\/oWNzjP4RDkPc7LRkJ\" rel=\"nofollow noopener\" target=\"_blank\">Ku\u015fkava\u011f\u0131, 542e rue, n\u00b0 4\/B, 07070 Konyaalt\u0131 \/ Antalya, Turquie  <\/a><\/p>\n\n<h2 class=\"wp-block-heading\"><strong>4. Coordonn\u00e9es<\/strong><\/h2>\n\n<p>E-mail : <a href=\"mailto:info@soracamed.com\">info@soracamed.com<\/a><br\/>T\u00e9l\u00e9phone : <a href=\"tel:+905070701026\">+90 507 070 10 26<\/a><br\/>Site web : <a href=\"https:\/\/soracamed.com\/fr\/\">https:\/\/soracamed.com<\/a><\/p>\n\n<h2 class=\"wp-block-heading\"><strong>5. Repr\u00e9sentant l\u00e9gal \/ Directeur g\u00e9n\u00e9ral<\/strong><\/h2>\n\n<p>Murat Peker \u2013 Personne de contact<\/p>\n\n<p>E-mail :<a href=\"mailto:murat@soracamed.com\">murat@soracamed.com<\/a><br\/>Soraca Med<\/p>\n\n<h2 class=\"wp-block-heading\"><strong>6. Responsable du contenu conform\u00e9ment \u00e0 l&rsquo;article 55 du RStV<\/strong><\/h2>\n\n<p><a href=\"https:\/\/share.google\/oWNzjP4RDkPc7LRkJ\" rel=\"nofollow noopener\" target=\"_blank\">Soraca Med Ku\u015fkava\u011f\u0131, 542e rue, n\u00b0 4\/B, 07070 Konyaalt\u0131 \/ Antalya, Turquie  <\/a><\/p>\n\n<h2 class=\"wp-block-heading\"><strong>7. R\u00e9dacteur web \/ Gestionnaire de contenu<\/strong><\/h2>\n\n<p>Hasan Ali \u00d6zt\u00fcrk<br\/>E-mail : <a href=\"mailto:alihasan0616@gmail.com\">alihasan0616@gmail.com<\/a><\/p>\n\n<p>Charg\u00e9 de la publication, de la mise \u00e0 jour et de la gestion du contenu du site web conform\u00e9ment \u00e0 la r\u00e9glementation europ\u00e9enne en mati\u00e8re de transparence.<\/p>\n\n<h2 class=\"wp-block-heading\"><strong>8. Autorit\u00e9 de r\u00e9gulation<\/strong><\/h2>\n\n<p>Minist\u00e8re de la Sant\u00e9 de la R\u00e9publique de Turquie<br\/>Tous les services de sant\u00e9 sont fournis conform\u00e9ment \u00e0 la l\u00e9gislation turque en mati\u00e8re de sant\u00e9 et sous la supervision des autorit\u00e9s sanitaires turques comp\u00e9tentes.<\/p>\n\n<h2 class=\"wp-block-heading\"><strong>9. Informations professionnelles<\/strong><\/h2>\n\n<p>Soraca Med propose des services de coordination en mati\u00e8re de tourisme m\u00e9dical et collabore avec des m\u00e9decins agr\u00e9\u00e9s et des \u00e9tablissements de sant\u00e9 accr\u00e9dit\u00e9s en Turquie.<\/p>\n\n<p>Toutes les interventions m\u00e9dicales sont r\u00e9alis\u00e9es par des professionnels de sant\u00e9 certifi\u00e9s et l\u00e9galement habilit\u00e9s, conform\u00e9ment \u00e0 la l\u00e9gislation m\u00e9dicale et aux r\u00e8gles d\u00e9ontologiques en vigueur en Turquie.<\/p>\n\n<p>Les titres professionnels sont d\u00e9cern\u00e9s en R\u00e9publique de Turquie.<\/p>\n\n<h2 class=\"wp-block-heading\"><strong>10. \u00c9tendue des services<\/strong><\/h2>\n\n<p>Ce site web fournit des informations sur les options de traitements esth\u00e9tiques et m\u00e9dicaux disponibles en Turquie.<br\/>Les plans de traitement individuels, les tarifs et les d\u00e9cisions m\u00e9dicales ne sont d\u00e9termin\u00e9s qu&rsquo;apr\u00e8s un examen m\u00e9dical et une consultation personnalis\u00e9s.<\/p>\n\n<h2 class=\"wp-block-heading\"><strong>11. Clause de non-responsabilit\u00e9 \u2013 Informations m\u00e9dicales<\/strong><\/h2>\n\n<p>Le contenu publi\u00e9 sur ce site web est fourni \u00e0 titre purement informatif et ne constitue en aucun cas un avis m\u00e9dical, un diagnostic ou une recommandation de traitement.<\/p>\n\n<p>Les visiteurs ne doivent pas se fier uniquement aux informations fournies sur ce site web pour prendre des d\u00e9cisions d&rsquo;ordre m\u00e9dical. Il est indispensable de consulter directement un professionnel de sant\u00e9 qualifi\u00e9. <\/p>\n\n<h2 class=\"wp-block-heading\"><strong>12. Responsabilit\u00e9 relative au contenu<\/strong><\/h2>\n\n<p>En tant que prestataire de services, nous sommes responsables de nos propres contenus sur ces pages conform\u00e9ment \u00e0 la l\u00e9gislation en vigueur.<br\/>Toutefois, nous ne sommes pas tenus de surveiller les informations transmises ou stock\u00e9es par des tiers, ni d&rsquo;enqu\u00eater sur des faits laissant supposer une activit\u00e9 ill\u00e9gale.<\/p>\n\n<p>Toute responsabilit\u00e9 pour des dommages mat\u00e9riels ou immat\u00e9riels r\u00e9sultant de l&rsquo;utilisation ou de la non-utilisation des informations fournies est exclue, sauf en cas de faute intentionnelle ou de n\u00e9gligence grave.<\/p>\n\n<h2 class=\"wp-block-heading\"><strong>13. Responsabilit\u00e9 relative aux liens externes<\/strong><\/h2>\n\n<p>Notre site web peut contenir des liens vers des sites web externes appartenant \u00e0 des tiers, sur le contenu desquels nous n&rsquo;avons aucun contr\u00f4le.<\/p>\n\n<p>Par cons\u00e9quent, nous d\u00e9clinons toute responsabilit\u00e9 quant \u00e0 ces contenus externes. C&rsquo;est toujours le fournisseur ou l&rsquo;exploitant des sites web vers lesquels renvoient les liens qui est responsable de leur contenu. <\/p>\n\n<h2 class=\"wp-block-heading\"><strong>14. Propri\u00e9t\u00e9 intellectuelle \/ Droits d&rsquo;auteur<\/strong><\/h2>\n\n<p>Tous les textes, images, graphiques, logos, \u00e9l\u00e9ments de conception et autres contenus publi\u00e9s sur ce site web sont prot\u00e9g\u00e9s par les lois internationales sur le droit d&rsquo;auteur.<\/p>\n\n<p>Toute reproduction, modification, diffusion ou utilisation d\u00e9passant les limites pr\u00e9vues par la loi sur le droit d&rsquo;auteur n\u00e9cessite l&rsquo;accord \u00e9crit pr\u00e9alable de Soraca Med.<\/p>\n\n<h2 class=\"wp-block-heading\"><strong>15. R\u00e8glement en ligne des litiges (RLL)<\/strong><\/h2>\n\n<p>La Commission europ\u00e9enne met \u00e0 disposition une plateforme de r\u00e8glement en ligne des litiges (RLL) :<br\/><a href=\"https:\/\/ec.europa.eu\/consumers\/odr\/\" rel=\"nofollow noopener\" target=\"_blank\">https:\/\/ec.europa.eu\/consumers\/odr\/<\/a><\/p>\n\n<p>Nous ne sommes ni tenus ni dispos\u00e9s \u00e0 participer \u00e0 une proc\u00e9dure de r\u00e8glement des litiges devant une commission d&rsquo;arbitrage de la consommation.<\/p>\n\n<h2 class=\"wp-block-heading\"><strong>16. Droit applicable<\/strong><\/h2>\n\n<p>Ce site web et ses services sont r\u00e9gis par les lois de la R\u00e9publique de Turquie.<\/p>\n","protected":false},"excerpt":{"rendered":"<p>Informations conform\u00e9ment \u00e0 l&rsquo;article 5 de la loi allemande sur les t\u00e9l\u00e9m\u00e9dias (TMG), \u00e0 l&rsquo;article 55 du Trait\u00e9-cadre sur la radiodiffusion (RStV) et aux exigences de transparence de l&rsquo;Union europ\u00e9enne. 1. Exploitant du site web Soraca Med 2. Raison sociale Soraca MedOp\u00e8re dans le domaine de la coordination du tourisme m\u00e9dical et des services de [&hellip;]<\/p>\n","protected":false},"author":8,"featured_media":0,"parent":0,"menu_order":0,"comment_status":"closed","ping_status":"closed","template":"","meta":{"_acf_changed":false,"site-sidebar-layout":"default","site-content-layout":"","ast-site-content-layout":"default","site-content-style":"default","site-sidebar-style":"default","ast-global-header-display":"","ast-banner-title-visibility":"","ast-main-header-display":"","ast-hfb-above-header-display":"","ast-hfb-below-header-display":"","ast-hfb-mobile-header-display":"","site-post-title":"","ast-breadcrumbs-content":"","ast-featured-img":"","footer-sml-layout":"","ast-disable-related-posts":"","theme-transparent-header-meta":"","adv-header-id-meta":"","stick-header-meta":"","header-above-stick-meta":"","header-main-stick-meta":"","header-below-stick-meta":"","astra-migrate-meta-layouts":"default","ast-page-background-enabled":"default","ast-page-background-meta":{"desktop":{"background-color":"","background-image":"","background-repeat":"repeat","background-position":"center center","background-size":"auto","background-attachment":"scroll","background-type":"","background-media":"","overlay-type":"","overlay-color":"","overlay-opacity":"","overlay-gradient":""},"tablet":{"background-color":"","background-image":"","background-repeat":"repeat","background-position":"center center","background-size":"auto","background-attachment":"scroll","background-type":"","background-media":"","overlay-type":"","overlay-color":"","overlay-opacity":"","overlay-gradient":""},"mobile":{"background-color":"","background-image":"","background-repeat":"repeat","background-position":"center center","background-size":"auto","background-attachment":"scroll","background-type":"","background-media":"","overlay-type":"","overlay-color":"","overlay-opacity":"","overlay-gradient":""}},"ast-content-background-meta":{"desktop":{"background-color":"var(--ast-global-color-5)","background-image":"","background-repeat":"repeat","background-position":"center center","background-size":"auto","background-attachment":"scroll","background-type":"","background-media":"","overlay-type":"","overlay-color":"","overlay-opacity":"","overlay-gradient":""},"tablet":{"background-color":"var(--ast-global-color-5)","background-image":"","background-repeat":"repeat","background-position":"center center","background-size":"auto","background-attachment":"scroll","background-type":"","background-media":"","overlay-type":"","overlay-color":"","overlay-opacity":"","overlay-gradient":""},"mobile":{"background-color":"var(--ast-global-color-5)","background-image":"","background-repeat":"repeat","background-position":"center center","background-size":"auto","background-attachment":"scroll","background-type":"","background-media":"","overlay-type":"","overlay-color":"","overlay-opacity":"","overlay-gradient":""}},"footnotes":""},"class_list":["post-50986","page","type-page","status-publish","hentry"],"acf":[],"_links":{"self":[{"href":"https:\/\/soracamed.com\/fr\/wp-json\/wp\/v2\/pages\/50986","targetHints":{"allow":["GET"]}}],"collection":[{"href":"https:\/\/soracamed.com\/fr\/wp-json\/wp\/v2\/pages"}],"about":[{"href":"https:\/\/soracamed.com\/fr\/wp-json\/wp\/v2\/types\/page"}],"author":[{"embeddable":true,"href":"https:\/\/soracamed.com\/fr\/wp-json\/wp\/v2\/users\/8"}],"replies":[{"embeddable":true,"href":"https:\/\/soracamed.com\/fr\/wp-json\/wp\/v2\/comments?post=50986"}],"version-history":[{"count":0,"href":"https:\/\/soracamed.com\/fr\/wp-json\/wp\/v2\/pages\/50986\/revisions"}],"wp:attachment":[{"href":"https:\/\/soracamed.com\/fr\/wp-json\/wp\/v2\/media?parent=50986"}],"curies":[{"name":"wp","href":"https:\/\/api.w.org\/{rel}","templated":true}]}}