{"id":51014,"date":"2026-02-25T11:51:59","date_gmt":"2026-02-25T08:51:59","guid":{"rendered":"https:\/\/soracamed.com\/note-legali\/"},"modified":"2026-03-15T18:03:03","modified_gmt":"2026-03-15T15:03:03","slug":"note-legali","status":"publish","type":"page","link":"https:\/\/soracamed.com\/it\/note-legali\/","title":{"rendered":"Note legali"},"content":{"rendered":"\n<p>Informazioni ai sensi dell&#8217;articolo 5 della legge tedesca sui media (TMG), dell&#8217;articolo 55 del Trattato statale sulla radiodiffusione (RStV) e dei requisiti di trasparenza dell&#8217;Unione Europea.<\/p>\n\n<h2 class=\"wp-block-heading\"><strong>1. Gestore del sito web<\/strong><\/h2>\n\n<p>Soraca Med<\/p>\n\n<h2 class=\"wp-block-heading\"><strong>2. Ragione sociale<\/strong><\/h2>\n\n<p>Soraca Med<br\/>Opera nel settore del coordinamento del turismo medico e dei servizi di medicina estetica.<\/p>\n\n<h2 class=\"wp-block-heading\"><strong>3. Sede legale \/ Indirizzo commerciale<\/strong><\/h2>\n\n<p><a href=\"https:\/\/share.google\/oWNzjP4RDkPc7LRkJ\" rel=\"nofollow noopener\" target=\"_blank\">Ku\u015fkava\u011f\u0131, Via 542, n. 4\/B 07070 Konyaalt\u0131 \/ Antalya, Turchia  <\/a><\/p>\n\n<h2 class=\"wp-block-heading\"><strong>4. Informazioni di contatto<\/strong><\/h2>\n\n<p>E-mail: <a href=\"mailto:info@soracamed.com\">info@soracamed.com<\/a><br\/>Telefono: <a href=\"tel:+905070701026\">+90 507 070 10 26<\/a><br\/>Sito web: <a href=\"https:\/\/soracamed.com\/it\/\">https:\/\/soracamed.com<\/a><\/p>\n\n<h2 class=\"wp-block-heading\"><strong>5. Rappresentante legale \/ Amministratore delegato<\/strong><\/h2>\n\n<p>Murat Peker \u2013 Referente<\/p>\n\n<p>E-mail:<a href=\"mailto:murat@soracamed.com\">murat@soracamed.com<\/a><br\/>Soraca Med<\/p>\n\n<h2 class=\"wp-block-heading\"><strong>6. Responsabile dei contenuti ai sensi dell&#8217;articolo 55 del RStV<\/strong><\/h2>\n\n<p><a href=\"https:\/\/share.google\/oWNzjP4RDkPc7LRkJ\" rel=\"nofollow noopener\" target=\"_blank\">Soraca Med Ku\u015fkava\u011f\u0131, Via 542, n. 4\/B, 07070 Konyaalt\u0131 \/ Antalya, Turchia  <\/a><\/p>\n\n<h2 class=\"wp-block-heading\"><strong>7. Redattore del sito web \/ Responsabile dei contenuti<\/strong><\/h2>\n\n<p>Hasan Ali \u00d6zt\u00fcrk<br\/>E-mail: <a href=\"mailto:alihasan0616@gmail.com\">alihasan0616@gmail.com<\/a><\/p>\n\n<p>Responsabile della pubblicazione, dell&#8217;aggiornamento e della gestione dei contenuti del sito web in conformit\u00e0 con le norme dell&#8217;UE in materia di trasparenza.<\/p>\n\n<h2 class=\"wp-block-heading\"><strong>8. Autorit\u00e0 di regolamentazione<\/strong><\/h2>\n\n<p>Ministero della Salute della Repubblica di Turchia<br\/>Tutti i servizi sanitari sono forniti in conformit\u00e0 con la legislazione sanitaria turca e sotto la supervisione delle autorit\u00e0 sanitarie turche competenti.<\/p>\n\n<h2 class=\"wp-block-heading\"><strong>9. Informazioni professionali<\/strong><\/h2>\n\n<p>Soraca Med opera come servizio di coordinamento nel settore del turismo medico e collabora con medici abilitati e strutture sanitarie accreditate in Turchia.<\/p>\n\n<p>Tutte le procedure mediche vengono eseguite da professionisti sanitari certificati e legalmente autorizzati, in conformit\u00e0 con le leggi sanitarie turche e le norme professionali vigenti.<\/p>\n\n<p>I titoli professionali vengono rilasciati nella Repubblica di Turchia.<\/p>\n\n<h2 class=\"wp-block-heading\"><strong>10. Ambito dei servizi<\/strong><\/h2>\n\n<p>Il sito web fornisce informazioni sulle opzioni di trattamenti estetici e medici disponibili in Turchia.<br\/>I piani di trattamento personalizzati, i costi e le decisioni mediche vengono stabiliti solo dopo una valutazione medica individuale e un colloquio con il medico.<\/p>\n\n<h2 class=\"wp-block-heading\"><strong>11. Dichiarazione di non responsabilit\u00e0 \u2013 Informazioni mediche<\/strong><\/h2>\n\n<p>I contenuti pubblicati su questo sito web hanno esclusivamente scopo informativo generale e non costituiscono un parere medico, una diagnosi o una raccomandazione terapeutica.<\/p>\n\n<p>I visitatori non devono basarsi esclusivamente sulle informazioni presenti sul sito web per prendere decisioni di natura medica. \u00c8 necessario consultare direttamente un operatore sanitario qualificato. <\/p>\n\n<h2 class=\"wp-block-heading\"><strong>12. Responsabilit\u00e0 per i contenuti<\/strong><\/h2>\n\n<p>In qualit\u00e0 di fornitori di servizi, siamo responsabili dei contenuti da noi pubblicati su queste pagine ai sensi della normativa vigente.<br\/>Tuttavia, non siamo tenuti a monitorare le informazioni di terzi trasmesse o memorizzate n\u00e9 a indagare su circostanze che indichino attivit\u00e0 illecite.<\/p>\n\n<p>Sono escluse rivendicazioni di responsabilit\u00e0 relative a danni materiali o immateriali causati dall&#8217;uso o dal mancato uso delle informazioni fornite, salvo in caso di dolo o colpa grave.<\/p>\n\n<h2 class=\"wp-block-heading\"><strong>13. Responsabilit\u00e0 per i link esterni<\/strong><\/h2>\n\n<p>Il nostro sito web pu\u00f2 contenere link a siti web esterni di terze parti sui cui contenuti non abbiamo alcun controllo.<\/p>\n\n<p>Pertanto, non ci assumiamo alcuna responsabilit\u00e0 per tali contenuti esterni. La responsabilit\u00e0 dei contenuti dei siti web collegati spetta sempre al rispettivo fornitore o gestore. <\/p>\n\n<h2 class=\"wp-block-heading\"><strong>14. Propriet\u00e0 intellettuale \/ Diritti d&#8217;autore<\/strong><\/h2>\n\n<p>Tutti i testi, le immagini, la grafica, i loghi, gli elementi di design e gli altri contenuti pubblicati su questo sito web sono protetti dalle leggi internazionali sul diritto d&#8217;autore.<\/p>\n\n<p>Qualsiasi riproduzione, modifica, distribuzione o utilizzo che esuli dai limiti previsti dalla legge sul diritto d&#8217;autore richiede il previo consenso scritto di Soraca Med.<\/p>\n\n<h2 class=\"wp-block-heading\"><strong>15. Risoluzione delle controversie online (ODR)<\/strong><\/h2>\n\n<p>La Commissione europea mette a disposizione una piattaforma per la risoluzione delle controversie online (ODR):<br\/><a href=\"https:\/\/ec.europa.eu\/consumers\/odr\/\" rel=\"nofollow noopener\" target=\"_blank\">https:\/\/ec.europa.eu\/consumers\/odr\/<\/a><\/p>\n\n<p>Non siamo n\u00e9 tenuti n\u00e9 disposti a partecipare a procedimenti di risoluzione delle controversie dinanzi a un collegio arbitrale per i consumatori.<\/p>\n\n<h2 class=\"wp-block-heading\"><strong>16. Legge applicabile<\/strong><\/h2>\n\n<p>Il presente sito web e i relativi servizi sono regolati dalle leggi della Repubblica di Turchia.<\/p>\n","protected":false},"excerpt":{"rendered":"<p>Informazioni ai sensi dell&#8217;articolo 5 della legge tedesca sui media (TMG), dell&#8217;articolo 55 del Trattato statale sulla radiodiffusione (RStV) e dei requisiti di trasparenza dell&#8217;Unione Europea. 1. Gestore del sito web Soraca Med 2. Ragione sociale Soraca MedOpera nel settore del coordinamento del turismo medico e dei servizi di medicina estetica. 3. Sede legale \/ [&hellip;]<\/p>\n","protected":false},"author":8,"featured_media":0,"parent":0,"menu_order":0,"comment_status":"closed","ping_status":"closed","template":"","meta":{"_acf_changed":false,"site-sidebar-layout":"default","site-content-layout":"","ast-site-content-layout":"default","site-content-style":"default","site-sidebar-style":"default","ast-global-header-display":"","ast-banner-title-visibility":"","ast-main-header-display":"","ast-hfb-above-header-display":"","ast-hfb-below-header-display":"","ast-hfb-mobile-header-display":"","site-post-title":"","ast-breadcrumbs-content":"","ast-featured-img":"","footer-sml-layout":"","ast-disable-related-posts":"","theme-transparent-header-meta":"","adv-header-id-meta":"","stick-header-meta":"","header-above-stick-meta":"","header-main-stick-meta":"","header-below-stick-meta":"","astra-migrate-meta-layouts":"default","ast-page-background-enabled":"default","ast-page-background-meta":{"desktop":{"background-color":"","background-image":"","background-repeat":"repeat","background-position":"center center","background-size":"auto","background-attachment":"scroll","background-type":"","background-media":"","overlay-type":"","overlay-color":"","overlay-opacity":"","overlay-gradient":""},"tablet":{"background-color":"","background-image":"","background-repeat":"repeat","background-position":"center center","background-size":"auto","background-attachment":"scroll","background-type":"","background-media":"","overlay-type":"","overlay-color":"","overlay-opacity":"","overlay-gradient":""},"mobile":{"background-color":"","background-image":"","background-repeat":"repeat","background-position":"center center","background-size":"auto","background-attachment":"scroll","background-type":"","background-media":"","overlay-type":"","overlay-color":"","overlay-opacity":"","overlay-gradient":""}},"ast-content-background-meta":{"desktop":{"background-color":"var(--ast-global-color-5)","background-image":"","background-repeat":"repeat","background-position":"center center","background-size":"auto","background-attachment":"scroll","background-type":"","background-media":"","overlay-type":"","overlay-color":"","overlay-opacity":"","overlay-gradient":""},"tablet":{"background-color":"var(--ast-global-color-5)","background-image":"","background-repeat":"repeat","background-position":"center center","background-size":"auto","background-attachment":"scroll","background-type":"","background-media":"","overlay-type":"","overlay-color":"","overlay-opacity":"","overlay-gradient":""},"mobile":{"background-color":"var(--ast-global-color-5)","background-image":"","background-repeat":"repeat","background-position":"center center","background-size":"auto","background-attachment":"scroll","background-type":"","background-media":"","overlay-type":"","overlay-color":"","overlay-opacity":"","overlay-gradient":""}},"footnotes":""},"class_list":["post-51014","page","type-page","status-publish","hentry"],"acf":[],"_links":{"self":[{"href":"https:\/\/soracamed.com\/it\/wp-json\/wp\/v2\/pages\/51014","targetHints":{"allow":["GET"]}}],"collection":[{"href":"https:\/\/soracamed.com\/it\/wp-json\/wp\/v2\/pages"}],"about":[{"href":"https:\/\/soracamed.com\/it\/wp-json\/wp\/v2\/types\/page"}],"author":[{"embeddable":true,"href":"https:\/\/soracamed.com\/it\/wp-json\/wp\/v2\/users\/8"}],"replies":[{"embeddable":true,"href":"https:\/\/soracamed.com\/it\/wp-json\/wp\/v2\/comments?post=51014"}],"version-history":[{"count":0,"href":"https:\/\/soracamed.com\/it\/wp-json\/wp\/v2\/pages\/51014\/revisions"}],"wp:attachment":[{"href":"https:\/\/soracamed.com\/it\/wp-json\/wp\/v2\/media?parent=51014"}],"curies":[{"name":"wp","href":"https:\/\/api.w.org\/{rel}","templated":true}]}}