{"id":51028,"date":"2026-02-25T11:51:59","date_gmt":"2026-02-25T08:51:59","guid":{"rendered":"https:\/\/soracamed.com\/isleidimo-duomenys\/"},"modified":"2026-03-15T18:07:50","modified_gmt":"2026-03-15T15:07:50","slug":"isleidimo-duomenys","status":"publish","type":"page","link":"https:\/\/soracamed.com\/lt\/isleidimo-duomenys\/","title":{"rendered":"I\u0161leidimo duomenys"},"content":{"rendered":"\n<p>Informacija pagal Vokietijos TMG 5 straipsn\u012f, RStV 55 straipsn\u012f ir ES skaidrumo reikalavimus.<\/p>\n\n<h2 class=\"wp-block-heading\"><strong>1. Svetain\u0117s operatorius<\/strong><\/h2>\n\n<p>Soraca Med<\/p>\n\n<h2 class=\"wp-block-heading\"><strong>2. \u012eregistruotas \u012fmon\u0117s pavadinimas<\/strong><\/h2>\n\n<p>\u201eSoraca Med\u201c<br\/>u\u017esiima medicininio turizmo koordinavimu ir estetin\u0117s medicinos paslaug\u0173 teikimu.<\/p>\n\n<h2 class=\"wp-block-heading\"><strong>3. Registruota buvein\u0117 \/ \u012emon\u0117s adresas<\/strong><\/h2>\n\n<p><a href=\"https:\/\/share.google\/oWNzjP4RDkPc7LRkJ\" rel=\"nofollow noopener\" target=\"_blank\">Ku\u015fkava\u011f\u0131, 542-oji gatv\u0117, Nr. 4\/B, 07070 Konyaalt\u0131 \/ Antalija, Turkija  <\/a><\/p>\n\n<h2 class=\"wp-block-heading\"><strong>4. Kontaktin\u0117 informacija<\/strong><\/h2>\n\n<p>El. pa\u0161tas: <a href=\"mailto:info@soracamed.com\">info@soracamed.com<\/a><br\/>Telefonas: <a href=\"tel:+905070701026\">+90 507 070 10 26<\/a><br\/>Interneto svetain\u0117: <a href=\"https:\/\/soracamed.com\/lt\/\">https:\/\/soracamed.com<\/a><\/p>\n\n<h2 class=\"wp-block-heading\"><strong>5. Teisinis atstovas \/ generalinis direktorius<\/strong><\/h2>\n\n<p>Murat Peker \u2013 kontaktinis asmuo<\/p>\n\n<p>El. pa\u0161tas:<a href=\"mailto:murat@soracamed.com\">murat@soracamed.com<\/a><br\/>Soraca Med<\/p>\n\n<h2 class=\"wp-block-heading\"><strong>6. Atsakingas u\u017e turin\u012f pagal RStV 55 straipsn\u012f<\/strong><\/h2>\n\n<p><a href=\"https:\/\/share.google\/oWNzjP4RDkPc7LRkJ\" rel=\"nofollow noopener\" target=\"_blank\">Soraca Med Ku\u015fkava\u011f\u0131, 542-oji gatv\u0117, Nr. 4\/B, 07070 Konyaalt\u0131 \/ Antalija, Turkija  <\/a><\/p>\n\n<h2 class=\"wp-block-heading\"><strong>7. Svetain\u0117s redaktorius \/ turinio vadybininkas<\/strong><\/h2>\n\n<p>Hasan Ali \u00d6zt\u00fcrk<br\/>El. pa\u0161tas: <a href=\"mailto:alihasan0616@gmail.com\">alihasan0616@gmail.com<\/a><\/p>\n\n<p>Atsakingas u\u017e svetain\u0117s turinio skelbim\u0105, atnaujinim\u0105 ir tvarkym\u0105 laikantis ES skaidrumo taisykli\u0173.<\/p>\n\n<h2 class=\"wp-block-heading\"><strong>8. Reguliavimo institucija<\/strong><\/h2>\n\n<p>Turkijos Respublikos sveikatos apsaugos ministerija<br\/>Visos sveikatos prie\u017ei\u016bros paslaugos teikiamos laikantis Turkijos sveikatos prie\u017ei\u016bros teis\u0117s akt\u0173 ir pri\u017ei\u016brint kompetentingoms Turkijos sveikatos prie\u017ei\u016bros institucijoms.<\/p>\n\n<h2 class=\"wp-block-heading\"><strong>9. Informacija apie profesin\u0119 veikl\u0105<\/strong><\/h2>\n\n<p>\u201eSoraca Med\u201c teikia medicininio turizmo koordinavimo paslaugas ir bendradarbiauja su licencijuotais gydytojais bei akredituotomis sveikatos prie\u017ei\u016bros \u012fstaigomis Turkijoje.<\/p>\n\n<p>Visas medicinines proced\u016bras atlieka sertifikuoti ir \u012fstatym\u0173 nustatyta tvarka \u012fgalioti medicinos specialistai, laikydamiesi galiojan\u010di\u0173 Turkijos medicinos \u012fstatym\u0173 ir profesini\u0173 taisykli\u0173.<\/p>\n\n<p>Profesiniai laipsniai suteikiami Turkija Respublikoje.<\/p>\n\n<h2 class=\"wp-block-heading\"><strong>10. Paslaug\u0173 apimtis<\/strong><\/h2>\n\n<p>Svetain\u0117je pateikiama informacija apie Turkijoje si\u016blomas estetin\u0117s ir medicinin\u0117s proced\u016bras.<br\/>Individual\u016bs gydymo planai, kainos ir medicininiai sprendimai nustatomi tik po asmenin\u0117s medicinin\u0117s ap\u017ei\u016bros ir konsultacijos.<\/p>\n\n<h2 class=\"wp-block-heading\"><strong>11. Atsakomyb\u0117s apribojimas \u2013 Medicinin\u0117 informacija<\/strong><\/h2>\n\n<p>\u0160ioje svetain\u0117je skelbiama informacija skirta tik bendram informavimui ir nelaikoma medicininiu patarimu, diagnoze ar gydymo rekomendacija.<\/p>\n\n<p>Priimdami sprendimus d\u0117l sveikatos, lankytojai netur\u0117t\u0173 remtis vien tik svetain\u0117je pateikta informacija. B\u016btina tiesiogiai pasikonsultuoti su kvalifikuotu sveikatos prie\u017ei\u016bros specialistu. <\/p>\n\n<h2 class=\"wp-block-heading\"><strong>12. Atsakomyb\u0117 u\u017e turin\u012f<\/strong><\/h2>\n\n<p>Kaip paslaug\u0173 teik\u0117jas, pagal bendr\u0105sias teis\u0117s normas esame atsakingi u\u017e savo turin\u012f \u0161iose puslapiuose.<br\/>Ta\u010diau neturime pareigos steb\u0117ti perduodamos ar saugomos tre\u010di\u0173j\u0173 \u0161ali\u0173 informacijos ar tirti aplinkybes, rodan\u010dias neteis\u0117t\u0105 veikl\u0105.<\/p>\n\n<p>Atsakomyb\u0117s reikalavimai d\u0117l materialin\u0117s ar nematerialin\u0117s \u017ealos, patirtos d\u0117l pateiktos informacijos naudojimo ar nenaudojimo, netaikomi, i\u0161skyrus atvejus, kai yra \u012frodym\u0173 apie ty\u010din\u012f ar ypa\u010d neatsarg\u0173 elges\u012f.<\/p>\n\n<h2 class=\"wp-block-heading\"><strong>13. Atsakomyb\u0117 u\u017e i\u0161orines nuorodas<\/strong><\/h2>\n\n<p>M\u016bs\u0173 svetain\u0117je gali b\u016bti nuorod\u0173 \u012f i\u0161orines tre\u010di\u0173j\u0173 \u0161ali\u0173 svetaines, kuri\u0173 turinio mes nekontroliuojame.<\/p>\n\n<p>Tod\u0117l mes neprisiimame jokios atsakomyb\u0117s u\u017e tok\u012f i\u0161orin\u012f turin\u012f. U\u017e nuorodose pateikt\u0173 svetaini\u0173 turin\u012f visada atsako atitinkamas j\u0173 teik\u0117jas ar operatorius. <\/p>\n\n<h2 class=\"wp-block-heading\"><strong>14. Intelektin\u0117 nuosavyb\u0117 \/ Autori\u0173 teis\u0117s<\/strong><\/h2>\n\n<p>Visi \u0161ioje svetain\u0117je skelbiami tekstai, vaizdai, grafika, logotipai, dizaino elementai ir kitas turinys yra saugomi tarptautini\u0173 autori\u0173 teisi\u0173 \u012fstatym\u0173.<\/p>\n\n<p>Bet koks atgaminimas, redagavimas, platinimas ar naudojimas, vir\u0161ijantis autori\u0173 teisi\u0173 \u012fstatymo nustatytas ribas, reikalauja i\u0161ankstinio ra\u0161ti\u0161ko \u201eSoraca Med\u201c sutikimo.<\/p>\n\n<h2 class=\"wp-block-heading\"><strong>15. Gin\u010d\u0173 sprendimas internetu (ODR)<\/strong><\/h2>\n\n<p>Europos Komisija teikia internetinio gin\u010d\u0173 sprendimo (ODR) platform\u0105:<br\/><a href=\"https:\/\/ec.europa.eu\/consumers\/odr\/\" rel=\"nofollow noopener\" target=\"_blank\">https:\/\/ec.europa.eu\/consumers\/odr\/<\/a><\/p>\n\n<p>Mes neturime pareigos ir nesame link\u0119 dalyvauti gin\u010d\u0173 sprendimo proced\u016brose vartotoj\u0173 arbitra\u017eo komisijoje.<\/p>\n\n<h2 class=\"wp-block-heading\"><strong>16. Taikytina teis\u0117<\/strong><\/h2>\n\n<p>\u0160iai svetainei ir joje teikiamoms paslaugoms taikomi Turkijos Respublikos \u012fstatymai.<\/p>\n","protected":false},"excerpt":{"rendered":"<p>Informacija pagal Vokietijos TMG 5 straipsn\u012f, RStV 55 straipsn\u012f ir ES skaidrumo reikalavimus. 1. Svetain\u0117s operatorius Soraca Med 2. \u012eregistruotas \u012fmon\u0117s pavadinimas \u201eSoraca Med\u201cu\u017esiima medicininio turizmo koordinavimu ir estetin\u0117s medicinos paslaug\u0173 teikimu. 3. Registruota buvein\u0117 \/ \u012emon\u0117s adresas Ku\u015fkava\u011f\u0131, 542-oji gatv\u0117, Nr. 4\/B, 07070 Konyaalt\u0131 \/ Antalija, Turkija 4. Kontaktin\u0117 informacija El. pa\u0161tas: info@soracamed.comTelefonas: +90 [&hellip;]<\/p>\n","protected":false},"author":8,"featured_media":0,"parent":0,"menu_order":0,"comment_status":"closed","ping_status":"closed","template":"","meta":{"_acf_changed":false,"site-sidebar-layout":"default","site-content-layout":"","ast-site-content-layout":"default","site-content-style":"default","site-sidebar-style":"default","ast-global-header-display":"","ast-banner-title-visibility":"","ast-main-header-display":"","ast-hfb-above-header-display":"","ast-hfb-below-header-display":"","ast-hfb-mobile-header-display":"","site-post-title":"","ast-breadcrumbs-content":"","ast-featured-img":"","footer-sml-layout":"","ast-disable-related-posts":"","theme-transparent-header-meta":"","adv-header-id-meta":"","stick-header-meta":"","header-above-stick-meta":"","header-main-stick-meta":"","header-below-stick-meta":"","astra-migrate-meta-layouts":"default","ast-page-background-enabled":"default","ast-page-background-meta":{"desktop":{"background-color":"","background-image":"","background-repeat":"repeat","background-position":"center center","background-size":"auto","background-attachment":"scroll","background-type":"","background-media":"","overlay-type":"","overlay-color":"","overlay-opacity":"","overlay-gradient":""},"tablet":{"background-color":"","background-image":"","background-repeat":"repeat","background-position":"center center","background-size":"auto","background-attachment":"scroll","background-type":"","background-media":"","overlay-type":"","overlay-color":"","overlay-opacity":"","overlay-gradient":""},"mobile":{"background-color":"","background-image":"","background-repeat":"repeat","background-position":"center center","background-size":"auto","background-attachment":"scroll","background-type":"","background-media":"","overlay-type":"","overlay-color":"","overlay-opacity":"","overlay-gradient":""}},"ast-content-background-meta":{"desktop":{"background-color":"var(--ast-global-color-5)","background-image":"","background-repeat":"repeat","background-position":"center center","background-size":"auto","background-attachment":"scroll","background-type":"","background-media":"","overlay-type":"","overlay-color":"","overlay-opacity":"","overlay-gradient":""},"tablet":{"background-color":"var(--ast-global-color-5)","background-image":"","background-repeat":"repeat","background-position":"center center","background-size":"auto","background-attachment":"scroll","background-type":"","background-media":"","overlay-type":"","overlay-color":"","overlay-opacity":"","overlay-gradient":""},"mobile":{"background-color":"var(--ast-global-color-5)","background-image":"","background-repeat":"repeat","background-position":"center center","background-size":"auto","background-attachment":"scroll","background-type":"","background-media":"","overlay-type":"","overlay-color":"","overlay-opacity":"","overlay-gradient":""}},"footnotes":""},"class_list":["post-51028","page","type-page","status-publish","hentry"],"acf":[],"_links":{"self":[{"href":"https:\/\/soracamed.com\/lt\/wp-json\/wp\/v2\/pages\/51028","targetHints":{"allow":["GET"]}}],"collection":[{"href":"https:\/\/soracamed.com\/lt\/wp-json\/wp\/v2\/pages"}],"about":[{"href":"https:\/\/soracamed.com\/lt\/wp-json\/wp\/v2\/types\/page"}],"author":[{"embeddable":true,"href":"https:\/\/soracamed.com\/lt\/wp-json\/wp\/v2\/users\/8"}],"replies":[{"embeddable":true,"href":"https:\/\/soracamed.com\/lt\/wp-json\/wp\/v2\/comments?post=51028"}],"version-history":[{"count":0,"href":"https:\/\/soracamed.com\/lt\/wp-json\/wp\/v2\/pages\/51028\/revisions"}],"wp:attachment":[{"href":"https:\/\/soracamed.com\/lt\/wp-json\/wp\/v2\/media?parent=51028"}],"curies":[{"name":"wp","href":"https:\/\/api.w.org\/{rel}","templated":true}]}}