{"id":52548,"date":"2026-03-17T15:57:23","date_gmt":"2026-03-17T12:57:23","guid":{"rendered":"https:\/\/soracamed.com\/draudimas-nuo-komplikaciju\/"},"modified":"2026-03-24T16:28:00","modified_gmt":"2026-03-24T13:28:00","slug":"draudimas-nuo-komplikaciju","status":"publish","type":"page","link":"https:\/\/soracamed.com\/lt\/draudimas-nuo-komplikaciju\/","title":{"rendered":"Draudimas nuo komplikacij\u0173"},"content":{"rendered":"\n<p>Keliaujant \u012f u\u017esien\u012f gydytis, pacientams svarbiausia yra saugumas ir ramyb\u0117. <strong>\u201eSoraca Med\u201c<\/strong> visais gydymo etapais teikia pirmenyb\u0119 pacient\u0173 saugumui. Be to, kad bendradarbiaujame su patyrusiais gydytojais ir naudojame moderni\u0105 medicinin\u0119 \u012frang\u0105, taip pat teikiame ai\u0161ki\u0105 informacij\u0105 apie <strong>komplikacij\u0173 draudim\u0105<\/strong>, kuris skirtas apsaugoti pacientus tuo retu atveju, jei po proced\u016bros i\u0161kilt\u0173 netik\u0117t\u0173 medicinini\u0173 komplikacij\u0173.  <\/p>\n\n<p>Nors komplikacijos po medicinini\u0173 ar estetin\u0117s medicinos proced\u016br\u0173 pasitaiko retai, jos kartais gali atsirasti po bet kokios chirurgin\u0117s proced\u016bros. Draudimas nuo komplikacij\u0173 padeda u\u017etikrinti, kad pacientai b\u016bt\u0173 finansi\u0161kai apsaugoti, jei d\u0117l proced\u016bros prireikt\u0173 papildomos medicinin\u0117s prie\u017ei\u016bros, hospitalizacijos ar tolesnio gydymo. \u0160i papildoma apsauga leid\u017eia pacientams ramiai ir u\u017etikrintai sutelkti d\u0117mes\u012f \u012f sveikim\u0105.  <\/p>\n\n<p>\u0160iame puslapyje rasite i\u0161sami\u0105 informacij\u0105 apie <strong>tai, kas yra komplikacij\u0173 draudimas, k\u0105 jis apima, kaip veikia ir kod\u0117l jis rekomenduojamas u\u017esienio pacientams, atvykstantiems \u012f Turkij\u0105 gydytis \u201eSoraca Med\u201c klinikoje.<\/strong><\/p>\n\n<h2 class=\"wp-block-heading\"><strong>Kas yra komplikacij\u0173 draudimas?<\/strong><\/h2>\n\n<p>Draudimas nuo komplikacij\u0173 \u2013 tai medicinin\u0117 apsauga, skirta pacientams, vykstantiems gydytis \u012f u\u017esien\u012f. Ji u\u017etikrina finansin\u0119 apsaug\u0105 tuo retu atveju, jei po chirurgin\u0117s ar medicinin\u0117s proced\u016bros i\u0161kilt\u0173 medicinini\u0173 komplikacij\u0173. <\/p>\n\n<p>Nors \u0161iuolaikin\u0117s medicinin\u0117s proced\u016bros paprastai yra saugios, kiekviena operacija kelia nedidel\u0119 komplikacij\u0173 rizik\u0105. Tokiais atvejais draudimas nuo komplikacij\u0173 padeda padengti galimas papildomas medicinines i\u0161laidas, pavyzd\u017eiui, tolesnio gydymo, hospitalizacijos ar papildom\u0173 proced\u016br\u0173, reikaling\u0173 komplikacijai i\u0161spr\u0119sti, i\u0161laidas. <\/p>\n\n<p>Tarptautiniams pacientams, vykstantiems \u012f Turkij\u0105, \u0161is draudimas suteikia papildom\u0105 saugumo ir ramyb\u0117s garantij\u0105. Jis u\u017etikrina, kad jei po gydymo i\u0161kilt\u0173 netik\u0117t\u0173 sveikatos problem\u0173, pacientas gal\u0117t\u0173 gauti reikiam\u0105 medicinin\u0119 pagalb\u0105, nepatirdamas netik\u0117t\u0173 finansini\u0173 sunkum\u0173. <\/p>\n\n<p><strong>\u201eSoraca Med\u201c<\/strong> pacient\u0173 saugumas ir skaidrumas visada yra m\u016bs\u0173 prioritetai. B\u016btent tod\u0117l informuojame savo pacientus apie draudim\u0105 nuo komplikacij\u0173 ir apie tai, kaip jis gali suteikti papildom\u0105 apsaug\u0105 gydymo metu. <\/p>\n\n<h2 class=\"wp-block-heading\"><strong>K\u0105 apima komplikacij\u0173 draudimas?<\/strong><\/h2>\n\n<p>Komplikacij\u0173 draudimas skirtas pacientams apsaugoti tuo atveju, jei po chirurgin\u0117s ar medicinin\u0117s proced\u016bros i\u0161kilt\u0173 netik\u0117t\u0173 medicinini\u0173 komplikacij\u0173. Nors komplikacijos pasitaiko retai, \u0161is draudimas u\u017etikrina, kad pacientai gal\u0117t\u0173 gauti reikiam\u0105 medicinin\u0119 pagalb\u0105 nepatirdami papildomos finansin\u0117s na\u0161tos. <\/p>\n\n<p>Priklausomai nuo draudimo poliso, komplikacij\u0173 draudimas gali padengti \u012fvairi\u0173 r\u016b\u0161i\u0173 medicinines i\u0161laidas, susijusias su komplikacij\u0173 gydymu.<\/p>\n\n<p>Paprastai draudimo apsauga gali apimti:<\/p>\n\n<ul class=\"wp-block-list\">\n<li><strong>Papildomas gydymas<\/strong>, reikalingas komplikacijai kontroliuoti<\/li>\n\n\n\n<li><strong>Gydymo ligonin\u0117je i\u0161laidos<\/strong>, jei pacientui tenka ligonin\u0117je likti ilgiau, nei buvo planuota<\/li>\n\n\n\n<li><strong>Gydytojo ir chirurgo paslaug\u0173 kaina<\/strong>, susijusi su komplikacijos gydymu<\/li>\n\n\n\n<li><strong>Mediciniai tyrimai ir diagnostin\u0117s proced\u016bros<\/strong>, reikalingos komplikacijai \u012fvertinti<\/li>\n\n\n\n<li><strong>Vaistai ir prie\u017ei\u016bra po gydymo<\/strong>, reikalingi pasveikimui<\/li>\n<\/ul>\n\n<p>\u0160i draudimo apsauga padeda u\u017etikrinti, kad pacientai gaut\u0173 tinkam\u0105 medicinin\u0119 pagalb\u0105 tuo retu atveju, jei po proced\u016bros prireikt\u0173 tolesnio gydymo.<\/p>\n\n<p><strong>\u201eSoraca Med\u201c <\/strong> siekiame pacientams u\u017etikrinti saug\u0173 ir skaidr\u0173 gydymo proces\u0105. Informuodami pacientus apie draudim\u0105 nuo komplikacij\u0173, padedame jiems jaustis u\u017etikrintai ir saugiai vis\u0105 gydymo Turkijoje laikotarp\u012f. <\/p>\n\n<h2 class=\"wp-block-heading\"><strong>K\u0105 neapima komplikacij\u0173 draudimas?<\/strong><\/h2>\n\n<p>Nors komplikacij\u0173 draudimas suteikia svarbi\u0105 apsaug\u0105 nuo netik\u0117t\u0173 sveikatos problem\u0173, pacientams svarbu suprasti, kad ne visos situacijos yra draud\u017eiamos. Draudimo polisai yra specialiai skirti padengti <strong>medicinin\u0117ms komplikacijoms<\/strong>, o ne pacient\u0173 pageidaujamiems planiniams ar kosmetiniams poky\u010diams. <\/p>\n\n<p>Daugeliu atvej\u0173 draudimas nuo komplikacij\u0173 <strong>neapima<\/strong> \u0161i\u0173 atvej\u0173:<\/p>\n\n<ul class=\"wp-block-list\">\n<li><strong>Nepatenkinimas estetiniais rezultatais<\/strong>, jei rezultatas neatitinka paciento l\u016bkes\u010di\u0173, ta\u010diau medicini\u0161kai yra s\u0117kmingas<\/li>\n\n\n\n<li><strong>Pra\u0161oma atlikti pakartotines proced\u016bras siekiant pagerinti i\u0161vaizd\u0105<\/strong>, o ne gydyti medicinines komplikacijas<\/li>\n\n\n\n<li><strong>Papildomi gydymo metodai, kuri\u0173 pra\u0161o pacientas<\/strong> ir kurie n\u0117ra susij\u0119 su komplikacijomis<\/li>\n\n\n\n<li><strong>Proced\u016bros, atliekamos nesilaikant draudimo poliso s\u0105lyg\u0173<\/strong><\/li>\n\n\n\n<li><strong>Sveikatos problemos, nesusijusios su pradine medicinine proced\u016bra<\/strong><\/li>\n<\/ul>\n\n<p>\u0160i\u0173 apribojim\u0173 supratimas padeda u\u017etikrinti skaidrum\u0105 ir i\u0161vengti nesusipratim\u0173 d\u0117l draudimo poliso s\u0105lyg\u0173.<\/p>\n\n<p><strong>\u201eSoraca Med\u201c<\/strong> visada siekiame pateikti ai\u0161ki\u0105 ir s\u0105\u017eining\u0105 informacij\u0105, kad pacientai gal\u0117t\u0173 priimti pagr\u012fstus sprendimus prie\u0161 prad\u0117dami gydym\u0105 Turkijoje.<\/p>\n\n<h2 class=\"wp-block-heading\"><strong>Kam reikalingas komplikacij\u0173 draudimas?<\/strong><\/h2>\n\n<p>Komplikacij\u0173 draudimas ypa\u010d rekomenduojamas <strong>u\u017esienio pacientams, vykstantiems gydytis \u012f u\u017esien\u012f<\/strong>. Gydantis kitoje \u0161alyje, papildoma apsauga suteikia ramyb\u0119 ir finansin\u012f saugum\u0105 tuo atveju, jei, nors ir ma\u017eai tik\u0117tina, i\u0161kilt\u0173 medicinini\u0173 komplikacij\u0173. <\/p>\n\n<p>Toks draudimas gali b\u016bti ypa\u010d naudingas pacientams, kuriems atliekamos tokios proced\u016bros kaip:<\/p>\n\n<ul class=\"wp-block-list\">\n<li><strong>Plastin\u0117 ir estetin\u0117 chirurgija<\/strong><\/li>\n\n\n\n<li><strong>Dant\u0173 implant\u0173 gydymas ir visos burnos atstatymas<\/strong><\/li>\n\n\n\n<li><strong>K\u016bno kont\u016br\u0173 koregavimo proced\u016bros<\/strong>, pavyzd\u017eiui, riebal\u0173 nusiurbimas arba pilvo odos patempimas<\/li>\n\n\n\n<li><strong>Veido operacijos<\/strong>, \u012fskaitant vok\u0173 operacijas, veido odos patempim\u0105 arba nosies plastin\u0119 operacij\u0105<\/li>\n\n\n\n<li><strong>Kiti chirurginiai gydymo b\u016bdai, po kuri\u0173 reikalingas reabilitacijos laikotarpis ir tolesn\u0117 prie\u017ei\u016bra<\/strong><\/li>\n<\/ul>\n\n<p>Pacientams, atvykstantiems i\u0161 kitos \u0161alies, draudimas nuo komplikacij\u0173 suteikia papildom\u0105 saugumo garantij\u0105. Jis padeda u\u017etikrinti, kad, jei po gydymo i\u0161kilt\u0173 medicinini\u0173 komplikacij\u0173, reikalinga medicinin\u0117 pagalba b\u016bt\u0173 suteikta be netik\u0117t\u0173 finansini\u0173 r\u016bpes\u010di\u0173. <\/p>\n\n<p><strong>\u201eSoraca Med\u201c<\/strong> priima pacientus i\u0161 viso pasaulio ir stengiasi, kad j\u0173 gydymo patirtis Turkijoje b\u016bt\u0173 kuo saugesn\u0117, skaidresn\u0117 ir patogesn\u0117. Informacijos apie komplikacij\u0173 draudim\u0105 teikimas yra dalis m\u016bs\u0173 \u012fsipareigojimo teikti atsaking\u0105 ir \u012f pacient\u0105 orientuot\u0105 medicinin\u0119 prie\u017ei\u016br\u0105. <\/p>\n\n<h2 class=\"wp-block-heading\"><strong>Kiek laiko galioja draudimas nuo komplikacij\u0173?<\/strong><\/h2>\n\n<p>Komplikacij\u0173 draudimo galiojimo laikotarpis gali skirtis priklausomai nuo draudimo bendrov\u0117s ir atliekamos medicinin\u0117s proced\u016bros r\u016b\u0161ies. Daugeliu atvej\u0173 komplikacij\u0173 draudimas \u012fsigalioja proced\u016bros dien\u0105 ir galioja tam tikr\u0105 laikotarp\u012f po gydymo. <\/p>\n\n<p>Paprastai komplikacij\u0173 draudimas gali apimti medicinines komplikacijas, kurios atsiranda per <strong>nustatyt\u0105 pooperacin\u012f laikotarp\u012f<\/strong> \u2013 tai gali b\u016bti nuo keli\u0173 savai\u010di\u0173 iki keli\u0173 m\u0117nesi\u0173 po proced\u016bros. Tiksli trukm\u0117 ir draudimo s\u0105lygos visada nustatomos draudimo polise. <\/p>\n\n<p>\u0160is draudimo laikotarpis skirtas pacientams apsaugoti kriti\u0161kiausiame reabilitacijos etape, kai pooperacini\u0173 komplikacij\u0173 rizika paprastai yra did\u017eiausia.<\/p>\n\n<p><strong>\u201eSoraca Med\u201c<\/strong> visada rekomenduoja pacientams prie\u0161 proced\u016br\u0105 atid\u017eiai perskaityti draudimo poliso s\u0105lygas, kad jie ai\u0161kiai suprast\u0173 draudimo galiojimo laikotarp\u012f ir polise numatytas s\u0105lygas.<\/p>\n\n<h2 class=\"wp-block-heading\"><strong>Kas nutiks, jei atsiras komplikacij\u0173?<\/strong><\/h2>\n\n<p>Nors komplikacijos pasitaiko retai, pacientams svarbu \u017einoti, kaip elgtis, jei po proced\u016bros i\u0161kilt\u0173 netik\u0117t\u0173 sveikatos problem\u0173. Greitas reagavimas ir kreipimasis \u012f medicinos personal\u0105 u\u017etikrina, kad situacija bus tinkamai \u012fvertinta ir su ja bus tinkamai susitvarkyta. <\/p>\n\n<p>Jei atsiranda komplikacij\u0173, paprastai laikomasi \u0161i\u0173 veiksm\u0173:<\/p>\n\n<ol start=\"1\" class=\"wp-block-list\">\n<li><strong>Susisiekite su klinika<\/strong><br\/>Pacientai tur\u0117t\u0173 nedelsdami informuoti \u201eSoraca Med\u201c komand\u0105, jei po proced\u016bros pasteb\u0117s koki\u0173 nors ne\u012fprast\u0173 simptom\u0173 ar jiems kils koki\u0173 nors abejoni\u0173.<\/li>\n\n\n\n<li><strong>Medicininis \u012fvertinimas<\/strong><br\/>M\u016bs\u0173 medicinos komanda \u012fvertins pad\u0117t\u012f ir nuspr\u0119s, ar tai yra normali atsigavimo proceso dalis, ar medicinin\u0117 komplikacija, d\u0117l kurios reikalingas tolesnis gydymas.<\/li>\n\n\n\n<li><strong>Prane\u0161imas draudimo bendrovei<\/strong><br\/>Jei situacija laikoma draudimo polise numatyta komplikacija, draudimo bendrovei gali b\u016bti pateikta reikalinga informacija ir dokumentai.<\/li>\n\n\n\n<li><strong>Gydymas ir tolesn\u0117 prie\u017ei\u016bra<\/strong><br\/>Jei reik\u0117s papildomos medicinin\u0117s pagalbos, pacientui bus suteiktas atitinkamas gydymas, atsi\u017evelgiant \u012f medicinin\u0119 i\u0161vad\u0105 ir draudimo poliso s\u0105lygas.<\/li>\n<\/ol>\n\n<p><strong>\u201eSoraca Med\u201c <\/strong> pacient\u0173 saugumas ir prie\u017ei\u016bra po gydymo i\u0161lieka m\u016bs\u0173 prioritetu net ir baigus gydym\u0105. M\u016bs\u0173 komanda toliau padeda pacientams vis\u0105 reabilitacijos laikotarp\u012f, siekdama u\u017etikrinti kuo geresnius rezultatus. <\/p>\n\n<h2 class=\"wp-block-heading\"><strong>Kod\u0117l \u201eSoraca Med\u201c rekomenduoja apsidrausti nuo komplikacij\u0173<\/strong><\/h2>\n\n<p>\u201e<strong>Soraca Med<\/strong>\u201c pacient\u0173 saugumas, skaidrumas ir pasitik\u0117jimas yra visos m\u016bs\u0173 veiklos pagrindas. Nors \u0161iuolaikines medicinines proced\u016bras atlieka patyr\u0119 specialistai, laikydamiesi auk\u0161t\u0173 saugos standart\u0173, kiekvienas chirurginis gydymas yra susij\u0119s su nedidele komplikacij\u0173 rizika. D\u0117l \u0161ios prie\u017easties savo u\u017esienio pacientams rekomenduojame apsidrausti nuo komplikacij\u0173 kaip papildom\u0105 apsaugos priemon\u0119.  <\/p>\n\n<p>Komplikacij\u0173 draudimas padeda u\u017etikrinti saugesn\u012f gydymo proces\u0105, garantuodamas pacientams apsaug\u0105 nuo netik\u0117t\u0173 medicinini\u0173 i\u0161laid\u0173, susijusi\u0173 su pooperacin\u0117mis komplikacijomis. \u0160i papildoma apsauga leid\u017eia pacientams sutelkti d\u0117mes\u012f \u012f sveikim\u0105 ir jaustis ramiai per vis\u0105 buvimo Turkijoje laikotarp\u012f. <\/p>\n\n<p>Informuodami pacientus apie draudim\u0105 nuo komplikacij\u0173, siekiame u\u017etikrinti <strong>ai\u0161ki\u0105, atsaking\u0105 ir \u012f pacient\u0105 orientuot\u0105 medicinin\u0119 patirt\u012f<\/strong>. M\u016bs\u0173 tikslas \u2013 ne tik pasiekti puiki\u0173 medicinini\u0173 rezultat\u0173, bet ir u\u017etikrinti, kad pacientai jaust\u0173si palaikomi ir u\u017etikrinti vis\u0105 proces\u0105 \u2013 nuo konsultacijos iki pasveikimo. <\/p>\n\n<p>\u201eSoraca Med\u201c tikime, kad <strong>skaidri informacija ir tvirta parama pacientams yra esmin\u0117s auk\u0161tos kokyb\u0117s medicinin\u0117s prie\u017ei\u016bros dalys.<\/strong><\/p>\n\n<h2 class=\"wp-block-heading\"><strong>M\u016bs\u0173 \u012fsipareigojimas u\u017etikrinti pacient\u0173 saug\u0105<\/strong><\/h2>\n\n<p><strong>\u201eSoraca Med\u201c<\/strong> pacient\u0173 saugumas yra m\u016bs\u0173 did\u017eiausias prioritetas. Nuo pirmin\u0117s konsultacijos iki prie\u017ei\u016bros po gydymo stengiam\u0117s kiekvienam pacientui u\u017etikrinti saugi\u0105, skaidri\u0105 ir profesionali\u0105 medicinin\u0119 prie\u017ei\u016br\u0105. <\/p>\n\n<p>M\u016bs\u0173 proced\u016bras atlieka patyr\u0119 medicinos specialistai, taikydami \u0161iuolaikines technologijas ir laikydamiesi tarptautiniu mastu pripa\u017eint\u0173 medicinos standart\u0173. Prie\u0161 bet koki\u0105 proced\u016br\u0105 pacientams suteikiama i\u0161sami konsultacija, kurios metu atid\u017eiai paai\u0161kinamas gydymo planas, reabilitacijos procesas ir galimi pavojai. <\/p>\n\n<p>Be profesionalios medicinin\u0117s prie\u017ei\u016bros, mes taip pat teikiame visapusi\u0161k\u0105 pagalb\u0105 vis\u0105 gydymo laikotarp\u012f. M\u016bs\u0173 komanda padeda pacientams planuoti gydym\u0105, koordinuoja jo eig\u0105 ir teikia rekomendacijas d\u0117l prie\u017ei\u016bros po gydymo, kad j\u016bs\u0173 vie\u0161nag\u0117 Turkijoje b\u016bt\u0173 sklandi ir patogi. <\/p>\n\n<p>Derindama <strong>patyrusius specialistus, moderni\u0105 medicinin\u0119 \u012frang\u0105 ir ai\u0161k\u0173 bendravim\u0105<\/strong>, \u201eSoraca Med\u201c siekia sukurti gydymo aplink\u0105, kurioje pacientai kiekviename gydymo etape jaust\u0173si u\u017etikrintai, informuoti ir gerai pri\u017ei\u016brimi.<\/p>\n\n<h2 class=\"wp-block-heading\"><strong>Da\u017enai u\u017eduodami klausimai<\/strong><\/h2>\n<div id=\"rank-math-faq\" class=\"rank-math-block\">\n<div class=\"rank-math-list \">\n<div id=\"faq-question-1773752179632\" class=\"rank-math-list-item\">\n<h3 class=\"rank-math-question \"><strong>Ar Turkijoje atliekant medicinines proced\u016bras privaloma apsidrausti nuo komplikacij\u0173?<\/strong><\/h3>\n<div class=\"rank-math-answer \">\n\n<p>Priklausomai nuo gydymo, medicinos paslaug\u0173 teik\u0117jo ar platformos, per kuri\u0105 organizuojama proced\u016bra, gali b\u016bti reikalaujama sudaryti komplikacij\u0173 draudim\u0105. Daugeliu atvej\u0173 tai rekomenduojama kaip papildoma saugumo priemon\u0117, skirta apsaugoti pacientus nuo netik\u0117t\u0173 medicinini\u0173 i\u0161laid\u0173, susijusi\u0173 su pooperacin\u0117mis komplikacijomis. <\/p>\n\n<\/div>\n<\/div>\n<div id=\"faq-question-1773752204965\" class=\"rank-math-list-item\">\n<h3 class=\"rank-math-question \"><strong>Kiek kainuoja draudimas nuo komplikacij\u0173?<\/strong><\/h3>\n<div class=\"rank-math-answer \">\n\n<p>Komplikacij\u0173 draudimo kaina priklauso nuo proced\u016bros r\u016b\u0161ies ir draudimo bendrov\u0117s. Paprastai \u0161i kaina yra palyginti nedidel\u0117, palyginti su bendromis gydymo i\u0161laidomis, ir skirta u\u017etikrinti finansin\u0119 apsaug\u0105 tuo retu atveju, jei i\u0161kilt\u0173 medicinini\u0173 komplikacij\u0173. <\/p>\n\n<\/div>\n<\/div>\n<div id=\"faq-question-1773752211540\" class=\"rank-math-list-item\">\n<h3 class=\"rank-math-question \"><strong>Ar komplikacij\u0173 draudimas apima pakartotin\u0119 operacij\u0105?<\/strong><\/h3>\n<div class=\"rank-math-answer \">\n\n<p>Komplikacij\u0173 draudimas paprastai padengia papildom\u0105 gydym\u0105 tik tuomet, kai jis yra medicini\u0161kai b\u016btinas d\u0117l komplikacij\u0173, susijusi\u0173 su pirminiu gydymu. Kosmetin\u0117s korekcijos, atliekamos siekiant pagerinti i\u0161vaizd\u0105 ar d\u0117l asmenini\u0173 pageidavim\u0173, paprastai n\u0117ra \u012ftrauktos \u012f draudimo apsaug\u0105. <\/p>\n\n<\/div>\n<\/div>\n<div id=\"faq-question-1773752217136\" class=\"rank-math-list-item\">\n<h3 class=\"rank-math-question \"><strong>Kiek laiko galioja draudimas nuo komplikacij\u0173?<\/strong><\/h3>\n<div class=\"rank-math-answer \">\n\n<p>Draudimo galiojimo laikotarpis priklauso nuo konkre\u010dios draudimo sutarties. Dauguma komplikacij\u0173 draudimo sutar\u010di\u0173 apima nustatyt\u0105 pooperacin\u012f laikotarp\u012f, per kur\u012f komplikacij\u0173 tikimyb\u0117 yra did\u017eiausia. Tiksli trukm\u0117 ir s\u0105lygos nurodytos draudimo sutartyje.  <\/p>\n\n<\/div>\n<\/div>\n<div id=\"faq-question-1773752223541\" class=\"rank-math-list-item\">\n<h3 class=\"rank-math-question \"><strong>K\u0105 daryti, jei po proced\u016bros atsiranda komplikacij\u0173?<\/strong><\/h3>\n<div class=\"rank-math-answer \">\n\n<p>Jei po proced\u016bros pastebite ne\u012fprastus simptomus ar kyla koki\u0173 nors abejoni\u0173, tur\u0117tum\u0117te kuo grei\u010diau susisiekti su \u201eSoraca Med\u201c komanda. M\u016bs\u0173 medicinos personalas \u012fvertins situacij\u0105 ir, jei reik\u0117s, pad\u0117s jums atlikti b\u016btinus veiksmus d\u0117l medicinin\u0117s pagalbos bei prane\u0161imo draudimo bendrovei. <\/p>\n\n<\/div>\n<\/div>\n<\/div>\n<\/div>","protected":false},"excerpt":{"rendered":"<p>Keliaujant \u012f u\u017esien\u012f gydytis, pacientams svarbiausia yra saugumas ir ramyb\u0117. \u201eSoraca Med\u201c visais gydymo etapais teikia pirmenyb\u0119 pacient\u0173 saugumui. Be to, kad bendradarbiaujame su patyrusiais gydytojais ir naudojame moderni\u0105 medicinin\u0119 \u012frang\u0105, taip pat teikiame ai\u0161ki\u0105 informacij\u0105 apie komplikacij\u0173 draudim\u0105, kuris skirtas apsaugoti pacientus tuo retu atveju, jei po proced\u016bros i\u0161kilt\u0173 netik\u0117t\u0173 medicinini\u0173 komplikacij\u0173. Nors komplikacijos [&hellip;]<\/p>\n","protected":false},"author":8,"featured_media":0,"parent":0,"menu_order":0,"comment_status":"closed","ping_status":"closed","template":"","meta":{"_acf_changed":false,"site-sidebar-layout":"default","site-content-layout":"","ast-site-content-layout":"default","site-content-style":"default","site-sidebar-style":"default","ast-global-header-display":"","ast-banner-title-visibility":"","ast-main-header-display":"","ast-hfb-above-header-display":"","ast-hfb-below-header-display":"","ast-hfb-mobile-header-display":"","site-post-title":"","ast-breadcrumbs-content":"","ast-featured-img":"","footer-sml-layout":"","ast-disable-related-posts":"","theme-transparent-header-meta":"","adv-header-id-meta":"","stick-header-meta":"","header-above-stick-meta":"","header-main-stick-meta":"","header-below-stick-meta":"","astra-migrate-meta-layouts":"default","ast-page-background-enabled":"default","ast-page-background-meta":{"desktop":{"background-color":"","background-image":"","background-repeat":"repeat","background-position":"center center","background-size":"auto","background-attachment":"scroll","background-type":"","background-media":"","overlay-type":"","overlay-color":"","overlay-opacity":"","overlay-gradient":""},"tablet":{"background-color":"","background-image":"","background-repeat":"repeat","background-position":"center center","background-size":"auto","background-attachment":"scroll","background-type":"","background-media":"","overlay-type":"","overlay-color":"","overlay-opacity":"","overlay-gradient":""},"mobile":{"background-color":"","background-image":"","background-repeat":"repeat","background-position":"center center","background-size":"auto","background-attachment":"scroll","background-type":"","background-media":"","overlay-type":"","overlay-color":"","overlay-opacity":"","overlay-gradient":""}},"ast-content-background-meta":{"desktop":{"background-color":"var(--ast-global-color-5)","background-image":"","background-repeat":"repeat","background-position":"center center","background-size":"auto","background-attachment":"scroll","background-type":"","background-media":"","overlay-type":"","overlay-color":"","overlay-opacity":"","overlay-gradient":""},"tablet":{"background-color":"var(--ast-global-color-5)","background-image":"","background-repeat":"repeat","background-position":"center center","background-size":"auto","background-attachment":"scroll","background-type":"","background-media":"","overlay-type":"","overlay-color":"","overlay-opacity":"","overlay-gradient":""},"mobile":{"background-color":"var(--ast-global-color-5)","background-image":"","background-repeat":"repeat","background-position":"center center","background-size":"auto","background-attachment":"scroll","background-type":"","background-media":"","overlay-type":"","overlay-color":"","overlay-opacity":"","overlay-gradient":""}},"footnotes":""},"class_list":["post-52548","page","type-page","status-publish","hentry"],"acf":[],"_links":{"self":[{"href":"https:\/\/soracamed.com\/lt\/wp-json\/wp\/v2\/pages\/52548","targetHints":{"allow":["GET"]}}],"collection":[{"href":"https:\/\/soracamed.com\/lt\/wp-json\/wp\/v2\/pages"}],"about":[{"href":"https:\/\/soracamed.com\/lt\/wp-json\/wp\/v2\/types\/page"}],"author":[{"embeddable":true,"href":"https:\/\/soracamed.com\/lt\/wp-json\/wp\/v2\/users\/8"}],"replies":[{"embeddable":true,"href":"https:\/\/soracamed.com\/lt\/wp-json\/wp\/v2\/comments?post=52548"}],"version-history":[{"count":2,"href":"https:\/\/soracamed.com\/lt\/wp-json\/wp\/v2\/pages\/52548\/revisions"}],"predecessor-version":[{"id":52562,"href":"https:\/\/soracamed.com\/lt\/wp-json\/wp\/v2\/pages\/52548\/revisions\/52562"}],"wp:attachment":[{"href":"https:\/\/soracamed.com\/lt\/wp-json\/wp\/v2\/media?parent=52548"}],"curies":[{"name":"wp","href":"https:\/\/api.w.org\/{rel}","templated":true}]}}