{"id":52563,"date":"2026-03-17T15:57:23","date_gmt":"2026-03-17T12:57:23","guid":{"rendered":"https:\/\/soracamed.com\/ubezpieczenie-od-powiklan\/"},"modified":"2026-03-24T16:59:28","modified_gmt":"2026-03-24T13:59:28","slug":"ubezpieczenie-od-powiklan","status":"publish","type":"page","link":"https:\/\/soracamed.com\/pl\/ubezpieczenie-od-powiklan\/","title":{"rendered":"Ubezpieczenie od powik\u0142a\u0144"},"content":{"rendered":"\n<p>Podczas wyjazdu za granic\u0119 w celu poddania si\u0119 leczeniu bezpiecze\u0144stwo i spok\u00f3j ducha nale\u017c\u0105 do najwa\u017cniejszych kwestii dla pacjent\u00f3w. W <strong>Soraca Med<\/strong> bezpiecze\u0144stwo pacjent\u00f3w jest dla nas priorytetem na ka\u017cdym etapie leczenia. Opr\u00f3cz wsp\u00f3\u0142pracy z do\u015bwiadczonymi lekarzami i korzystania z nowoczesnego zaplecza medycznego zapewniamy r\u00f3wnie\u017c jasne informacje na temat <strong>ubezpieczenia od powik\u0142a\u0144<\/strong>, kt\u00f3re ma na celu ochron\u0119 pacjent\u00f3w w rzadkich przypadkach wyst\u0105pienia nieoczekiwanych powik\u0142a\u0144 medycznych po zabiegu.  <\/p>\n\n<p>Chocia\u017c powik\u0142ania po zabiegach medycznych lub estetycznych wyst\u0119puj\u0105 rzadko, to jednak przy ka\u017cdym zabiegu chirurgicznym mog\u0105 si\u0119 one sporadycznie zdarzy\u0107. Ubezpieczenie od powik\u0142a\u0144 zapewnia pacjentom ochron\u0119 finansow\u0105 na wypadek, gdyby w wyniku zabiegu konieczna okaza\u0142a si\u0119 dodatkowa opieka medyczna, hospitalizacja lub dalsze leczenie. Ta dodatkowa warstwa zabezpieczenia pozwala pacjentom z pe\u0142nym spokojem skupi\u0107 si\u0119 na powrocie do zdrowia.  <\/p>\n\n<p>Na tej stronie znajdziesz szczeg\u00f3\u0142owe informacje na temat <strong>tego, czym jest ubezpieczenie od powik\u0142a\u0144, co obejmuje, jak dzia\u0142a oraz dlaczego jest zalecane dla pacjent\u00f3w zagranicznych przyje\u017cd\u017caj\u0105cych do Turcji na leczenie w klinice Soraca Med.<\/strong><\/p>\n\n<h2 class=\"wp-block-heading\"><strong>Czym jest ubezpieczenie od powik\u0142a\u0144?<\/strong><\/h2>\n\n<p>Ubezpieczenie od powik\u0142a\u0144 to rodzaj ochrony medycznej przeznaczonej dla pacjent\u00f3w wyje\u017cd\u017caj\u0105cych za granic\u0119 w celu poddania si\u0119 leczeniu. Zapewnia ono ochron\u0119 finansow\u0105 na wypadek wyst\u0105pienia powik\u0142a\u0144 medycznych po zabiegu chirurgicznym lub zabiegu medycznym, co zdarza si\u0119 rzadko. <\/p>\n\n<p>Chocia\u017c wsp\u00f3\u0142czesne zabiegi medyczne s\u0105 na og\u00f3\u0142 bezpieczne, ka\u017cda operacja wi\u0105\u017ce si\u0119 z niewielkim ryzykiem wyst\u0105pienia powik\u0142a\u0144. W takich sytuacjach ubezpieczenie od powik\u0142a\u0144 pomaga pokry\u0107 dodatkowe koszty leczenia, kt\u00f3re mog\u0105 si\u0119 pojawi\u0107, takie jak dalsze leczenie, hospitalizacja lub dodatkowe zabiegi niezb\u0119dne do usuni\u0119cia powik\u0142a\u0144. <\/p>\n\n<p>Dla pacjent\u00f3w zagranicznych przybywaj\u0105cych do Turcji ubezpieczenie to stanowi dodatkowe zabezpieczenie i gwarancj\u0119 spokoju ducha. Dzi\u0119ki niemu w razie wyst\u0105pienia nieprzewidzianych problem\u00f3w zdrowotnych po zako\u0144czeniu leczenia pacjent mo\u017ce liczy\u0107 na niezb\u0119dn\u0105 opiek\u0119 medyczn\u0105 bez konieczno\u015bci ponoszenia nieoczekiwanych koszt\u00f3w. <\/p>\n\n<p>W <strong>Soraca Med<\/strong> bezpiecze\u0144stwo pacjent\u00f3w i przejrzysto\u015b\u0107 s\u0105 dla nas zawsze priorytetem. Dlatego informujemy naszych pacjent\u00f3w o ubezpieczeniu od powik\u0142a\u0144 oraz o tym, w jaki spos\u00f3b mo\u017ce ono zapewni\u0107 im dodatkow\u0105 ochron\u0119 podczas leczenia. <\/p>\n\n<h2 class=\"wp-block-heading\"><strong>Co obejmuje ubezpieczenie od powik\u0142a\u0144?<\/strong><\/h2>\n\n<p>Ubezpieczenie od powik\u0142a\u0144 ma na celu zapewnienie pacjentom ochrony na wypadek wyst\u0105pienia nieoczekiwanych powik\u0142a\u0144 medycznych po zabiegu chirurgicznym lub zabiegu medycznym. Chocia\u017c powik\u0142ania zdarzaj\u0105 si\u0119 rzadko, ubezpieczenie to gwarantuje pacjentom dost\u0119p do niezb\u0119dnej opieki medycznej bez nara\u017cania ich na dodatkowe obci\u0105\u017cenia finansowe. <\/p>\n\n<p>W zale\u017cno\u015bci od polisy ubezpieczeniowej ubezpieczenie od powik\u0142a\u0144 mo\u017ce obejmowa\u0107 r\u00f3\u017cne rodzaje koszt\u00f3w leczenia zwi\u0105zanych z powik\u0142aniami.<\/p>\n\n<p>Zazwyczaj zakres ubezpieczenia mo\u017ce obejmowa\u0107:<\/p>\n\n<ul class=\"wp-block-list\">\n<li><strong>Dodatkowe leczenie<\/strong> niezb\u0119dne do opanowania powik\u0142a\u0144<\/li>\n\n\n\n<li><strong>Koszty hospitalizacji<\/strong>, je\u015bli pacjent musi pozosta\u0107 w szpitalu d\u0142u\u017cej ni\u017c planowano<\/li>\n\n\n\n<li><strong>Honoraria lekarzy i chirurg\u00f3w<\/strong> zwi\u0105zane z leczeniem powik\u0142a\u0144<\/li>\n\n\n\n<li><strong>Badania medyczne i procedury diagnostyczne<\/strong> niezb\u0119dne do oceny powik\u0142a\u0144<\/li>\n\n\n\n<li><strong>Leki i opieka po zako\u0144czeniu leczenia<\/strong> niezb\u0119dne do powrotu do zdrowia<\/li>\n<\/ul>\n\n<p>Ubezpieczenie to gwarantuje pacjentom dost\u0119p do odpowiedniej opieki medycznej w rzadkich przypadkach, gdy po zabiegu konieczne oka\u017ce si\u0119 dalsze leczenie.<\/p>\n\n<p>W <strong>Soraca Med<\/strong> naszym celem jest zapewnienie pacjentom bezpiecznego i przejrzystego przebiegu leczenia. Informowanie pacjent\u00f3w o ubezpieczeniu od powik\u0142a\u0144 pomaga im czu\u0107 si\u0119 pewnie i bezpiecznie podczas ca\u0142ego pobytu w Turcji. <\/p>\n\n<h2 class=\"wp-block-heading\"><strong>Czego nie obejmuje ubezpieczenie od powik\u0142a\u0144?<\/strong><\/h2>\n\n<p>Chocia\u017c ubezpieczenie od powik\u0142a\u0144 zapewnia istotn\u0105 ochron\u0119 na wypadek nieprzewidzianych problem\u00f3w zdrowotnych, pacjenci powinni mie\u0107 \u015bwiadomo\u015b\u0107, \u017ce nie ka\u017cda sytuacja jest obj\u0119ta ochron\u0105. Polisy ubezpieczeniowe s\u0105 opracowane specjalnie w celu pokrycia koszt\u00f3w <strong>powik\u0142a\u0144 medycznych<\/strong>, a nie zabieg\u00f3w planowych lub kosmetycznych, o kt\u00f3re wnioskuje pacjent. <\/p>\n\n<p>W wi\u0119kszo\u015bci przypadk\u00f3w ubezpieczenie od powik\u0142a\u0144 <strong>nie obejmuje<\/strong> nast\u0119puj\u0105cych sytuacji:<\/p>\n\n<ul class=\"wp-block-list\">\n<li><strong>Niezadowolenie z efekt\u00f3w estetycznych<\/strong>, je\u015bli wynik r\u00f3\u017cni si\u0119 od oczekiwa\u0144 pacjenta, ale z medycznego punktu widzenia zabieg zako\u0144czy\u0142 si\u0119 sukcesem<\/li>\n\n\n\n<li><strong>Zabiegi korekcyjne wykonywane w celu poprawy wygl\u0105du<\/strong>, a nie w celu leczenia powik\u0142a\u0144 medycznych<\/li>\n\n\n\n<li><strong>Dodatkowe zabiegi, o kt\u00f3re poprosi\u0142 pacjent<\/strong>, niezwi\u0105zane z powik\u0142aniami<\/li>\n\n\n\n<li><strong>Zabiegi wykonywane poza zakresem polisy ubezpieczeniowej<\/strong><\/li>\n\n\n\n<li><strong>Problemy zdrowotne niezwi\u0105zane z pierwotnym zabiegiem medycznym<\/strong><\/li>\n<\/ul>\n\n<p>Zrozumienie tych ogranicze\u0144 pomaga zapewni\u0107 przejrzysto\u015b\u0107 i zapobiega nieporozumieniom dotycz\u0105cym zakresu polisy ubezpieczeniowej.<\/p>\n\n<p>W <strong>Soraca Med<\/strong> zawsze staramy si\u0119 przekazywa\u0107 jasne i rzetelne informacje, aby pacjenci mogli podj\u0105\u0107 \u015bwiadom\u0105 decyzj\u0119 przed rozpocz\u0119ciem leczenia w Turcji.<\/p>\n\n<h2 class=\"wp-block-heading\"><strong>Kto potrzebuje ubezpieczenia od powik\u0142a\u0144?<\/strong><\/h2>\n\n<p>Ubezpieczenie od powik\u0142a\u0144 medycznych jest szczeg\u00f3lnie zalecane dla <strong>pacjent\u00f3w zagranicznych wyje\u017cd\u017caj\u0105cych za granic\u0119 w celu poddania si\u0119 leczeniu<\/strong>. Podczas leczenia w innym kraju posiadanie dodatkowej ochrony mo\u017ce zapewni\u0107 spok\u00f3j ducha i bezpiecze\u0144stwo finansowe na wypadek ma\u0142o prawdopodobnych powik\u0142a\u0144 medycznych. <\/p>\n\n<p>Ten rodzaj ubezpieczenia mo\u017ce okaza\u0107 si\u0119 szczeg\u00f3lnie korzystny dla pacjent\u00f3w poddaj\u0105cych si\u0119 takim zabiegom jak:<\/p>\n\n<ul class=\"wp-block-list\">\n<li><strong>Chirurgia plastyczna i estetyczna<\/strong><\/li>\n\n\n\n<li><strong>Zabiegi z wykorzystaniem implant\u00f3w stomatologicznych oraz kompleksowa odbudowa uz\u0119bienia<\/strong><\/li>\n\n\n\n<li><strong>Zabiegi modelowania sylwetki<\/strong>, takie jak liposukcja czy plastyka brzucha<\/li>\n\n\n\n<li><strong>Zabiegi chirurgii twarzy<\/strong>, w tym operacje powiek, lifting twarzy lub plastyka nosa<\/li>\n\n\n\n<li><strong>Inne zabiegi chirurgiczne wymagaj\u0105ce rekonwalescencji i dalszej opieki<\/strong><\/li>\n<\/ul>\n\n<p>Dla pacjent\u00f3w przybywaj\u0105cych z innego kraju ubezpieczenie od powik\u0142a\u0144 stanowi dodatkowe zabezpieczenie. Gwarantuje ono, \u017ce w przypadku wyst\u0105pienia powik\u0142a\u0144 medycznych po zabiegu niezb\u0119dna opieka medyczna zostanie zapewniona bez obaw o nieprzewidziane koszty. <\/p>\n\n<p>W <strong>Soraca Med<\/strong> przyjmujemy pacjent\u00f3w z ca\u0142ego \u015bwiata i dok\u0142adamy wszelkich stara\u0144, aby ich pobyt w Turcji w celu leczenia by\u0142 jak najbardziej bezpieczny, przejrzysty i komfortowy. Udzielanie informacji na temat ubezpieczenia od powik\u0142a\u0144 stanowi cz\u0119\u015b\u0107 naszego zaanga\u017cowania w odpowiedzialn\u0105 i zorientowan\u0105 na pacjenta opiek\u0119 medyczn\u0105. <\/p>\n\n<h2 class=\"wp-block-heading\"><strong>Jak d\u0142ugo obowi\u0105zuje ubezpieczenie od powik\u0142a\u0144?<\/strong><\/h2>\n\n<p>Okres wa\u017cno\u015bci ubezpieczenia od powik\u0142a\u0144 mo\u017ce si\u0119 r\u00f3\u017cni\u0107 w zale\u017cno\u015bci od ubezpieczyciela i rodzaju przeprowadzonego zabiegu medycznego. W wi\u0119kszo\u015bci przypadk\u00f3w ubezpieczenie od powik\u0142a\u0144 zaczyna obowi\u0105zywa\u0107 w dniu zabiegu i pozostaje wa\u017cne przez okre\u015blony czas po zako\u0144czeniu leczenia. <\/p>\n\n<p>Zazwyczaj ubezpieczenie od powik\u0142a\u0144 mo\u017ce obejmowa\u0107 powik\u0142ania medyczne, kt\u00f3re wyst\u0105pi\u0105 w <strong>okre\u015blonym okresie pooperacyjnym<\/strong>, trwaj\u0105cym od kilku tygodni do kilku miesi\u0119cy po zabiegu. Dok\u0142adny czas trwania oraz warunki ubezpieczenia s\u0105 zawsze okre\u015blone w polisie ubezpieczeniowej. <\/p>\n\n<p>Okres ten ma na celu zapewnienie pacjentom ochrony w najbardziej krytycznej fazie rekonwalescencji, kiedy ryzyko powik\u0142a\u0144 pooperacyjnych jest zazwyczaj najwi\u0119ksze.<\/p>\n\n<p>W <strong>Soraca Med<\/strong> zawsze zalecamy pacjentom, aby przed zabiegiem dok\u0142adnie zapoznali si\u0119 ze szczeg\u00f3\u0142ami polisy ubezpieczeniowej, tak aby dok\u0142adnie zrozumieli okres obowi\u0105zywania ubezpieczenia oraz warunki zawarte w polisie.<\/p>\n\n<h2 class=\"wp-block-heading\"><strong>Co si\u0119 stanie, je\u015bli pojawi\u0105 si\u0119 powik\u0142ania?<\/strong><\/h2>\n\n<p>Chocia\u017c powik\u0142ania zdarzaj\u0105 si\u0119 rzadko, pacjenci powinni wiedzie\u0107, jak post\u0105pi\u0107 w przypadku wyst\u0105pienia nieoczekiwanych problem\u00f3w zdrowotnych po zabiegu. Szybka reakcja i skontaktowanie si\u0119 z zespo\u0142em medycznym gwarantuj\u0105, \u017ce sytuacja zostanie w\u0142a\u015bciwie oceniona i odpowiednio opanowana. <\/p>\n\n<p>W przypadku wyst\u0105pienia powik\u0142a\u0144 procedura przebiega zazwyczaj zgodnie z poni\u017cszymi etapami:<\/p>\n\n<ol start=\"1\" class=\"wp-block-list\">\n<li><strong>Skontaktuj si\u0119 z klinik\u0105<\/strong><br\/>Pacjenci powinni niezw\u0142ocznie poinformowa\u0107 zesp\u00f3\u0142 Soraca Med, gdy tylko zauwa\u017c\u0105 jakiekolwiek nietypowe objawy lub pojawi\u0105 si\u0119 jakiekolwiek obawy po zabiegu.<\/li>\n\n\n\n<li><strong>Ocena medyczna<\/strong><br\/>Nasz zesp\u00f3\u0142 medyczny oceni sytuacj\u0119 i ustali, czy problem stanowi normalny element procesu powrotu do zdrowia, czy te\u017c jest to powik\u0142anie medyczne wymagaj\u0105ce dalszego leczenia.<\/li>\n\n\n\n<li><strong>Zg\u0142oszenie do ubezpieczyciela<\/strong><br\/>Je\u015bli sytuacja zostanie uznana za powik\u0142anie obj\u0119te polis\u0105 ubezpieczeniow\u0105, niezb\u0119dne informacje i dokumenty mo\u017cna przed\u0142o\u017cy\u0107 ubezpieczycielowi.<\/li>\n\n\n\n<li><strong>Leczenie i opieka po zako\u0144czeniu leczenia<\/strong><br\/>W przypadku konieczno\u015bci zapewnienia dodatkowej opieki medycznej pacjent otrzyma odpowiednie leczenie zgodnie z wynikami bada\u0144 lekarskich oraz zakresem ubezpieczenia.<\/li>\n<\/ol>\n\n<p>W <strong>Soraca Med<\/strong> bezpiecze\u0144stwo pacjent\u00f3w i wsparcie po zabiegu pozostaj\u0105 naszym priorytetem nawet po zako\u0144czeniu leczenia. Nasz zesp\u00f3\u0142 nadal towarzyszy pacjentom w trakcie rekonwalescencji, aby zapewni\u0107 jak najlepsze wyniki leczenia. <\/p>\n\n<h2 class=\"wp-block-heading\"><strong>Dlaczego firma Soraca Med zaleca ubezpieczenie od powik\u0142a\u0144<\/strong><\/h2>\n\n<p>W <strong>Soraca Med<\/strong> bezpiecze\u0144stwo pacjent\u00f3w, przejrzysto\u015b\u0107 i zaufanie stanowi\u0105 podstaw\u0119 wszystkich naszych dzia\u0142a\u0144. Chocia\u017c nowoczesne zabiegi medyczne s\u0105 wykonywane przez do\u015bwiadczonych specjalist\u00f3w z zachowaniem wysokich standard\u00f3w bezpiecze\u0144stwa, ka\u017cda operacja wi\u0105\u017ce si\u0119 z niewielkim ryzykiem wyst\u0105pienia powik\u0142a\u0144. Z tego powodu zalecamy naszym pacjentom zagranicznym wykupienie ubezpieczenia od powik\u0142a\u0144 jako dodatkowej formy zabezpieczenia.  <\/p>\n\n<p>Ubezpieczenie od powik\u0142a\u0144 pomaga zapewni\u0107 wi\u0119ksze bezpiecze\u0144stwo podczas leczenia, chroni\u0105c pacjent\u00f3w przed nieprzewidzianymi kosztami medycznymi zwi\u0105zanymi z powik\u0142aniami pooperacyjnymi. Ta dodatkowa ochrona pozwala pacjentom skupi\u0107 si\u0119 na powrocie do zdrowia i cieszy\u0107 si\u0119 spokojem ducha podczas pobytu w Turcji. <\/p>\n\n<p>Informuj\u0105c naszych pacjent\u00f3w o ubezpieczeniu od powik\u0142a\u0144, d\u0105\u017cymy do zapewnienia <strong>przejrzystej, odpowiedzialnej i zorientowanej na pacjenta opieki medycznej<\/strong>. Naszym celem jest nie tylko osi\u0105gni\u0119cie doskona\u0142ych wynik\u00f3w leczenia, ale tak\u017ce zapewnienie pacjentom wsparcia i poczucia pewno\u015bci siebie przez ca\u0142y czas trwania procesu \u2014 od konsultacji a\u017c po powr\u00f3t do zdrowia. <\/p>\n\n<p>W Soraca Med wierzymy, \u017ce <strong>przejrzysto\u015b\u0107 informacji i solidne wsparcie dla pacjent\u00f3w to nieodzowne elementy wysokiej jako\u015bci opieki medycznej.<\/strong><\/p>\n\n<h2 class=\"wp-block-heading\"><strong>Nasze zaanga\u017cowanie na rzecz bezpiecze\u0144stwa pacjent\u00f3w<\/strong><\/h2>\n\n<p>W <strong>Soraca Med<\/strong> bezpiecze\u0144stwo pacjent\u00f3w jest dla nas najwy\u017cszym priorytetem. Od pierwszej konsultacji po wizyty kontrolne po zabiegu dbamy o to, by ka\u017cdy pacjent m\u00f3g\u0142 liczy\u0107 na bezpieczn\u0105, przejrzyst\u0105 i profesjonaln\u0105 obs\u0142ug\u0119 medyczn\u0105. <\/p>\n\n<p>Nasze zabiegi s\u0105 wykonywane przez do\u015bwiadczonych specjalist\u00f3w medycznych z wykorzystaniem nowoczesnych technik i zgodnie z uznanymi na ca\u0142ym \u015bwiecie standardami medycznymi. Przed ka\u017cdym zabiegiem pacjenci przechodz\u0105 szczeg\u00f3\u0142ow\u0105 konsultacj\u0119, podczas kt\u00f3rej dok\u0142adnie wyja\u015bnia si\u0119 im plan leczenia, przebieg rekonwalescencji oraz potencjalne zagro\u017cenia. <\/p>\n\n<p>Opr\u00f3cz profesjonalnej opieki medycznej zapewniamy r\u00f3wnie\u017c kompleksowe wsparcie na ka\u017cdym etapie leczenia. Nasz zesp\u00f3\u0142 pomaga pacjentom w planowaniu leczenia, koordynacji dzia\u0142a\u0144 oraz udziela wskaz\u00f3wek dotycz\u0105cych dalszej opieki, aby zapewni\u0107 im p\u0142ynny i komfortowy przebieg pobytu w Turcji. <\/p>\n\n<p>\u0141\u0105cz\u0105c <strong>do\u015bwiadczonych specjalist\u00f3w, nowoczesny sprz\u0119t medyczny oraz przejrzyst\u0105 komunikacj\u0119<\/strong>, Soraca Med d\u0105\u017cy do stworzenia \u015brodowiska terapeutycznego, w kt\u00f3rym pacjenci czuj\u0105 si\u0119 pewnie, s\u0105 dobrze poinformowani i otoczeni troskliw\u0105 opiek\u0105 na ka\u017cdym etapie swojej drogi przez proces leczenia.<\/p>\n\n<h2 class=\"wp-block-heading\"><strong>Cz\u0119sto zadawane pytania<\/strong><\/h2>\n<div id=\"rank-math-faq\" class=\"rank-math-block\">\n<div class=\"rank-math-list \">\n<div id=\"faq-question-1773752179632\" class=\"rank-math-list-item\">\n<h3 class=\"rank-math-question \"><strong>Czy ubezpieczenie od powik\u0142a\u0144 jest obowi\u0105zkowe w przypadku zabieg\u00f3w medycznych w Turcji?<\/strong><\/h3>\n<div class=\"rank-math-answer \">\n\n<p>W zale\u017cno\u015bci od rodzaju zabiegu, plac\u00f3wki medycznej lub platformy, za po\u015brednictwem kt\u00f3rej zabieg jest organizowany, mo\u017ce by\u0107 wymagane ubezpieczenie od powik\u0142a\u0144. W wielu przypadkach zaleca si\u0119 je jako dodatkowe zabezpieczenie, maj\u0105ce na celu ochron\u0119 pacjent\u00f3w przed nieprzewidzianymi kosztami medycznymi zwi\u0105zanymi z powik\u0142aniami pooperacyjnymi. <\/p>\n\n<\/div>\n<\/div>\n<div id=\"faq-question-1773752204965\" class=\"rank-math-list-item\">\n<h3 class=\"rank-math-question \"><strong>Ile kosztuje ubezpieczenie od powik\u0142a\u0144?<\/strong><\/h3>\n<div class=\"rank-math-answer \">\n\n<p>Koszt ubezpieczenia od powik\u0142a\u0144 r\u00f3\u017cni si\u0119 w zale\u017cno\u015bci od rodzaju zabiegu i ubezpieczyciela. Og\u00f3lnie rzecz bior\u0105c, jest to kwota stosunkowo niewielka w por\u00f3wnaniu z ca\u0142kowitym kosztem leczenia i ma na celu zapewnienie zabezpieczenia finansowego na wypadek rzadkich powik\u0142a\u0144 medycznych. <\/p>\n\n<\/div>\n<\/div>\n<div id=\"faq-question-1773752211540\" class=\"rank-math-list-item\">\n<h3 class=\"rank-math-question \"><strong>Czy ubezpieczenie od powik\u0142a\u0144 obejmuje operacj\u0119 rewizyjn\u0105?<\/strong><\/h3>\n<div class=\"rank-math-answer \">\n\n<p>Ubezpieczenie od powik\u0142a\u0144 zazwyczaj pokrywa koszty dodatkowego leczenia tylko wtedy, gdy jest ono medycznie konieczne z powodu powik\u0142a\u0144 zwi\u0105zanych z pierwotnym zabiegiem. Zabiegi korekcyjne wykonywane w celu poprawy wygl\u0105du lub zgodnie z osobistymi preferencjami zazwyczaj nie s\u0105 obj\u0119te zakresem ubezpieczenia. <\/p>\n\n<\/div>\n<\/div>\n<div id=\"faq-question-1773752217136\" class=\"rank-math-list-item\">\n<h3 class=\"rank-math-question \"><strong>Jak d\u0142ugo obowi\u0105zuje ubezpieczenie od powik\u0142a\u0144?<\/strong><\/h3>\n<div class=\"rank-math-answer \">\n\n<p>Okres ochrony ubezpieczeniowej zale\u017cy od konkretnej polisy. Wi\u0119kszo\u015b\u0107 polis ubezpieczenia od powik\u0142a\u0144 obejmuje okre\u015blony okres pooperacyjny, w kt\u00f3rym wyst\u0119puje najwi\u0119ksze prawdopodobie\u0144stwo wyst\u0105pienia powik\u0142a\u0144. Dok\u0142adny czas trwania i warunki s\u0105 okre\u015blone w umowie ubezpieczenia.  <\/p>\n\n<\/div>\n<\/div>\n<div id=\"faq-question-1773752223541\" class=\"rank-math-list-item\">\n<h3 class=\"rank-math-question \"><strong>Co mam zrobi\u0107, je\u015bli po zabiegu wyst\u0105pi\u0105 powik\u0142ania?<\/strong><\/h3>\n<div class=\"rank-math-answer \">\n\n<p>Je\u015bli po zabiegu zauwa\u017cysz nietypowe objawy lub pojawi\u0105 si\u0119 jakiekolwiek obawy, skontaktuj si\u0119 jak najszybciej z zespo\u0142em Soraca Med. Nasz personel medyczny oceni sytuacj\u0119 i pomo\u017ce Ci podj\u0105\u0107 niezb\u0119dne kroki w zakresie opieki medycznej oraz, w razie potrzeby, zg\u0142oszenia do ubezpieczyciela. <\/p>\n\n<\/div>\n<\/div>\n<\/div>\n<\/div>","protected":false},"excerpt":{"rendered":"<p>Podczas wyjazdu za granic\u0119 w celu poddania si\u0119 leczeniu bezpiecze\u0144stwo i spok\u00f3j ducha nale\u017c\u0105 do najwa\u017cniejszych kwestii dla pacjent\u00f3w. W Soraca Med bezpiecze\u0144stwo pacjent\u00f3w jest dla nas priorytetem na ka\u017cdym etapie leczenia. Opr\u00f3cz wsp\u00f3\u0142pracy z do\u015bwiadczonymi lekarzami i korzystania z nowoczesnego zaplecza medycznego zapewniamy r\u00f3wnie\u017c jasne informacje na temat ubezpieczenia od powik\u0142a\u0144, kt\u00f3re ma na [&hellip;]<\/p>\n","protected":false},"author":8,"featured_media":0,"parent":0,"menu_order":0,"comment_status":"closed","ping_status":"closed","template":"","meta":{"_acf_changed":false,"site-sidebar-layout":"default","site-content-layout":"","ast-site-content-layout":"default","site-content-style":"default","site-sidebar-style":"default","ast-global-header-display":"","ast-banner-title-visibility":"","ast-main-header-display":"","ast-hfb-above-header-display":"","ast-hfb-below-header-display":"","ast-hfb-mobile-header-display":"","site-post-title":"","ast-breadcrumbs-content":"","ast-featured-img":"","footer-sml-layout":"","ast-disable-related-posts":"","theme-transparent-header-meta":"","adv-header-id-meta":"","stick-header-meta":"","header-above-stick-meta":"","header-main-stick-meta":"","header-below-stick-meta":"","astra-migrate-meta-layouts":"default","ast-page-background-enabled":"default","ast-page-background-meta":{"desktop":{"background-color":"","background-image":"","background-repeat":"repeat","background-position":"center center","background-size":"auto","background-attachment":"scroll","background-type":"","background-media":"","overlay-type":"","overlay-color":"","overlay-opacity":"","overlay-gradient":""},"tablet":{"background-color":"","background-image":"","background-repeat":"repeat","background-position":"center center","background-size":"auto","background-attachment":"scroll","background-type":"","background-media":"","overlay-type":"","overlay-color":"","overlay-opacity":"","overlay-gradient":""},"mobile":{"background-color":"","background-image":"","background-repeat":"repeat","background-position":"center center","background-size":"auto","background-attachment":"scroll","background-type":"","background-media":"","overlay-type":"","overlay-color":"","overlay-opacity":"","overlay-gradient":""}},"ast-content-background-meta":{"desktop":{"background-color":"var(--ast-global-color-5)","background-image":"","background-repeat":"repeat","background-position":"center center","background-size":"auto","background-attachment":"scroll","background-type":"","background-media":"","overlay-type":"","overlay-color":"","overlay-opacity":"","overlay-gradient":""},"tablet":{"background-color":"var(--ast-global-color-5)","background-image":"","background-repeat":"repeat","background-position":"center center","background-size":"auto","background-attachment":"scroll","background-type":"","background-media":"","overlay-type":"","overlay-color":"","overlay-opacity":"","overlay-gradient":""},"mobile":{"background-color":"var(--ast-global-color-5)","background-image":"","background-repeat":"repeat","background-position":"center center","background-size":"auto","background-attachment":"scroll","background-type":"","background-media":"","overlay-type":"","overlay-color":"","overlay-opacity":"","overlay-gradient":""}},"footnotes":""},"class_list":["post-52563","page","type-page","status-publish","hentry"],"acf":[],"_links":{"self":[{"href":"https:\/\/soracamed.com\/pl\/wp-json\/wp\/v2\/pages\/52563","targetHints":{"allow":["GET"]}}],"collection":[{"href":"https:\/\/soracamed.com\/pl\/wp-json\/wp\/v2\/pages"}],"about":[{"href":"https:\/\/soracamed.com\/pl\/wp-json\/wp\/v2\/types\/page"}],"author":[{"embeddable":true,"href":"https:\/\/soracamed.com\/pl\/wp-json\/wp\/v2\/users\/8"}],"replies":[{"embeddable":true,"href":"https:\/\/soracamed.com\/pl\/wp-json\/wp\/v2\/comments?post=52563"}],"version-history":[{"count":2,"href":"https:\/\/soracamed.com\/pl\/wp-json\/wp\/v2\/pages\/52563\/revisions"}],"predecessor-version":[{"id":52577,"href":"https:\/\/soracamed.com\/pl\/wp-json\/wp\/v2\/pages\/52563\/revisions\/52577"}],"wp:attachment":[{"href":"https:\/\/soracamed.com\/pl\/wp-json\/wp\/v2\/media?parent=52563"}],"curies":[{"name":"wp","href":"https:\/\/api.w.org\/{rel}","templated":true}]}}