{"id":51065,"date":"2026-02-25T11:51:59","date_gmt":"2026-02-25T08:51:59","guid":{"rendered":"https:\/\/soracamed.com\/mentiuni-legale\/"},"modified":"2026-03-16T00:38:47","modified_gmt":"2026-03-15T21:38:47","slug":"mentiuni-legale","status":"publish","type":"page","link":"https:\/\/soracamed.com\/ro\/mentiuni-legale\/","title":{"rendered":"Men\u021biuni legale"},"content":{"rendered":"\n<p>Informa\u021bii \u00een conformitate cu articolul 5 din TMG (Germania), articolul 55 din RStV \u0219i cerin\u021bele UE privind transparen\u021ba.<\/p>\n\n<h2 class=\"wp-block-heading\"><strong>1. Administratorul site-ului web<\/strong><\/h2>\n\n<p>Soraca Med<\/p>\n\n<h2 class=\"wp-block-heading\"><strong>2. Denumirea comercial\u0103 \u00eenregistrat\u0103<\/strong><\/h2>\n\n<p>Soraca Med<br\/> activeaz\u0103 \u00een domeniul coordon\u0103rii turismului medical \u0219i al serviciilor de medicin\u0103 estetic\u0103.<\/p>\n\n<h2 class=\"wp-block-heading\"><strong>3. Sediul social \/ Adresa sediului<\/strong><\/h2>\n\n<p><a href=\"https:\/\/share.google\/oWNzjP4RDkPc7LRkJ\" rel=\"nofollow noopener\" target=\"_blank\">Ku\u015fkava\u011f\u0131, Str. 542, nr. 4\/B, 07070 Konyaalt\u0131 \/ Antalya, Turcia  <\/a><\/p>\n\n<h2 class=\"wp-block-heading\"><strong>4. Date de contact<\/strong><\/h2>\n\n<p>E-mail: <a href=\"mailto:info@soracamed.com\">info@soracamed.com<\/a><br\/>Telefon: <a href=\"tel:+905070701026\">+90 507 070 10 26<\/a><br\/>Site web: <a href=\"https:\/\/soracamed.com\/ro\/\">https:\/\/soracamed.com<\/a><\/p>\n\n<h2 class=\"wp-block-heading\"><strong>5. Reprezentant legal \/ Director general<\/strong><\/h2>\n\n<p>Murat Peker \u2013 Persoan\u0103 de contact<\/p>\n\n<p>E-mail:<a href=\"mailto:murat@soracamed.com\">murat@soracamed.com<\/a><br\/>Soraca Med<\/p>\n\n<h2 class=\"wp-block-heading\"><strong>6. Responsabil pentru con\u021binut \u00een conformitate cu articolul 55 din RStV<\/strong><\/h2>\n\n<p><a href=\"https:\/\/share.google\/oWNzjP4RDkPc7LRkJ\" rel=\"nofollow noopener\" target=\"_blank\">Soraca Med Ku\u015fkava\u011f\u0131, Str. 542, nr. 4\/B, 07070 Konyaalt\u0131 \/ Antalya, Turcia  <\/a><\/p>\n\n<h2 class=\"wp-block-heading\"><strong>7. Editor de site web \/ Manager de con\u021binut<\/strong><\/h2>\n\n<p>Hasan Ali \u00d6zt\u00fcrk<br\/>E-mail: <a href=\"mailto:alihasan0616@gmail.com\">alihasan0616@gmail.com<\/a><\/p>\n\n<p>Responsabil cu publicarea, actualizarea \u0219i gestionarea con\u021binutului site-ului web \u00een conformitate cu reglement\u0103rile UE privind transparen\u021ba.<\/p>\n\n<h2 class=\"wp-block-heading\"><strong>8. Autoritatea de reglementare<\/strong><\/h2>\n\n<p>Ministerul S\u0103n\u0103t\u0103\u021bii din Republica Turcia<br\/>Toate serviciile medicale sunt furnizate \u00een conformitate cu legisla\u021bia turc\u0103 \u00een domeniul s\u0103n\u0103t\u0103\u021bii \u0219i sub supravegherea autorit\u0103\u021bilor sanitare turce competente.<\/p>\n\n<h2 class=\"wp-block-heading\"><strong>9. Informa\u021bii profesionale<\/strong><\/h2>\n\n<p>Soraca Med ofer\u0103 servicii de coordonare \u00een domeniul turismului medical \u0219i colaboreaz\u0103 cu medici autoriza\u021bi \u0219i institu\u021bii medicale acreditate din Turcia.<\/p>\n\n<p>Toate procedurile medicale sunt efectuate de personal medical certificat \u0219i autorizat legal, \u00een conformitate cu legisla\u021bia medical\u0103 turc\u0103 \u0219i cu normele profesionale aplicabile.<\/p>\n\n<p>Titlurile profesionale se acord\u0103 \u00een Republica Turcia.<\/p>\n\n<h2 class=\"wp-block-heading\"><strong>10. Domeniul de aplicare al serviciilor<\/strong><\/h2>\n\n<p>Site-ul web ofer\u0103 informa\u021bii cu privire la op\u021biunile de tratamente estetice \u0219i medicale disponibile \u00een Turcia.<br\/>Planurile individuale de tratament, pre\u021burile \u0219i deciziile medicale sunt stabilite numai \u00een urma unei evalu\u0103ri medicale personale \u0219i a unei consulta\u021bii.<\/p>\n\n<h2 class=\"wp-block-heading\"><strong>11. Declara\u021bie de exonerare de r\u0103spundere \u2013 Informa\u021bii medicale<\/strong><\/h2>\n\n<p>Con\u021binutul publicat pe acest site web are doar scop informativ general \u0219i nu constituie sfaturi medicale, diagnostic sau recomand\u0103ri de tratament.<\/p>\n\n<p>Vizitatorii nu trebuie s\u0103 se bazeze exclusiv pe informa\u021biile de pe site-ul web atunci c\u00e2nd iau decizii medicale. Este necesar\u0103 o consultare direct\u0103 cu un specialist medical calificat. <\/p>\n\n<h2 class=\"wp-block-heading\"><strong>12. R\u0103spunderea pentru con\u021binut<\/strong><\/h2>\n\n<p>\u00cen calitate de furnizor de servicii, suntem responsabili pentru propriul con\u021binut de pe aceste pagini, \u00een conformitate cu legisla\u021bia general\u0103.<br\/>Cu toate acestea, nu avem obliga\u021bia de a monitoriza informa\u021biile transmise sau stocate de ter\u021bi \u0219i nici de a investiga circumstan\u021bele care indic\u0103 o activitate ilegal\u0103.<\/p>\n\n<p>Sunt excluse cererile de desp\u0103gubire privind prejudiciile materiale sau morale cauzate de utilizarea sau neutilizarea informa\u021biilor furnizate, cu excep\u021bia cazului \u00een care se dovede\u0219te existen\u021ba unei culpe inten\u021bionate sau a unei neglijen\u021be grave.<\/p>\n\n<h2 class=\"wp-block-heading\"><strong>13. R\u0103spunderea pentru linkurile externe<\/strong><\/h2>\n\n<p>Site-ul nostru web poate con\u021bine linkuri c\u0103tre site-uri web externe ale unor ter\u021be p\u0103r\u021bi, asupra con\u021binutului c\u0103rora nu avem niciun control.<\/p>\n\n<p>Prin urmare, nu ne asum\u0103m nicio r\u0103spundere pentru astfel de con\u021binut extern. Responsabilitatea pentru con\u021binutul paginilor web c\u0103tre care se face trimitere revine \u00eentotdeauna furnizorului sau operatorului respectiv. <\/p>\n\n<h2 class=\"wp-block-heading\"><strong>14. Proprietate intelectual\u0103 \/ Drepturi de autor<\/strong><\/h2>\n\n<p>Toate textele, imaginile, elementele grafice, logo-urile, elementele de design \u0219i celelalte con\u021binuturi publicate pe acest site web sunt protejate de legisla\u021bia interna\u021bional\u0103 privind drepturile de autor.<\/p>\n\n<p>Orice reproducere, modificare, distribuire sau utilizare care dep\u0103\u0219e\u0219te limitele prev\u0103zute de legea drepturilor de autor necesit\u0103 acordul prealabil scris al Soraca Med.<\/p>\n\n<h2 class=\"wp-block-heading\"><strong>15. Solu\u021bionarea online a litigiilor (ODR)<\/strong><\/h2>\n\n<p>Comisia European\u0103 pune la dispozi\u021bie o platform\u0103 pentru solu\u021bionarea online a litigiilor (ODR):<br\/><a href=\"https:\/\/ec.europa.eu\/consumers\/odr\/\" rel=\"nofollow noopener\" target=\"_blank\">https:\/\/ec.europa.eu\/consumers\/odr\/<\/a><\/p>\n\n<p>Nu suntem obliga\u021bi \u0219i nici dispu\u0219i s\u0103 particip\u0103m la proceduri de solu\u021bionare a litigiilor \u00een fa\u021ba unei comisii de arbitraj pentru consumatori.<\/p>\n\n<h2 class=\"wp-block-heading\"><strong>16. Legisla\u021bia aplicabil\u0103<\/strong><\/h2>\n\n<p>Acest site web \u0219i serviciile sale sunt reglementate de legisla\u021bia Republicii Turcia.<\/p>\n","protected":false},"excerpt":{"rendered":"<p>Informa\u021bii \u00een conformitate cu articolul 5 din TMG (Germania), articolul 55 din RStV \u0219i cerin\u021bele UE privind transparen\u021ba. 1. Administratorul site-ului web Soraca Med 2. Denumirea comercial\u0103 \u00eenregistrat\u0103 Soraca Med activeaz\u0103 \u00een domeniul coordon\u0103rii turismului medical \u0219i al serviciilor de medicin\u0103 estetic\u0103. 3. Sediul social \/ Adresa sediului Ku\u015fkava\u011f\u0131, Str. 542, nr. 4\/B, 07070 Konyaalt\u0131 [&hellip;]<\/p>\n","protected":false},"author":8,"featured_media":0,"parent":0,"menu_order":0,"comment_status":"closed","ping_status":"closed","template":"","meta":{"_acf_changed":false,"site-sidebar-layout":"default","site-content-layout":"","ast-site-content-layout":"default","site-content-style":"default","site-sidebar-style":"default","ast-global-header-display":"","ast-banner-title-visibility":"","ast-main-header-display":"","ast-hfb-above-header-display":"","ast-hfb-below-header-display":"","ast-hfb-mobile-header-display":"","site-post-title":"","ast-breadcrumbs-content":"","ast-featured-img":"","footer-sml-layout":"","ast-disable-related-posts":"","theme-transparent-header-meta":"","adv-header-id-meta":"","stick-header-meta":"","header-above-stick-meta":"","header-main-stick-meta":"","header-below-stick-meta":"","astra-migrate-meta-layouts":"default","ast-page-background-enabled":"default","ast-page-background-meta":{"desktop":{"background-color":"","background-image":"","background-repeat":"repeat","background-position":"center center","background-size":"auto","background-attachment":"scroll","background-type":"","background-media":"","overlay-type":"","overlay-color":"","overlay-opacity":"","overlay-gradient":""},"tablet":{"background-color":"","background-image":"","background-repeat":"repeat","background-position":"center center","background-size":"auto","background-attachment":"scroll","background-type":"","background-media":"","overlay-type":"","overlay-color":"","overlay-opacity":"","overlay-gradient":""},"mobile":{"background-color":"","background-image":"","background-repeat":"repeat","background-position":"center center","background-size":"auto","background-attachment":"scroll","background-type":"","background-media":"","overlay-type":"","overlay-color":"","overlay-opacity":"","overlay-gradient":""}},"ast-content-background-meta":{"desktop":{"background-color":"var(--ast-global-color-5)","background-image":"","background-repeat":"repeat","background-position":"center center","background-size":"auto","background-attachment":"scroll","background-type":"","background-media":"","overlay-type":"","overlay-color":"","overlay-opacity":"","overlay-gradient":""},"tablet":{"background-color":"var(--ast-global-color-5)","background-image":"","background-repeat":"repeat","background-position":"center center","background-size":"auto","background-attachment":"scroll","background-type":"","background-media":"","overlay-type":"","overlay-color":"","overlay-opacity":"","overlay-gradient":""},"mobile":{"background-color":"var(--ast-global-color-5)","background-image":"","background-repeat":"repeat","background-position":"center center","background-size":"auto","background-attachment":"scroll","background-type":"","background-media":"","overlay-type":"","overlay-color":"","overlay-opacity":"","overlay-gradient":""}},"footnotes":""},"class_list":["post-51065","page","type-page","status-publish","hentry"],"acf":[],"_links":{"self":[{"href":"https:\/\/soracamed.com\/ro\/wp-json\/wp\/v2\/pages\/51065","targetHints":{"allow":["GET"]}}],"collection":[{"href":"https:\/\/soracamed.com\/ro\/wp-json\/wp\/v2\/pages"}],"about":[{"href":"https:\/\/soracamed.com\/ro\/wp-json\/wp\/v2\/types\/page"}],"author":[{"embeddable":true,"href":"https:\/\/soracamed.com\/ro\/wp-json\/wp\/v2\/users\/8"}],"replies":[{"embeddable":true,"href":"https:\/\/soracamed.com\/ro\/wp-json\/wp\/v2\/comments?post=51065"}],"version-history":[{"count":0,"href":"https:\/\/soracamed.com\/ro\/wp-json\/wp\/v2\/pages\/51065\/revisions"}],"wp:attachment":[{"href":"https:\/\/soracamed.com\/ro\/wp-json\/wp\/v2\/media?parent=51065"}],"curies":[{"name":"wp","href":"https:\/\/api.w.org\/{rel}","templated":true}]}}