{"id":51107,"date":"2026-02-25T11:51:59","date_gmt":"2026-02-25T08:51:59","guid":{"rendered":"https:\/\/soracamed.com\/%d0%b2%d0%b8%d0%b4%d0%b0%d0%b2%d0%bd%d0%b8%d1%87%d0%b0-%d1%96%d0%bd%d1%84%d0%be%d1%80%d0%bc%d0%b0%d1%86%d1%96%d1%8f\/"},"modified":"2026-03-16T00:56:56","modified_gmt":"2026-03-15T21:56:56","slug":"%d0%b2%d0%b8%d0%b4%d0%b0%d0%b2%d0%bd%d0%b8%d1%87%d0%b0-%d1%96%d0%bd%d1%84%d0%be%d1%80%d0%bc%d0%b0%d1%86%d1%96%d1%8f","status":"publish","type":"page","link":"https:\/\/soracamed.com\/uk\/%d0%b2%d0%b8%d0%b4%d0%b0%d0%b2%d0%bd%d0%b8%d1%87%d0%b0-%d1%96%d0%bd%d1%84%d0%be%d1%80%d0%bc%d0%b0%d1%86%d1%96%d1%8f\/","title":{"rendered":"\u0412\u0438\u0434\u0430\u0432\u043d\u0438\u0447\u0430 \u0456\u043d\u0444\u043e\u0440\u043c\u0430\u0446\u0456\u044f"},"content":{"rendered":"\n<p>\u0406\u043d\u0444\u043e\u0440\u043c\u0430\u0446\u0456\u044f \u0432\u0456\u0434\u043f\u043e\u0432\u0456\u0434\u043d\u043e \u0434\u043e \u00a7 5 \u0417\u0430\u043a\u043e\u043d\u0443 \u043f\u0440\u043e \u0442\u0435\u043b\u0435\u043c\u0435\u0434\u0456\u0430 (\u041d\u0456\u043c\u0435\u0447\u0447\u0438\u043d\u0430), \u00a7 55 \u0420\u0430\u043c\u043e\u0447\u043d\u043e\u0457 \u0443\u0433\u043e\u0434\u0438 \u043f\u0440\u043e \u0442\u0435\u043b\u0435\u0431\u0430\u0447\u0435\u043d\u043d\u044f \u0442\u0430 \u0432\u0438\u043c\u043e\u0433 \u0404\u0421 \u0449\u043e\u0434\u043e \u043f\u0440\u043e\u0437\u043e\u0440\u043e\u0441\u0442\u0456.<\/p>\n\n<h2 class=\"wp-block-heading\"><strong>1. \u041e\u043f\u0435\u0440\u0430\u0442\u043e\u0440 \u0432\u0435\u0431-\u0441\u0430\u0439\u0442\u0443<\/strong><\/h2>\n\n<p>Soraca Med<\/p>\n\n<h2 class=\"wp-block-heading\"><strong>2. \u0417\u0430\u0440\u0435\u0454\u0441\u0442\u0440\u043e\u0432\u0430\u043d\u0430 \u043d\u0430\u0437\u0432\u0430 \u043f\u0456\u0434\u043f\u0440\u0438\u0454\u043c\u0441\u0442\u0432\u0430<\/strong><\/h2>\n\n<p>Soraca Med<br\/>\u0437\u0430\u0439\u043c\u0430\u0454\u0442\u044c\u0441\u044f \u043a\u043e\u043e\u0440\u0434\u0438\u043d\u0430\u0446\u0456\u0454\u044e \u043c\u0435\u0434\u0438\u0447\u043d\u043e\u0433\u043e \u0442\u0443\u0440\u0438\u0437\u043c\u0443 \u0442\u0430 \u043d\u0430\u0434\u0430\u043d\u043d\u044f\u043c \u043f\u043e\u0441\u043b\u0443\u0433 \u0443 \u0441\u0444\u0435\u0440\u0456 \u0435\u0441\u0442\u0435\u0442\u0438\u0447\u043d\u043e\u0457 \u043c\u0435\u0434\u0438\u0446\u0438\u043d\u0438.<\/p>\n\n<h2 class=\"wp-block-heading\"><strong>3. \u042e\u0440\u0438\u0434\u0438\u0447\u043d\u0430 \u0430\u0434\u0440\u0435\u0441\u0430 \/ \u0410\u0434\u0440\u0435\u0441\u0430 \u043f\u0456\u0434\u043f\u0440\u0438\u0454\u043c\u0441\u0442\u0432\u0430<\/strong><\/h2>\n\n<p><a href=\"https:\/\/share.google\/oWNzjP4RDkPc7LRkJ\" rel=\"nofollow noopener\" target=\"_blank\">Ku\u015fkava\u011f\u0131, 542. Sk. No:4\/B 07070 Konyaalt\u0131 \/ Antalya T\u00fcrkiye  <\/a><\/p>\n\n<h2 class=\"wp-block-heading\"><strong>4. \u041a\u043e\u043d\u0442\u0430\u043a\u0442\u043d\u0430 \u0456\u043d\u0444\u043e\u0440\u043c\u0430\u0446\u0456\u044f<\/strong><\/h2>\n\n<p>\u0415\u043b\u0435\u043a\u0442\u0440\u043e\u043d\u043d\u0430 \u043f\u043e\u0448\u0442\u0430: <a href=\"mailto:info@soracamed.com\">info@soracamed.com<\/a><br\/>\u0422\u0435\u043b\u0435\u0444\u043e\u043d: <a href=\"tel:+905070701026\">+90 507 070 10 26<\/a><br\/>\u0412\u0435\u0431-\u0441\u0430\u0439\u0442: <a href=\"https:\/\/soracamed.com\/uk\/\">https:\/\/soracamed.com<\/a><\/p>\n\n<h2 class=\"wp-block-heading\"><strong>5. \u042e\u0440\u0438\u0434\u0438\u0447\u043d\u0438\u0439 \u043f\u0440\u0435\u0434\u0441\u0442\u0430\u0432\u043d\u0438\u043a \/ \u041a\u0435\u0440\u0456\u0432\u043d\u0438\u043a<\/strong><\/h2>\n\n<p>Murat Peker \u2013 \u043a\u043e\u043d\u0442\u0430\u043a\u0442\u043d\u0430 \u043e\u0441\u043e\u0431\u0430<\/p>\n\n<p>\u0415\u043b\u0435\u043a\u0442\u0440\u043e\u043d\u043d\u0430 \u043f\u043e\u0448\u0442\u0430:<a href=\"mailto:murat@soracamed.com\">murat@soracamed.com<\/a><br\/>Soraca Med<\/p>\n\n<h2 class=\"wp-block-heading\"><strong>6. \u0412\u0456\u0434\u043f\u043e\u0432\u0456\u0434\u0430\u043b\u044c\u043d\u0456\u0441\u0442\u044c \u0437\u0430 \u043a\u043e\u043d\u0442\u0435\u043d\u0442 \u0432\u0456\u0434\u043f\u043e\u0432\u0456\u0434\u043d\u043e \u0434\u043e \u00a7 55 RStV<\/strong><\/h2>\n\n<p><a href=\"https:\/\/share.google\/oWNzjP4RDkPc7LRkJ\" rel=\"nofollow noopener\" target=\"_blank\">Soraca Med Ku\u015fkava\u011f\u0131, 542. Sk. No:4\/B 07070 Konyaalt\u0131 \/ Antalya T\u00fcrkiye  <\/a><\/p>\n\n<h2 class=\"wp-block-heading\"><strong>7. \u0420\u0435\u0434\u0430\u043a\u0442\u043e\u0440 \u0432\u0435\u0431-\u0441\u0430\u0439\u0442\u0443 \/ \u041c\u0435\u043d\u0435\u0434\u0436\u0435\u0440 \u043a\u043e\u043d\u0442\u0435\u043d\u0442\u0443<\/strong><\/h2>\n\n<p>Hasan Ali \u00d6zt\u00fcrk<br\/>\u0415\u043b\u0435\u043a\u0442\u0440\u043e\u043d\u043d\u0430 \u043f\u043e\u0448\u0442\u0430: <a href=\"mailto:alihasan0616@gmail.com\">alihasan0616@gmail.com<\/a><\/p>\n\n<p>\u0412\u0456\u0434\u043f\u043e\u0432\u0456\u0434\u0430\u0454 \u0437\u0430 \u043f\u0443\u0431\u043b\u0456\u043a\u0430\u0446\u0456\u044e, \u043e\u043d\u043e\u0432\u043b\u0435\u043d\u043d\u044f \u0442\u0430 \u0443\u043f\u0440\u0430\u0432\u043b\u0456\u043d\u043d\u044f \u043a\u043e\u043d\u0442\u0435\u043d\u0442\u043e\u043c \u0432\u0435\u0431-\u0441\u0430\u0439\u0442\u0443 \u0432\u0456\u0434\u043f\u043e\u0432\u0456\u0434\u043d\u043e \u0434\u043e \u0432\u0438\u043c\u043e\u0433 \u0404\u0421 \u0449\u043e\u0434\u043e \u043f\u0440\u043e\u0437\u043e\u0440\u043e\u0441\u0442\u0456.<\/p>\n\n<h2 class=\"wp-block-heading\"><strong>8. \u0420\u0435\u0433\u0443\u043b\u044e\u044e\u0447\u0438\u0439 \u043e\u0440\u0433\u0430\u043d<\/strong><\/h2>\n\n<p>\u041c\u0456\u043d\u0456\u0441\u0442\u0435\u0440\u0441\u0442\u0432\u043e \u043e\u0445\u043e\u0440\u043e\u043d\u0438 \u0437\u0434\u043e\u0440\u043e\u0432\u2019\u044f \u0422\u0443\u0440\u0435\u0446\u044c\u043a\u043e\u0457 \u0420\u0435\u0441\u043f\u0443\u0431\u043b\u0456\u043a\u0438<br\/>\u0423\u0441\u0456 \u043c\u0435\u0434\u0438\u0447\u043d\u0456 \u043f\u043e\u0441\u043b\u0443\u0433\u0438 \u043d\u0430\u0434\u0430\u044e\u0442\u044c\u0441\u044f \u0432\u0456\u0434\u043f\u043e\u0432\u0456\u0434\u043d\u043e \u0434\u043e \u0442\u0443\u0440\u0435\u0446\u044c\u043a\u043e\u0433\u043e \u0437\u0430\u043a\u043e\u043d\u043e\u0434\u0430\u0432\u0441\u0442\u0432\u0430 \u0443 \u0441\u0444\u0435\u0440\u0456 \u043e\u0445\u043e\u0440\u043e\u043d\u0438 \u0437\u0434\u043e\u0440\u043e\u0432\u2019\u044f \u0442\u0430 \u043f\u0456\u0434 \u043d\u0430\u0433\u043b\u044f\u0434\u043e\u043c \u043a\u043e\u043c\u043f\u0435\u0442\u0435\u043d\u0442\u043d\u0438\u0445 \u0442\u0443\u0440\u0435\u0446\u044c\u043a\u0438\u0445 \u043e\u0440\u0433\u0430\u043d\u0456\u0432 \u043e\u0445\u043e\u0440\u043e\u043d\u0438 \u0437\u0434\u043e\u0440\u043e\u0432\u2019\u044f.<\/p>\n\n<h2 class=\"wp-block-heading\"><strong>9. \u041f\u0440\u043e\u0444\u0435\u0441\u0456\u0439\u043d\u0430 \u0456\u043d\u0444\u043e\u0440\u043c\u0430\u0446\u0456\u044f<\/strong><\/h2>\n\n<p>\u041a\u043e\u043c\u043f\u0430\u043d\u0456\u044f \u00abSoraca Med\u00bb \u043d\u0430\u0434\u0430\u0454 \u043f\u043e\u0441\u043b\u0443\u0433\u0438 \u0437 \u043a\u043e\u043e\u0440\u0434\u0438\u043d\u0430\u0446\u0456\u0457 \u043c\u0435\u0434\u0438\u0447\u043d\u043e\u0433\u043e \u0442\u0443\u0440\u0438\u0437\u043c\u0443 \u0442\u0430 \u0441\u043f\u0456\u0432\u043f\u0440\u0430\u0446\u044e\u0454 \u0437 \u043b\u0456\u0446\u0435\u043d\u0437\u043e\u0432\u0430\u043d\u0438\u043c\u0438 \u043b\u0456\u043a\u0430\u0440\u044f\u043c\u0438 \u0442\u0430 \u0430\u043a\u0440\u0435\u0434\u0438\u0442\u043e\u0432\u0430\u043d\u0438\u043c\u0438 \u043c\u0435\u0434\u0438\u0447\u043d\u0438\u043c\u0438 \u0437\u0430\u043a\u043b\u0430\u0434\u0430\u043c\u0438 \u0432 \u0422\u0443\u0440\u0435\u0447\u0447\u0438\u043d\u0456.<\/p>\n\n<p>\u0423\u0441\u0456 \u043c\u0435\u0434\u0438\u0447\u043d\u0456 \u043f\u0440\u043e\u0446\u0435\u0434\u0443\u0440\u0438 \u043f\u0440\u043e\u0432\u043e\u0434\u044f\u0442\u044c\u0441\u044f \u0441\u0435\u0440\u0442\u0438\u0444\u0456\u043a\u043e\u0432\u0430\u043d\u0438\u043c\u0438 \u0442\u0430 \u0443\u043f\u043e\u0432\u043d\u043e\u0432\u0430\u0436\u0435\u043d\u0438\u043c\u0438 \u0437\u0430\u043a\u043e\u043d\u043e\u043c \u043c\u0435\u0434\u0438\u0447\u043d\u0438\u043c\u0438 \u043f\u0440\u0430\u0446\u0456\u0432\u043d\u0438\u043a\u0430\u043c\u0438 \u0432\u0456\u0434\u043f\u043e\u0432\u0456\u0434\u043d\u043e \u0434\u043e \u0447\u0438\u043d\u043d\u043e\u0433\u043e \u0442\u0443\u0440\u0435\u0446\u044c\u043a\u043e\u0433\u043e \u0437\u0430\u043a\u043e\u043d\u043e\u0434\u0430\u0432\u0441\u0442\u0432\u0430 \u0443 \u0441\u0444\u0435\u0440\u0456 \u043e\u0445\u043e\u0440\u043e\u043d\u0438 \u0437\u0434\u043e\u0440\u043e\u0432\u2019\u044f \u0442\u0430 \u043f\u0440\u043e\u0444\u0435\u0441\u0456\u0439\u043d\u0438\u0445 \u043d\u043e\u0440\u043c.<\/p>\n\n<p>\u041f\u0440\u043e\u0444\u0435\u0441\u0456\u0439\u043d\u0456 \u0437\u0432\u0430\u043d\u043d\u044f \u043f\u0440\u0438\u0441\u0432\u043e\u044e\u044e\u0442\u044c\u0441\u044f \u0432 \u0422\u0443\u0440\u0435\u0446\u044c\u043a\u0456\u0439 \u0420\u0435\u0441\u043f\u0443\u0431\u043b\u0456\u0446\u0456.<\/p>\n\n<h2 class=\"wp-block-heading\"><strong>10. \u041f\u0435\u0440\u0435\u043b\u0456\u043a \u043f\u043e\u0441\u043b\u0443\u0433<\/strong><\/h2>\n\n<p>\u041d\u0430 \u0446\u044c\u043e\u043c\u0443 \u0432\u0435\u0431-\u0441\u0430\u0439\u0442\u0456 \u043d\u0430\u0432\u0435\u0434\u0435\u043d\u043e \u0456\u043d\u0444\u043e\u0440\u043c\u0430\u0446\u0456\u044e \u043f\u0440\u043e \u043c\u043e\u0436\u043b\u0438\u0432\u043e\u0441\u0442\u0456 \u0435\u0441\u0442\u0435\u0442\u0438\u0447\u043d\u043e\u0433\u043e \u0442\u0430 \u043c\u0435\u0434\u0438\u0447\u043d\u043e\u0433\u043e \u043b\u0456\u043a\u0443\u0432\u0430\u043d\u043d\u044f, \u0434\u043e\u0441\u0442\u0443\u043f\u043d\u0456 \u0432 \u0422\u0443\u0440\u0435\u0447\u0447\u0438\u043d\u0456.<br\/>\u0406\u043d\u0434\u0438\u0432\u0456\u0434\u0443\u0430\u043b\u044c\u043d\u0456 \u043f\u043b\u0430\u043d\u0438 \u043b\u0456\u043a\u0443\u0432\u0430\u043d\u043d\u044f, \u0432\u0430\u0440\u0442\u0456\u0441\u0442\u044c \u0442\u0430 \u043c\u0435\u0434\u0438\u0447\u043d\u0456 \u0440\u0456\u0448\u0435\u043d\u043d\u044f \u0432\u0438\u0437\u043d\u0430\u0447\u0430\u044e\u0442\u044c\u0441\u044f \u0432\u0438\u043a\u043b\u044e\u0447\u043d\u043e \u043f\u0456\u0441\u043b\u044f \u043e\u0441\u043e\u0431\u0438\u0441\u0442\u043e\u0433\u043e \u043c\u0435\u0434\u0438\u0447\u043d\u043e\u0433\u043e \u043e\u0431\u0441\u0442\u0435\u0436\u0435\u043d\u043d\u044f \u0442\u0430 \u043a\u043e\u043d\u0441\u0443\u043b\u044c\u0442\u0430\u0446\u0456\u0457.<\/p>\n\n<h2 class=\"wp-block-heading\"><strong>11. \u0417\u0430\u0441\u0442\u0435\u0440\u0435\u0436\u0435\u043d\u043d\u044f \u2014 \u041c\u0435\u0434\u0438\u0447\u043d\u0430 \u0456\u043d\u0444\u043e\u0440\u043c\u0430\u0446\u0456\u044f<\/strong><\/h2>\n\n<p>\u041c\u0430\u0442\u0435\u0440\u0456\u0430\u043b\u0438, \u043e\u043f\u0443\u0431\u043b\u0456\u043a\u043e\u0432\u0430\u043d\u0456 \u043d\u0430 \u0446\u044c\u043e\u043c\u0443 \u0432\u0435\u0431-\u0441\u0430\u0439\u0442\u0456, \u043f\u0440\u0438\u0437\u043d\u0430\u0447\u0435\u043d\u0456 \u0432\u0438\u043a\u043b\u044e\u0447\u043d\u043e \u0434\u043b\u044f \u0437\u0430\u0433\u0430\u043b\u044c\u043d\u0438\u0445 \u0456\u043d\u0444\u043e\u0440\u043c\u0430\u0446\u0456\u0439\u043d\u0438\u0445 \u0446\u0456\u043b\u0435\u0439 \u0456 \u043d\u0435 \u0454 \u043c\u0435\u0434\u0438\u0447\u043d\u043e\u044e \u043f\u043e\u0440\u0430\u0434\u043e\u044e, \u0434\u0456\u0430\u0433\u043d\u043e\u0437\u043e\u043c \u0430\u0431\u043e \u0440\u0435\u043a\u043e\u043c\u0435\u043d\u0434\u0430\u0446\u0456\u0454\u044e \u0449\u043e\u0434\u043e \u043b\u0456\u043a\u0443\u0432\u0430\u043d\u043d\u044f.<\/p>\n\n<p>\u0412\u0456\u0434\u0432\u0456\u0434\u0443\u0432\u0430\u0447\u0430\u043c \u043d\u0435 \u0441\u043b\u0456\u0434 \u043f\u043e\u043a\u043b\u0430\u0434\u0430\u0442\u0438\u0441\u044f \u0432\u0438\u043a\u043b\u044e\u0447\u043d\u043e \u043d\u0430 \u0456\u043d\u0444\u043e\u0440\u043c\u0430\u0446\u0456\u044e, \u0440\u043e\u0437\u043c\u0456\u0449\u0435\u043d\u0443 \u043d\u0430 \u0432\u0435\u0431-\u0441\u0430\u0439\u0442\u0456, \u043f\u0440\u0438 \u043f\u0440\u0438\u0439\u043d\u044f\u0442\u0442\u0456 \u0440\u0456\u0448\u0435\u043d\u044c \u043c\u0435\u0434\u0438\u0447\u043d\u043e\u0433\u043e \u0445\u0430\u0440\u0430\u043a\u0442\u0435\u0440\u0443. \u041d\u0435\u043e\u0431\u0445\u0456\u0434\u043d\u043e \u043f\u0440\u043e\u043a\u043e\u043d\u0441\u0443\u043b\u044c\u0442\u0443\u0432\u0430\u0442\u0438\u0441\u044f \u0431\u0435\u0437\u043f\u043e\u0441\u0435\u0440\u0435\u0434\u043d\u044c\u043e \u0437 \u043a\u0432\u0430\u043b\u0456\u0444\u0456\u043a\u043e\u0432\u0430\u043d\u0438\u043c \u043c\u0435\u0434\u0438\u0447\u043d\u0438\u043c \u043f\u0440\u0430\u0446\u0456\u0432\u043d\u0438\u043a\u043e\u043c. <\/p>\n\n<h2 class=\"wp-block-heading\"><strong>12. \u0412\u0456\u0434\u043f\u043e\u0432\u0456\u0434\u0430\u043b\u044c\u043d\u0456\u0441\u0442\u044c \u0437\u0430 \u043a\u043e\u043d\u0442\u0435\u043d\u0442<\/strong><\/h2>\n\n<p>\u042f\u043a \u043f\u043e\u0441\u0442\u0430\u0447\u0430\u043b\u044c\u043d\u0438\u043a \u043f\u043e\u0441\u043b\u0443\u0433, \u043c\u0438 \u043d\u0435\u0441\u0435\u043c\u043e \u0432\u0456\u0434\u043f\u043e\u0432\u0456\u0434\u0430\u043b\u044c\u043d\u0456\u0441\u0442\u044c \u0437\u0430 \u0432\u043b\u0430\u0441\u043d\u0438\u0439 \u043a\u043e\u043d\u0442\u0435\u043d\u0442 \u043d\u0430 \u0446\u0438\u0445 \u0441\u0442\u043e\u0440\u0456\u043d\u043a\u0430\u0445 \u0432\u0456\u0434\u043f\u043e\u0432\u0456\u0434\u043d\u043e \u0434\u043e \u0437\u0430\u0433\u0430\u043b\u044c\u043d\u043e\u0433\u043e \u0437\u0430\u043a\u043e\u043d\u043e\u0434\u0430\u0432\u0441\u0442\u0432\u0430.<br\/>\u041e\u0434\u043d\u0430\u043a \u043c\u0438 \u043d\u0435 \u0437\u043e\u0431\u043e\u0432&#8217;\u044f\u0437\u0430\u043d\u0456 \u043a\u043e\u043d\u0442\u0440\u043e\u043b\u044e\u0432\u0430\u0442\u0438 \u0456\u043d\u0444\u043e\u0440\u043c\u0430\u0446\u0456\u044e, \u0449\u043e \u043f\u0435\u0440\u0435\u0434\u0430\u0454\u0442\u044c\u0441\u044f \u0430\u0431\u043e \u0437\u0431\u0435\u0440\u0456\u0433\u0430\u0454\u0442\u044c\u0441\u044f \u0442\u0440\u0435\u0442\u0456\u043c\u0438 \u043e\u0441\u043e\u0431\u0430\u043c\u0438, \u0430 \u0442\u0430\u043a\u043e\u0436 \u0440\u043e\u0437\u0441\u043b\u0456\u0434\u0443\u0432\u0430\u0442\u0438 \u043e\u0431\u0441\u0442\u0430\u0432\u0438\u043d\u0438, \u044f\u043a\u0456 \u0432\u043a\u0430\u0437\u0443\u044e\u0442\u044c \u043d\u0430 \u043d\u0435\u0437\u0430\u043a\u043e\u043d\u043d\u0443 \u0434\u0456\u044f\u043b\u044c\u043d\u0456\u0441\u0442\u044c.<\/p>\n\n<p>\u041f\u0440\u0435\u0442\u0435\u043d\u0437\u0456\u0457 \u0449\u043e\u0434\u043e \u0432\u0456\u0434\u043f\u043e\u0432\u0456\u0434\u0430\u043b\u044c\u043d\u043e\u0441\u0442\u0456 \u0437\u0430 \u043c\u0430\u0442\u0435\u0440\u0456\u0430\u043b\u044c\u043d\u0456 \u0430\u0431\u043e \u043d\u0435\u043c\u0430\u0442\u0435\u0440\u0456\u0430\u043b\u044c\u043d\u0456 \u0437\u0431\u0438\u0442\u043a\u0438, \u0441\u043f\u0440\u0438\u0447\u0438\u043d\u0435\u043d\u0456 \u0432\u0438\u043a\u043e\u0440\u0438\u0441\u0442\u0430\u043d\u043d\u044f\u043c \u0430\u0431\u043e \u043d\u0435\u0432\u0438\u043a\u043e\u0440\u0438\u0441\u0442\u0430\u043d\u043d\u044f\u043c \u043d\u0430\u0434\u0430\u043d\u043e\u0457 \u0456\u043d\u0444\u043e\u0440\u043c\u0430\u0446\u0456\u0457, \u043d\u0435 \u043f\u0440\u0438\u0439\u043c\u0430\u044e\u0442\u044c\u0441\u044f, \u0437\u0430 \u0432\u0438\u043d\u044f\u0442\u043a\u043e\u043c \u0432\u0438\u043f\u0430\u0434\u043a\u0456\u0432, \u043a\u043e\u043b\u0438 \u0434\u043e\u0432\u0435\u0434\u0435\u043d\u043e \u043d\u0430\u044f\u0432\u043d\u0456\u0441\u0442\u044c \u0443\u043c\u0438\u0441\u043b\u0443 \u0430\u0431\u043e \u0433\u0440\u0443\u0431\u043e\u0457 \u043d\u0435\u0434\u0431\u0430\u043b\u043e\u0441\u0442\u0456.<\/p>\n\n<h2 class=\"wp-block-heading\"><strong>13. \u0412\u0456\u0434\u043f\u043e\u0432\u0456\u0434\u0430\u043b\u044c\u043d\u0456\u0441\u0442\u044c \u0437\u0430 \u0437\u043e\u0432\u043d\u0456\u0448\u043d\u0456 \u043f\u043e\u0441\u0438\u043b\u0430\u043d\u043d\u044f<\/strong><\/h2>\n\n<p>\u041d\u0430\u0448 \u0432\u0435\u0431-\u0441\u0430\u0439\u0442 \u043c\u043e\u0436\u0435 \u043c\u0456\u0441\u0442\u0438\u0442\u0438 \u043f\u043e\u0441\u0438\u043b\u0430\u043d\u043d\u044f \u043d\u0430 \u0437\u043e\u0432\u043d\u0456\u0448\u043d\u0456 \u0432\u0435\u0431-\u0441\u0430\u0439\u0442\u0438 \u0442\u0440\u0435\u0442\u0456\u0445 \u0441\u0442\u043e\u0440\u0456\u043d, \u043d\u0430\u0434 \u0437\u043c\u0456\u0441\u0442\u043e\u043c \u044f\u043a\u0438\u0445 \u043c\u0438 \u043d\u0435 \u043c\u0430\u0454\u043c\u043e \u043a\u043e\u043d\u0442\u0440\u043e\u043b\u044e.<\/p>\n\n<p>\u0422\u043e\u043c\u0443 \u043c\u0438 \u043d\u0435 \u043c\u043e\u0436\u0435\u043c\u043e \u043d\u0435\u0441\u0442\u0438 \u0436\u043e\u0434\u043d\u043e\u0457 \u0432\u0456\u0434\u043f\u043e\u0432\u0456\u0434\u0430\u043b\u044c\u043d\u043e\u0441\u0442\u0456 \u0437\u0430 \u0442\u0430\u043a\u0438\u0439 \u0437\u043e\u0432\u043d\u0456\u0448\u043d\u0456\u0439 \u043a\u043e\u043d\u0442\u0435\u043d\u0442. \u0412\u0456\u0434\u043f\u043e\u0432\u0456\u0434\u0430\u043b\u044c\u043d\u0456\u0441\u0442\u044c \u0437\u0430 \u0437\u043c\u0456\u0441\u0442 \u0432\u0435\u0431-\u0441\u0430\u0439\u0442\u0456\u0432, \u043d\u0430 \u044f\u043a\u0456 \u0432\u0435\u0434\u0443\u0442\u044c \u043f\u043e\u0441\u0438\u043b\u0430\u043d\u043d\u044f, \u0437\u0430\u0432\u0436\u0434\u0438 \u043d\u0435\u0441\u0435 \u0432\u0456\u0434\u043f\u043e\u0432\u0456\u0434\u043d\u0438\u0439 \u043f\u043e\u0441\u0442\u0430\u0447\u0430\u043b\u044c\u043d\u0438\u043a \u0430\u0431\u043e \u043e\u043f\u0435\u0440\u0430\u0442\u043e\u0440 \u0446\u0438\u0445 \u0441\u0430\u0439\u0442\u0456\u0432. <\/p>\n\n<h2 class=\"wp-block-heading\"><strong>14. \u0406\u043d\u0442\u0435\u043b\u0435\u043a\u0442\u0443\u0430\u043b\u044c\u043d\u0430 \u0432\u043b\u0430\u0441\u043d\u0456\u0441\u0442\u044c \/ \u0410\u0432\u0442\u043e\u0440\u0441\u044c\u043a\u0435 \u043f\u0440\u0430\u0432\u043e<\/strong><\/h2>\n\n<p>\u0423\u0441\u0456 \u0442\u0435\u043a\u0441\u0442\u0438, \u0437\u043e\u0431\u0440\u0430\u0436\u0435\u043d\u043d\u044f, \u0433\u0440\u0430\u0444\u0456\u0447\u043d\u0456 \u0435\u043b\u0435\u043c\u0435\u043d\u0442\u0438, \u043b\u043e\u0433\u043e\u0442\u0438\u043f\u0438, \u0435\u043b\u0435\u043c\u0435\u043d\u0442\u0438 \u0434\u0438\u0437\u0430\u0439\u043d\u0443 \u0442\u0430 \u0456\u043d\u0448\u0438\u0439 \u043a\u043e\u043d\u0442\u0435\u043d\u0442, \u043e\u043f\u0443\u0431\u043b\u0456\u043a\u043e\u0432\u0430\u043d\u0456 \u043d\u0430 \u0446\u044c\u043e\u043c\u0443 \u0432\u0435\u0431-\u0441\u0430\u0439\u0442\u0456, \u0437\u0430\u0445\u0438\u0449\u0435\u043d\u0456 \u043c\u0456\u0436\u043d\u0430\u0440\u043e\u0434\u043d\u0438\u043c \u0437\u0430\u043a\u043e\u043d\u043e\u0434\u0430\u0432\u0441\u0442\u0432\u043e\u043c \u043f\u0440\u043e \u0430\u0432\u0442\u043e\u0440\u0441\u044c\u043a\u0435 \u043f\u0440\u0430\u0432\u043e.<\/p>\n\n<p>\u0411\u0443\u0434\u044c-\u044f\u043a\u0435 \u0432\u0456\u0434\u0442\u0432\u043e\u0440\u0435\u043d\u043d\u044f, \u0440\u0435\u0434\u0430\u0433\u0443\u0432\u0430\u043d\u043d\u044f, \u0440\u043e\u0437\u043f\u043e\u0432\u0441\u044e\u0434\u0436\u0435\u043d\u043d\u044f \u0430\u0431\u043e \u0432\u0438\u043a\u043e\u0440\u0438\u0441\u0442\u0430\u043d\u043d\u044f, \u0449\u043e \u0432\u0438\u0445\u043e\u0434\u0438\u0442\u044c \u0437\u0430 \u043c\u0435\u0436\u0456 \u0437\u0430\u043a\u043e\u043d\u0443 \u043f\u0440\u043e \u0430\u0432\u0442\u043e\u0440\u0441\u044c\u043a\u0435 \u043f\u0440\u0430\u0432\u043e, \u0432\u0438\u043c\u0430\u0433\u0430\u0454 \u043f\u043e\u043f\u0435\u0440\u0435\u0434\u043d\u044c\u043e\u0457 \u043f\u0438\u0441\u044c\u043c\u043e\u0432\u043e\u0457 \u0437\u0433\u043e\u0434\u0438 \u043a\u043e\u043c\u043f\u0430\u043d\u0456\u0457 Soraca Med.<\/p>\n\n<h2 class=\"wp-block-heading\"><strong>15. \u041e\u043d\u043b\u0430\u0439\u043d-\u0432\u0440\u0435\u0433\u0443\u043b\u044e\u0432\u0430\u043d\u043d\u044f \u0441\u043f\u043e\u0440\u0456\u0432 (ODR)<\/strong><\/h2>\n\n<p>\u0404\u0432\u0440\u043e\u043f\u0435\u0439\u0441\u044c\u043a\u0430 \u043a\u043e\u043c\u0456\u0441\u0456\u044f \u043d\u0430\u0434\u0430\u0454 \u043f\u043b\u0430\u0442\u0444\u043e\u0440\u043c\u0443 \u0434\u043b\u044f \u0432\u0438\u0440\u0456\u0448\u0435\u043d\u043d\u044f \u0441\u043f\u043e\u0440\u0456\u0432 \u0432 \u0406\u043d\u0442\u0435\u0440\u043d\u0435\u0442\u0456 (ODR):<br\/><a href=\"https:\/\/ec.europa.eu\/consumers\/odr\/\" rel=\"nofollow noopener\" target=\"_blank\">https:\/\/ec.europa.eu\/consumers\/odr\/<\/a><\/p>\n\n<p>\u041c\u0438 \u043d\u0435 \u0437\u043e\u0431\u043e\u0432&#8217;\u044f\u0437\u0430\u043d\u0456 \u0456 \u043d\u0435 \u0431\u0430\u0436\u0430\u0454\u043c\u043e \u0431\u0440\u0430\u0442\u0438 \u0443\u0447\u0430\u0441\u0442\u044c \u0443 \u043f\u0440\u043e\u0446\u0435\u0434\u0443\u0440\u0430\u0445 \u0432\u0438\u0440\u0456\u0448\u0435\u043d\u043d\u044f \u0441\u043f\u043e\u0440\u0456\u0432 \u0443 \u0441\u043f\u043e\u0436\u0438\u0432\u0447\u0456\u0439 \u0430\u0440\u0431\u0456\u0442\u0440\u0430\u0436\u043d\u0456\u0439 \u043a\u043e\u043c\u0456\u0441\u0456\u0457.<\/p>\n\n<h2 class=\"wp-block-heading\"><strong>16. \u0417\u0430\u0441\u0442\u043e\u0441\u043e\u0432\u043d\u0435 \u043f\u0440\u0430\u0432\u043e<\/strong><\/h2>\n\n<p>\u0426\u0435\u0439 \u0432\u0435\u0431-\u0441\u0430\u0439\u0442 \u0442\u0430 \u0439\u043e\u0433\u043e \u043f\u043e\u0441\u043b\u0443\u0433\u0438 \u0440\u0435\u0433\u0443\u043b\u044e\u044e\u0442\u044c\u0441\u044f \u0437\u0430\u043a\u043e\u043d\u043e\u0434\u0430\u0432\u0441\u0442\u0432\u043e\u043c \u0422\u0443\u0440\u0435\u0446\u044c\u043a\u043e\u0457 \u0420\u0435\u0441\u043f\u0443\u0431\u043b\u0456\u043a\u0438.<\/p>\n","protected":false},"excerpt":{"rendered":"<p>\u0406\u043d\u0444\u043e\u0440\u043c\u0430\u0446\u0456\u044f \u0432\u0456\u0434\u043f\u043e\u0432\u0456\u0434\u043d\u043e \u0434\u043e \u00a7 5 \u0417\u0430\u043a\u043e\u043d\u0443 \u043f\u0440\u043e \u0442\u0435\u043b\u0435\u043c\u0435\u0434\u0456\u0430 (\u041d\u0456\u043c\u0435\u0447\u0447\u0438\u043d\u0430), \u00a7 55 \u0420\u0430\u043c\u043e\u0447\u043d\u043e\u0457 \u0443\u0433\u043e\u0434\u0438 \u043f\u0440\u043e \u0442\u0435\u043b\u0435\u0431\u0430\u0447\u0435\u043d\u043d\u044f \u0442\u0430 \u0432\u0438\u043c\u043e\u0433 \u0404\u0421 \u0449\u043e\u0434\u043e \u043f\u0440\u043e\u0437\u043e\u0440\u043e\u0441\u0442\u0456. 1. \u041e\u043f\u0435\u0440\u0430\u0442\u043e\u0440 \u0432\u0435\u0431-\u0441\u0430\u0439\u0442\u0443 Soraca Med 2. \u0417\u0430\u0440\u0435\u0454\u0441\u0442\u0440\u043e\u0432\u0430\u043d\u0430 \u043d\u0430\u0437\u0432\u0430 \u043f\u0456\u0434\u043f\u0440\u0438\u0454\u043c\u0441\u0442\u0432\u0430 Soraca Med\u0437\u0430\u0439\u043c\u0430\u0454\u0442\u044c\u0441\u044f \u043a\u043e\u043e\u0440\u0434\u0438\u043d\u0430\u0446\u0456\u0454\u044e \u043c\u0435\u0434\u0438\u0447\u043d\u043e\u0433\u043e \u0442\u0443\u0440\u0438\u0437\u043c\u0443 \u0442\u0430 \u043d\u0430\u0434\u0430\u043d\u043d\u044f\u043c \u043f\u043e\u0441\u043b\u0443\u0433 \u0443 \u0441\u0444\u0435\u0440\u0456 \u0435\u0441\u0442\u0435\u0442\u0438\u0447\u043d\u043e\u0457 \u043c\u0435\u0434\u0438\u0446\u0438\u043d\u0438. 3. \u042e\u0440\u0438\u0434\u0438\u0447\u043d\u0430 \u0430\u0434\u0440\u0435\u0441\u0430 \/ \u0410\u0434\u0440\u0435\u0441\u0430 \u043f\u0456\u0434\u043f\u0440\u0438\u0454\u043c\u0441\u0442\u0432\u0430 Ku\u015fkava\u011f\u0131, 542. Sk. No:4\/B 07070 Konyaalt\u0131 \/ Antalya [&hellip;]<\/p>\n","protected":false},"author":8,"featured_media":0,"parent":0,"menu_order":0,"comment_status":"closed","ping_status":"closed","template":"","meta":{"_acf_changed":false,"site-sidebar-layout":"default","site-content-layout":"","ast-site-content-layout":"default","site-content-style":"default","site-sidebar-style":"default","ast-global-header-display":"","ast-banner-title-visibility":"","ast-main-header-display":"","ast-hfb-above-header-display":"","ast-hfb-below-header-display":"","ast-hfb-mobile-header-display":"","site-post-title":"","ast-breadcrumbs-content":"","ast-featured-img":"","footer-sml-layout":"","ast-disable-related-posts":"","theme-transparent-header-meta":"","adv-header-id-meta":"","stick-header-meta":"","header-above-stick-meta":"","header-main-stick-meta":"","header-below-stick-meta":"","astra-migrate-meta-layouts":"default","ast-page-background-enabled":"default","ast-page-background-meta":{"desktop":{"background-color":"","background-image":"","background-repeat":"repeat","background-position":"center center","background-size":"auto","background-attachment":"scroll","background-type":"","background-media":"","overlay-type":"","overlay-color":"","overlay-opacity":"","overlay-gradient":""},"tablet":{"background-color":"","background-image":"","background-repeat":"repeat","background-position":"center center","background-size":"auto","background-attachment":"scroll","background-type":"","background-media":"","overlay-type":"","overlay-color":"","overlay-opacity":"","overlay-gradient":""},"mobile":{"background-color":"","background-image":"","background-repeat":"repeat","background-position":"center center","background-size":"auto","background-attachment":"scroll","background-type":"","background-media":"","overlay-type":"","overlay-color":"","overlay-opacity":"","overlay-gradient":""}},"ast-content-background-meta":{"desktop":{"background-color":"var(--ast-global-color-5)","background-image":"","background-repeat":"repeat","background-position":"center center","background-size":"auto","background-attachment":"scroll","background-type":"","background-media":"","overlay-type":"","overlay-color":"","overlay-opacity":"","overlay-gradient":""},"tablet":{"background-color":"var(--ast-global-color-5)","background-image":"","background-repeat":"repeat","background-position":"center center","background-size":"auto","background-attachment":"scroll","background-type":"","background-media":"","overlay-type":"","overlay-color":"","overlay-opacity":"","overlay-gradient":""},"mobile":{"background-color":"var(--ast-global-color-5)","background-image":"","background-repeat":"repeat","background-position":"center center","background-size":"auto","background-attachment":"scroll","background-type":"","background-media":"","overlay-type":"","overlay-color":"","overlay-opacity":"","overlay-gradient":""}},"footnotes":""},"class_list":["post-51107","page","type-page","status-publish","hentry"],"acf":[],"_links":{"self":[{"href":"https:\/\/soracamed.com\/uk\/wp-json\/wp\/v2\/pages\/51107","targetHints":{"allow":["GET"]}}],"collection":[{"href":"https:\/\/soracamed.com\/uk\/wp-json\/wp\/v2\/pages"}],"about":[{"href":"https:\/\/soracamed.com\/uk\/wp-json\/wp\/v2\/types\/page"}],"author":[{"embeddable":true,"href":"https:\/\/soracamed.com\/uk\/wp-json\/wp\/v2\/users\/8"}],"replies":[{"embeddable":true,"href":"https:\/\/soracamed.com\/uk\/wp-json\/wp\/v2\/comments?post=51107"}],"version-history":[{"count":0,"href":"https:\/\/soracamed.com\/uk\/wp-json\/wp\/v2\/pages\/51107\/revisions"}],"wp:attachment":[{"href":"https:\/\/soracamed.com\/uk\/wp-json\/wp\/v2\/media?parent=51107"}],"curies":[{"name":"wp","href":"https:\/\/api.w.org\/{rel}","templated":true}]}}